{"id":6,"date":"2025-01-28T17:18:41","date_gmt":"2025-01-28T16:18:41","guid":{"rendered":"http:\/\/ilg.usc.gal\/agon\/?page_id=6"},"modified":"2025-09-12T17:48:57","modified_gmt":"2025-09-12T15:48:57","slug":"actividades","status":"publish","type":"page","link":"https:\/\/ilg.usc.gal\/agon\/actividades\/","title":{"rendered":"Actividades"},"content":{"rendered":"\n<div class=\"wp-block-columns is-layout-flex wp-container-core-columns-is-layout-28f84493 wp-block-columns-is-layout-flex\">\n<div class=\"wp-block-column is-layout-flow wp-block-column-is-layout-flow\">\n<h2 class=\"wp-block-heading\">Anos 2010-2025<\/h2>\n\n\n\n<ul class=\"wp-block-list\">\n<li>Durante estes anos a AGOn sacou \u00e1 luz, xunto coa Real Academia Galega (RAG) a colecci\u00f3n Terra Nomeada de toponimia dos concellos de Galicia. Poden consultarse os volumes publicados, once ata o presente, na secci\u00f3n de publicaci\u00f3ns da web da RAG.<\/li>\n<\/ul>\n\n\n\n<h2 class=\"wp-block-heading\">Ano 2023<\/h2>\n\n\n\n<ul class=\"wp-block-list\">\n<li>Carta \u00e1 alcald\u00eda de Padr\u00f3n para que reconsidere a substituci\u00f3n do nome tradicional <em>Praza das Travesas<\/em> por un nome conmemorativo.<\/li>\n<\/ul>\n\n\n\n<h2 class=\"wp-block-heading\">Ano 2022<\/h2>\n\n\n\n<ul class=\"wp-block-list\">\n<li>Carta \u00e1 alcald\u00eda de Tui para suxerirlle que, ante o anuncio de que o concello vai mudar os nomes dalgunhas r\u00faas da capital, que recorra \u00e1 microtoponimia.<\/li>\n<\/ul>\n\n\n\n<h2 class=\"wp-block-heading\">Ano 2020<\/h2>\n\n\n\n<ul class=\"wp-block-list\">\n<li>Carta \u00e1 alcald\u00eda de Ponte Caldelas para que reconsidere a substituci\u00f3n de hod\u00f3nimos tradicionais, como <em>Fonte do Chafar\u00eds<\/em>,&nbsp; por nomes conmemorativos.<\/li>\n<\/ul>\n\n\n\n<h2 class=\"wp-block-heading\">Ano 2014<\/h2>\n\n\n\n<ul class=\"wp-block-list\">\n<li>Carta \u00e1 alcald\u00eda de Vigo para que utilice o top\u00f3nimo <em>Peniche<\/em>, \u00fanico en Galicia, para denominar un cruzamento da cidade, no canto do top\u00f3nimo de repertorio <em>Praza da Aperta<\/em><\/li>\n<\/ul>\n\n\n\n<h2 class=\"wp-block-heading\">Ano 2012<\/h2>\n\n\n\n<ul class=\"wp-block-list\">\n<li>Carta \u00e1 alcald\u00eda de Santiago para suxerirlle, ante o anuncio de darlles nomes conmemorativos&nbsp; de organismos e personalidades civ\u00eds e relixiosas a novas r\u00faas, que reconsidere o cambio e utilice top\u00f3nimos tradicionais.<\/li>\n<\/ul>\n\n\n\n<h2 class=\"wp-block-heading\">Ano 2011<\/h2>\n\n\n\n<ul class=\"wp-block-list\">\n<li>Carta \u00f3 Ministerio de Cultura sobre a deturpaci\u00f3n de top\u00f3nimos galegos&nbsp; no portal <em>Espa\u00f1a es Cultura<\/em> \/ <em>Spain is Culture<\/em>.<\/li>\n<\/ul>\n\n\n\n<h2 class=\"wp-block-heading\">Ano 2010<\/h2>\n\n\n\n<ul class=\"wp-block-list\">\n<li>Carta \u00e1 Real Academia Galega para que inste \u00e1 Xunta a usar o nome galego do papa Bieito XVI.<\/li>\n\n\n\n<li>Carta \u00e1 alcald\u00eda de Poio sobre o cambio dun nome de r\u00faa tradicional (<em>R\u00faa do Adro<\/em>) por un nome conmemorativo.<\/li>\n\n\n\n<li>A AGOn colaborou con Etnoga Patrimonio Cultural S.L na elaboraci\u00f3n do xogo did\u00e1ctico<em> <strong>aTOPando Compostela<\/strong><\/em>, un xogo de mesa co que se pretende achegarlle ao alumnado, dun xeito l\u00fadico, a familiarizaci\u00f3n cos nomes de lugar do concello e o interese pola toponimia. Promove este xogo, que sair\u00e1 do prelo a finais de ano, a Concellar\u00eda de Normalizaci\u00f3n Ling\u00fc\u00edstica do Concello de Santiago.<\/li>\n<\/ul>\n<\/div>\n\n\n\n<div class=\"wp-block-column is-layout-flow wp-block-column-is-layout-flow\">\n<h2 class=\"wp-block-heading\">Ano 2008<\/h2>\n\n\n\n<ul class=\"wp-block-list\">\n<li>Coorganizaci\u00f3n xunto co Instituto da Lingua Galega do Simposio ILG 2008 <em>Toponimia e cartograf\u00eda.<\/em> Formaron parte do seu comit\u00e9 organizador os membros da Asociaci\u00f3n Gonzalo Navaza e Luz M\u00e9ndez, e do seu comit\u00e9 cient\u00edfico Ana Boull\u00f3n. V\u00e9xase <a href=\"http:\/\/ilg.usc.gal\/ilgas\/simposio_2008\">http:\/\/ilg.usc.es\/ilgas\/simposio_2008<\/a>.<\/li>\n<\/ul>\n\n\n\n<h2 class=\"wp-block-heading\">Ano 2006<\/h2>\n\n\n\n<ul class=\"wp-block-list\">\n<li>Organizaci\u00f3n do <em>II Congreso Internacional de Onom\u00e1stica Galega<\/em>, celebrado en Pontevedra os d\u00edas 19, 20 e 21 de outubro de 2006, xunto co Instituto da Lingua Galega e a Universidade de Vigo. L\u00e9ronse 56 comunicaci\u00f3ns, amais de tres conferencias plenarias e tres mesas redondas.<\/li>\n<\/ul>\n\n\n\n<h2 class=\"wp-block-heading\">Ano 2005<\/h2>\n\n\n\n<ul class=\"wp-block-list\">\n<li>Informe sobre o nome Pepe<\/li>\n<\/ul>\n\n\n\n<h2 class=\"wp-block-heading\">Ano 2003<\/h2>\n\n\n\n<ul class=\"wp-block-list\">\n<li>Carta \u00f3 alcalde do concello de Lal\u00edn sobre a recuperaci\u00f3n e o respecto da toponimia aut\u00f3ctona con motivo dos cambios no rueiro da capital do concello.<\/li>\n\n\n\n<li>Mesa redonda no concello de Lal\u00edn sobre toponimia urbana.<\/li>\n\n\n\n<li>Carta \u00f3 alcalde do concello da Estrada sobre a recuperaci\u00f3n e o respecto da toponimia aut\u00f3ctona con motivo dos cambios no rueiro da capital do concello.<\/li>\n<\/ul>\n\n\n\n<h2 class=\"wp-block-heading\">Ano 2002<\/h2>\n\n\n\n<ul class=\"wp-block-list\">\n<li>Proposta asinada xunto coa Federaci\u00f3n das Asociaci\u00f3ns de Veci\u00f1os de Vigo, a Universidade de Vigo, o Instituto de Estudios Vigueses e a Comisi\u00f3n de Toponimia e remitida \u00e1 Conceller\u00eda de Patrimonio Hist\u00f3rico do Concello de Vigo para a conservaci\u00f3n e o respecto \u00e1 toponimia tradicional.<\/li>\n\n\n\n<li>Organizaci\u00f3n do <em>Congreso Internacional de Onom\u00e1stica Galega Frei Mart\u00edn Sarmiento.<\/em> Facultade de Filolox\u00eda. Santiago de Compostela, 2-4 de setembro de 2002, organizado pola Asociaci\u00f3n Galega de Onom\u00e1stica, o Instituto da Lingua Galega e a Real Academia Galega. Participaron 107 congresistas, e entre eles, 47 presentaron comunicaci\u00f3ns sobre distintos aspectos da onom\u00e1stica galega. Houbo tam\u00e9n unha conferencia plenaria e varias mesas redondas. A propia asociaci\u00f3n publicou as <a href=\"http:\/\/ilg.usc.es\/agon\/wp-content\/uploads\/2010\/09\/Indice_-ACTAS_I_Congreso.doc\">actas<\/a><\/li>\n<\/ul>\n<\/div>\n<\/div>\n","protected":false},"excerpt":{"rendered":"<p>Anos 2010-2025 Ano 2023 Ano 2022 Ano 2020 Ano 2014 Ano 2012 Ano 2011 Ano 2010 Ano 2008 Ano 2006 Ano 2005 Ano 2003 Ano 2002<\/p>\n","protected":false},"author":1,"featured_media":0,"parent":0,"menu_order":0,"comment_status":"closed","ping_status":"closed","template":"","meta":{"_acf_changed":false,"footnotes":""},"class_list":["post-6","page","type-page","status-publish","hentry"],"acf":[],"mb":[],"mfb_rest_fields":["title"],"_links":{"self":[{"href":"https:\/\/ilg.usc.gal\/agon\/wp-json\/wp\/v2\/pages\/6","targetHints":{"allow":["GET"]}}],"collection":[{"href":"https:\/\/ilg.usc.gal\/agon\/wp-json\/wp\/v2\/pages"}],"about":[{"href":"https:\/\/ilg.usc.gal\/agon\/wp-json\/wp\/v2\/types\/page"}],"author":[{"embeddable":true,"href":"https:\/\/ilg.usc.gal\/agon\/wp-json\/wp\/v2\/users\/1"}],"replies":[{"embeddable":true,"href":"https:\/\/ilg.usc.gal\/agon\/wp-json\/wp\/v2\/comments?post=6"}],"version-history":[{"count":1,"href":"https:\/\/ilg.usc.gal\/agon\/wp-json\/wp\/v2\/pages\/6\/revisions"}],"predecessor-version":[{"id":4546,"href":"https:\/\/ilg.usc.gal\/agon\/wp-json\/wp\/v2\/pages\/6\/revisions\/4546"}],"wp:attachment":[{"href":"https:\/\/ilg.usc.gal\/agon\/wp-json\/wp\/v2\/media?parent=6"}],"curies":[{"name":"wp","href":"https:\/\/api.w.org\/{rel}","templated":true}]}}