{"id":88,"date":"2025-01-28T18:21:00","date_gmt":"2025-01-28T17:21:00","guid":{"rendered":"http:\/\/ilg.usc.gal\/agon\/?page_id=88"},"modified":"2025-01-29T18:25:28","modified_gmt":"2025-01-29T17:25:28","slug":"agon-asociacion-galega-de-onomastica","status":"publish","type":"page","link":"https:\/\/ilg.usc.gal\/agon\/","title":{"rendered":"AGON. Asociaci\u00f3n Galega de Onom\u00e1stica"},"content":{"rendered":"\n<div class=\"wp-block-columns are-vertically-aligned-center is-not-stacked-on-mobile is-layout-flex wp-container-core-columns-is-layout-28f84493 wp-block-columns-is-layout-flex\">\n<div class=\"wp-block-column is-vertically-aligned-center is-layout-flow wp-block-column-is-layout-flow\" style=\"flex-basis:55%\">\n<p class=\"has-text-align-left\" style=\"font-size:clamp(0.929rem, 0.929rem + ((1vw - 0.2rem) * 0.739), 1.4rem);\">AGON \u00e9 unha asociaci\u00f3n que ten o fin de impulsar traballos dedicados \u00e1 conservaci\u00f3n, divulgaci\u00f3n e investigaci\u00f3n dos nomes de persoas e de lugar. O seu \u00e1mbito non s\u00f3 se circunscribe aos l\u00edmites pol\u00edticos da Galicia actual, abrangue tam\u00e9n os territorios lim\u00edtrofes, tanto de Espa\u00f1a coma de Portugal, pertencentes \u00e1 Gallaecia hist\u00f3rica.<\/p>\n<\/div>\n\n\n\n<div class=\"wp-block-column is-vertically-aligned-center is-layout-flow wp-block-column-is-layout-flow\" style=\"flex-basis:45%\">\n<figure class=\"wp-block-image size-large\"><img loading=\"lazy\" decoding=\"async\" width=\"1024\" height=\"1024\" src=\"http:\/\/ilg.usc.gal\/agon\/wp-content\/uploads\/2025\/01\/agon_onomastica-1024x1024.png\" alt=\"\" class=\"wp-image-478\" srcset=\"https:\/\/ilg.usc.gal\/agon\/wp-content\/uploads\/2025\/01\/agon_onomastica-1024x1024.png 1024w, https:\/\/ilg.usc.gal\/agon\/wp-content\/uploads\/2025\/01\/agon_onomastica-300x300.png 300w, https:\/\/ilg.usc.gal\/agon\/wp-content\/uploads\/2025\/01\/agon_onomastica-150x150.png 150w, https:\/\/ilg.usc.gal\/agon\/wp-content\/uploads\/2025\/01\/agon_onomastica-768x768.png 768w, https:\/\/ilg.usc.gal\/agon\/wp-content\/uploads\/2025\/01\/agon_onomastica.png 1081w\" sizes=\"auto, (max-width: 1024px) 100vw, 1024px\" \/><\/figure>\n<\/div>\n<\/div>\n\n\n\n<div style=\"height:25px\" aria-hidden=\"true\" class=\"wp-block-spacer\"><\/div>\n\n\n\n<aside class=\"wp-block-group alignfull is-style-section-3 has-global-padding is-layout-constrained wp-container-core-group-is-layout-730322c9 wp-block-group-is-layout-constrained is-style-section-3--1\" style=\"margin-top:0;margin-bottom:0;padding-top:var(--wp--preset--spacing--40);padding-right:var(--wp--preset--spacing--40);padding-bottom:var(--wp--preset--spacing--40);padding-left:var(--wp--preset--spacing--40)\">\n<div class=\"wp-block-group is-vertical is-content-justification-center is-layout-flex wp-container-core-group-is-layout-71bc3ec8 wp-block-group-is-layout-flex\" style=\"min-height:360px;margin-top:0;margin-bottom:0;padding-top:0;padding-bottom:0\">\n<h2 class=\"wp-block-heading has-text-align-center has-base-color has-text-color has-link-color has-xx-large-font-size wp-elements-bc2def538780287c79f9df03a4a039d1\">As\u00f3ciate a AGON<\/h2>\n\n\n\n<p class=\"has-text-align-center is-style-text-subtitle has-base-color has-text-color has-link-color wp-elements-45451eb115551fdc2211f88c4461b10e is-style-text-subtitle--2\">Se es investigador, estudante ou persoa con intereses na onom\u00e1stica, podes formar parte da nosa asociaci\u00f3n<\/p>\n\n\n\n<div style=\"height:0px\" aria-hidden=\"true\" class=\"wp-block-spacer wp-container-content-62aae154\"><\/div>\n\n\n\n<div class=\"wp-block-buttons is-content-justification-center is-layout-flex wp-container-core-buttons-is-layout-a89b3969 wp-block-buttons-is-layout-flex\">\n<div class=\"wp-block-button is-style-fill\"><a class=\"wp-block-button__link has-accent-1-color has-base-background-color has-text-color has-background has-link-color has-text-align-center wp-element-button\" href=\"http:\/\/ilg.usc.gal\/agon\/inscricion\/\">As\u00f3ciate<\/a><\/div>\n\n\n\n<div class=\"wp-block-button is-style-outline is-style-outline--3\"><a class=\"wp-block-button__link has-base-color has-text-color has-link-color has-text-align-center wp-element-button\" href=\"http:\/\/ilg.usc.gal\/agon\/presentacion\/\">M\u00e1is informaci\u00f3n<\/a><\/div>\n<\/div>\n<\/div>\n<\/aside>\n\n\n\n<div style=\"height:50px\" aria-hidden=\"true\" class=\"wp-block-spacer\"><\/div>\n\n\n\n<div class=\"wp-block-query has-global-padding is-content-justification-left is-layout-constrained wp-container-core-query-is-layout-81d4e86f wp-block-query-is-layout-constrained\"><ul class=\"columns-2 wp-block-post-template is-layout-grid wp-container-core-post-template-is-layout-d486d538 wp-block-post-template-is-layout-grid\"><li class=\"wp-block-post post-4602 post type-post status-publish format-standard hentry category-sen-categoria\">\n\n<div class=\"wp-block-group is-layout-flow wp-block-group-is-layout-flow\" style=\"padding-top:30px;padding-right:30px;padding-bottom:30px;padding-left:30px\"><h2 class=\"wp-block-post-title\"><a href=\"https:\/\/ilg.usc.gal\/agon\/cruxeiras\/\" target=\"_self\" >Cruxeiras<\/a><\/h2>\n\n<div class=\"wp-block-post-date\"><time datetime=\"2026-03-12T12:04:43+01:00\">12 Marzo, 2026<\/time><\/div>\n\n<div class=\"wp-block-post-excerpt has-medium-font-size\"><p class=\"wp-block-post-excerpt__excerpt\">O nome de lugar&nbsp;Cruxeiras&nbsp;prov\u00e9n do substantivo&nbsp;curuxeiras&nbsp;\u2018lugar onde ani\u00f1an e habitan as curuxas\u2019, en referencia a un lugar penedoso, agachado e de dif\u00edcil acceso, pois as curuxas son aves t\u00edmidas que refugan a presenza humana. O top\u00f3nimo&nbsp;Cruxeiras&nbsp;do concello de Ribeira&nbsp; deu lugar ao apelido, que ten nese mesmo concello a maior densidade e n\u00famero, a\u00ednda que&hellip; <\/p><\/div><\/div>\n\n<\/li><li class=\"wp-block-post post-3416 post type-post status-publish format-standard hentry category-sen-categoria\">\n\n<div class=\"wp-block-group is-layout-flow wp-block-group-is-layout-flow\" style=\"padding-top:30px;padding-right:30px;padding-bottom:30px;padding-left:30px\"><h2 class=\"wp-block-post-title\"><a href=\"https:\/\/ilg.usc.gal\/agon\/o-nome-iria\/\" target=\"_self\" >O nome Iria<\/a><\/h2>\n\n<div class=\"wp-block-post-date\"><time datetime=\"2024-04-29T12:14:00+02:00\">29 Abril, 2024<\/time><\/div>\n\n<div class=\"wp-block-post-excerpt has-medium-font-size\"><p class=\"wp-block-post-excerpt__excerpt\">O nome Iria\u00a0empezou a usarse timidamente na d\u00e9cada de 1960 (INE: Nombres por provincia y fecha de nacimiento) e entrou na lista de nomes galegos m\u00e1is frecuentes na d\u00e9cada de 1980 . Foi o primeiro nome de forma exclusiva galega que se popularizou e estaba entre os trinta m\u00e1is usados. Vinte anos despois, na d\u00e9cada&hellip; <\/p><\/div><\/div>\n\n<\/li><li class=\"wp-block-post post-3414 post type-post status-publish format-standard hentry category-sen-categoria\">\n\n<div class=\"wp-block-group is-layout-flow wp-block-group-is-layout-flow\" style=\"padding-top:30px;padding-right:30px;padding-bottom:30px;padding-left:30px\"><h2 class=\"wp-block-post-title\"><a href=\"https:\/\/ilg.usc.gal\/agon\/proxecto-toponimia-de-galicia-e-portugal\/\" target=\"_self\" >Proxecto Toponimia de Galicia e Portugal<\/a><\/h2>\n\n<div class=\"wp-block-post-date\"><time datetime=\"2023-11-14T10:32:00+01:00\">14 Novembro, 2023<\/time><\/div>\n\n<div class=\"wp-block-post-excerpt has-medium-font-size\"><p class=\"wp-block-post-excerpt__excerpt\">O proxecto\u00a0Toponimia de Galicia e Portugal, coordinado co Toponomasticon Hispaniae,\u00a0acaba de facer p\u00fablicos na s\u00faa p\u00e1xina web, entre outros, os seguintes top\u00f3nimos: Antas de Ulla, Barreiros, Barro, Cedeira, Lourenz\u00e1, Moeche, Pedrafrita do Cebreiro, Sanxenxo, Triacastela, Val do Dubra, Xunqueira de Amb\u00eda, Xunqueira de Espadanedo. Neles ofr\u00e9cese informaci\u00f3n sobre a etimolox\u00eda e moito m\u00e1is: aspectos hist\u00f3ricos,&hellip; <\/p><\/div><\/div>\n\n<\/li><li class=\"wp-block-post post-3413 post type-post status-publish format-standard hentry category-sen-categoria\">\n\n<div class=\"wp-block-group is-layout-flow wp-block-group-is-layout-flow\" style=\"padding-top:30px;padding-right:30px;padding-bottom:30px;padding-left:30px\"><h2 class=\"wp-block-post-title\"><a href=\"https:\/\/ilg.usc.gal\/agon\/en-memoria-de-elixio-rivas\/\" target=\"_self\" >En memoria de Elixio Rivas<\/a><\/h2>\n\n<div class=\"wp-block-post-date\"><time datetime=\"2022-09-26T09:58:00+02:00\">26 Setembro, 2022<\/time><\/div>\n\n<div class=\"wp-block-post-excerpt has-medium-font-size\"><p class=\"wp-block-post-excerpt__excerpt\">O 24 de setembro deixounos \u00f3s 97 anos o irm\u00e1n pa\u00fal Elixio Rivas Quintas, socio fundador da AGOn e Presidente de Honra desde 2002, e un dos principais estudosos da toponimia galega das \u00faltimas d\u00e9cadas. Foi distinguido cos premios Otero Pedrayo (1980), a Medalla Castelao (2000) e a Medalla de Ouro da Provincia de Ourense&hellip; <\/p><\/div><\/div>\n\n<\/li><\/ul><\/div>\n\n\n\n<div class=\"wp-block-buttons is-content-justification-center is-layout-flex wp-container-core-buttons-is-layout-a89b3969 wp-block-buttons-is-layout-flex\">\n<div class=\"wp-block-button is-style-outline is-style-outline--4\"><a class=\"wp-block-button__link has-accent-1-color has-text-color has-link-color wp-element-button\" href=\"http:\/\/ilg.usc.gal\/agon\/blog\/\">Ver m\u00e1is no blog<\/a><\/div>\n<\/div>\n","protected":false},"excerpt":{"rendered":"<p>AGON \u00e9 unha asociaci\u00f3n que ten o fin de impulsar traballos dedicados \u00e1 conservaci\u00f3n, divulgaci\u00f3n e investigaci\u00f3n dos nomes de persoas e de lugar. O seu \u00e1mbito non s\u00f3 se circunscribe aos l\u00edmites pol\u00edticos da Galicia actual, abrangue tam\u00e9n os territorios lim\u00edtrofes, tanto de Espa\u00f1a coma de Portugal, pertencentes \u00e1 Gallaecia hist\u00f3rica. As\u00f3ciate a AGON [&hellip;]<\/p>\n","protected":false},"author":1,"featured_media":0,"parent":0,"menu_order":0,"comment_status":"closed","ping_status":"closed","template":"page-no-title","meta":{"_acf_changed":false,"footnotes":""},"class_list":["post-88","page","type-page","status-publish","hentry"],"acf":[],"mb":[],"mfb_rest_fields":["title"],"_links":{"self":[{"href":"https:\/\/ilg.usc.gal\/agon\/wp-json\/wp\/v2\/pages\/88","targetHints":{"allow":["GET"]}}],"collection":[{"href":"https:\/\/ilg.usc.gal\/agon\/wp-json\/wp\/v2\/pages"}],"about":[{"href":"https:\/\/ilg.usc.gal\/agon\/wp-json\/wp\/v2\/types\/page"}],"author":[{"embeddable":true,"href":"https:\/\/ilg.usc.gal\/agon\/wp-json\/wp\/v2\/users\/1"}],"replies":[{"embeddable":true,"href":"https:\/\/ilg.usc.gal\/agon\/wp-json\/wp\/v2\/comments?post=88"}],"version-history":[{"count":0,"href":"https:\/\/ilg.usc.gal\/agon\/wp-json\/wp\/v2\/pages\/88\/revisions"}],"wp:attachment":[{"href":"https:\/\/ilg.usc.gal\/agon\/wp-json\/wp\/v2\/media?parent=88"}],"curies":[{"name":"wp","href":"https:\/\/api.w.org\/{rel}","templated":true}]}}