{"id":1024,"date":"2024-11-28T10:27:02","date_gmt":"2024-11-28T09:27:02","guid":{"rendered":"https:\/\/ilg.usc.gal\/ajlsantiago\/?page_id=1024"},"modified":"2026-03-25T12:32:11","modified_gmt":"2026-03-25T11:32:11","slug":"publicacion","status":"publish","type":"page","link":"https:\/\/ilg.usc.gal\/ajlsantiago\/publicacion","title":{"rendered":"Publicaci\u00f3n derivada do congreso"},"content":{"rendered":"\n<p class=\"has-neve-link-color-color has-nv-light-bg-background-color has-text-color has-background has-link-color wp-elements-cccd444dfa8d727a4818c4c2d7d07e17\"><strong>A publicaci\u00f3n derivada do congreso xa sa\u00edu do prelo! <\/strong><br>Fern\u00e1ndez Avil\u00e9s, Jorge &amp; Candela Sierra Rodr\u00edguez (eds.) (2026). <em>Perspectivas emerxentes nos estudos da ling\u00fc\u00edstica<\/em>. Universidade de Santiago de Compostela: Santiago de Compostela. <a href=\"https:\/\/dx.doi.org\/10.15304\/9788410142848\">https:\/\/dx.doi.org\/10.15304\/9788410142848<\/a><\/p>\n\n\n\n<p><strong>Convocatoria<\/strong><\/p>\n\n\n\n<p>O Comit\u00e9 organizador do XXXVIII Congreso Internacional da Asociaci\u00f3n de Novas Ling\u00fcistas convida \u00e1s participantes a enviar as s\u00faas contribuci\u00f3ns para formar parte da publicaci\u00f3n derivada do evento. <\/p>\n\n\n\n<p>As propostas recibidas pasar\u00e1n por un proceso de revisi\u00f3n previo \u00e1 publicaci\u00f3n.<\/p>\n\n\n\n<p>Con aquelas que superen o dito proceso publicarase un volume da colecci\u00f3n <a href=\"https:\/\/www.usc.gal\/libros\/gl\/90-cursos_e_congresos\"><em>Cursos e Congresos<\/em><\/a> de USC Editora, o selo editorial da USC.<\/p>\n\n\n\n<p><strong>Prazos<\/strong><\/p>\n\n\n\n<p>Data de entrega: ata o <strong>14 de marzo de 2025 \u00e1s 23.59h<\/strong> (hora peninsular)<\/p>\n\n\n\n<p class=\"has-text-color has-link-color wp-elements-11e55b2352fb75c8565c45b03a133339\" style=\"color:#e12525\">\u203c <strong>Prazo prorrogado ata o 31 de marzo de 2025 \u00e1s 23.59h (hora peninsular)<\/strong><\/p>\n\n\n\n<p><strong>Indicaci\u00f3ns para a entrega de orixinais<\/strong><\/p>\n\n\n\n<p>Tras comprobar que se cumpren as normas, enviarase o documento en formato .doc ou .docx titulado \u201cAPELIDO_NOME.docx\u201d. As imaxes, se corresponde, enviaranse en anexo en formato .jpg individuais ou nun arquivo comprimido .zip.<\/p>\n\n\n\n<p>Tanto os arquivos como as d\u00fabidas que poidan xurdir arredor da publicaci\u00f3n deber\u00e1n ser enviadas ao correo electr\u00f3nico: <a href=\"mailto:ajl.santiago@usc.gal\">ajl.santiago@usc.gal<\/a>.<\/p>\n\n\n\n<p><strong>Normas de publicaci\u00f3n<\/strong> (bot\u00f3n de descarga abaixo)<\/p>\n\n\n\n<div data-wp-interactive=\"core\/file\" class=\"wp-block-file\"><object data-wp-bind--hidden=\"!state.hasPdfPreview\" hidden class=\"wp-block-file__embed\" data=\"https:\/\/ilg.usc.gal\/ajlsantiago\/wp-content\/uploads\/2025\/03\/Normas-de-publicacion-AJL24-v2.pdf\" type=\"application\/pdf\" style=\"width:100%;height:900px\" aria-label=\"Incrustado de Normas de publicaci\u00f3n AJL24 v2.\"><\/object><a id=\"wp-block-file--media-fed0168f-d354-45f0-bb09-b249c9fbd01e\" href=\"https:\/\/ilg.usc.gal\/ajlsantiago\/wp-content\/uploads\/2025\/03\/Normas-de-publicacion-AJL24-v2.pdf\">Normas de publicaci\u00f3n AJL24 v2<\/a><a href=\"https:\/\/ilg.usc.gal\/ajlsantiago\/wp-content\/uploads\/2025\/03\/Normas-de-publicacion-AJL24-v2.pdf\" class=\"wp-block-file__button wp-element-button\" download aria-describedby=\"wp-block-file--media-fed0168f-d354-45f0-bb09-b249c9fbd01e\">Descarga\t <\/a><\/div>\n","protected":false},"excerpt":{"rendered":"<p>A publicaci\u00f3n derivada do congreso xa sa\u00edu do prelo! Fern\u00e1ndez Avil\u00e9s, Jorge &amp; Candela Sierra Rodr\u00edguez (eds.) (2026). Perspectivas emerxentes nos estudos da ling\u00fc\u00edstica. Universidade de Santiago de Compostela: Santiago de Compostela. https:\/\/dx.doi.org\/10.15304\/9788410142848 Convocatoria O Comit\u00e9 organizador do XXXVIII Congreso Internacional da Asociaci\u00f3n de Novas Ling\u00fcistas convida \u00e1s participantes a enviar as s\u00faas contribuci\u00f3ns para&hellip;&nbsp;<a href=\"https:\/\/ilg.usc.gal\/ajlsantiago\/publicacion\" rel=\"bookmark\">Ler m\u00e1is &raquo;<span class=\"screen-reader-text\">Publicaci\u00f3n derivada do congreso<\/span><\/a><\/p>\n","protected":false},"author":1,"featured_media":0,"parent":0,"menu_order":0,"comment_status":"closed","ping_status":"closed","template":"","meta":{"neve_meta_sidebar":"","neve_meta_container":"","neve_meta_enable_content_width":"","neve_meta_content_width":0,"neve_meta_title_alignment":"","neve_meta_author_avatar":"","neve_post_elements_order":"","neve_meta_disable_header":"","neve_meta_disable_footer":"","neve_meta_disable_title":"","footnotes":""},"class_list":["post-1024","page","type-page","status-publish","hentry"],"_links":{"self":[{"href":"https:\/\/ilg.usc.gal\/ajlsantiago\/wp-json\/wp\/v2\/pages\/1024","targetHints":{"allow":["GET"]}}],"collection":[{"href":"https:\/\/ilg.usc.gal\/ajlsantiago\/wp-json\/wp\/v2\/pages"}],"about":[{"href":"https:\/\/ilg.usc.gal\/ajlsantiago\/wp-json\/wp\/v2\/types\/page"}],"author":[{"embeddable":true,"href":"https:\/\/ilg.usc.gal\/ajlsantiago\/wp-json\/wp\/v2\/users\/1"}],"replies":[{"embeddable":true,"href":"https:\/\/ilg.usc.gal\/ajlsantiago\/wp-json\/wp\/v2\/comments?post=1024"}],"version-history":[{"count":19,"href":"https:\/\/ilg.usc.gal\/ajlsantiago\/wp-json\/wp\/v2\/pages\/1024\/revisions"}],"predecessor-version":[{"id":1102,"href":"https:\/\/ilg.usc.gal\/ajlsantiago\/wp-json\/wp\/v2\/pages\/1024\/revisions\/1102"}],"wp:attachment":[{"href":"https:\/\/ilg.usc.gal\/ajlsantiago\/wp-json\/wp\/v2\/media?parent=1024"}],"curies":[{"name":"wp","href":"https:\/\/api.w.org\/{rel}","templated":true}]}}