{"id":1032,"date":"2024-11-28T10:40:38","date_gmt":"2024-11-28T09:40:38","guid":{"rendered":"https:\/\/ilg.usc.gal\/ajlsantiago\/?page_id=1032"},"modified":"2026-03-25T12:32:41","modified_gmt":"2026-03-25T11:32:41","slug":"publicacion-es","status":"publish","type":"page","link":"https:\/\/ilg.usc.gal\/ajlsantiago\/es\/publicacion-es","title":{"rendered":"Publicaci\u00f3n derivada del congreso"},"content":{"rendered":"\n<p class=\"has-neve-link-color-color has-nv-light-bg-background-color has-text-color has-background has-link-color wp-elements-6275479731c36662e0bf91cc693fdf30\"><strong>A publicaci\u00f3n derivada do congreso xa sa\u00edu do prelo! <\/strong><br>Fern\u00e1ndez Avil\u00e9s, Jorge &amp; Candela Sierra Rodr\u00edguez (eds.) (2026). <em>Perspectivas emerxentes nos estudos da ling\u00fc\u00edstica<\/em>. Universidade de Santiago de Compostela: Santiago de Compostela. <a href=\"https:\/\/dx.doi.org\/10.15304\/9788410142848\">https:\/\/dx.doi.org\/10.15304\/9788410142848<\/a><\/p>\n\n\n\n<p><strong>Convocatoria<\/strong><\/p>\n\n\n\n<p>El Comit\u00e9 organizador del XXXVIII Congreso Internacional de la Asociaci\u00f3n de J\u00f3venes Ling\u00fcistas invita a las personas participantes a enviar sus contribuciones para formar parte de la publicaci\u00f3n derivada del evento.<\/p>\n\n\n\n<p>Las propuestas recibidas pasar\u00e1n por un proceso de revisi\u00f3n previo a su publicaci\u00f3n.<\/p>\n\n\n\n<p>Con aquellas que superen dicho proceso se publicar\u00e1 un volumen de la colecci\u00f3n <a href=\"https:\/\/www.usc.gal\/libros\/gl\/90-cursos_e_congresos\"><em>Cursos e Congresos<\/em><\/a> de USC Editora, el sello editorial de la USC.<\/p>\n\n\n\n<p><strong>Plazos<\/strong><\/p>\n\n\n\n<p>Fecha de entrega: hasta el <strong>14 de marzo de 2025 a las 23.59h<\/strong> (hora peninsular)<\/p>\n\n\n\n<p class=\"has-text-color has-link-color wp-elements-904ec512692b64125975cfe619335fa1\" style=\"color:#d23422\">\u203c <strong>Plazo prorrogado hasta el 31 de marzo de 2025 a las 23.59h (hora peninsular)<\/strong><\/p>\n\n\n\n<p><strong>Indicaciones para la entrega de originales<\/strong><\/p>\n\n\n\n<p>Tras comprobar que se cumplen las normas, se enviar\u00e1 el documento en formato .doc o .docx titulado \u201cAPELLIDO_NOMBRE.docx\u201d. Las im\u00e1genes, si corresponde, se enviar\u00e1n en anexo en formato .jpg individuales o en un archivo comprimido .zip.<\/p>\n\n\n\n<p>Tanto los archivos como las dudas que puedan surgir alrededor de la publicaci\u00f3n deber\u00e1n ser enviadas al correo electr\u00f3nico: <a href=\"mailto:ajl.santiago@usc.gal\">ajl.santiago@usc.gal<\/a>.<\/p>\n\n\n\n<p><strong>Normas de publicaci\u00f3n<\/strong> (bot\u00f3n de descarga abajo)<\/p>\n\n\n\n<div data-wp-interactive=\"core\/file\" class=\"wp-block-file\"><object data-wp-bind--hidden=\"!state.hasPdfPreview\" hidden class=\"wp-block-file__embed\" data=\"https:\/\/ilg.usc.gal\/ajlsantiago\/wp-content\/uploads\/2025\/03\/Normas-de-publicacion-AJL24-v2-1.pdf\" type=\"application\/pdf\" style=\"width:100%;height:900px\" aria-label=\"Incrustado de Normas de publicaci\u00f3n AJL24 v2.\"><\/object><a id=\"wp-block-file--media-4c53911f-7c5a-4613-a2fd-d853165f5059\" href=\"https:\/\/ilg.usc.gal\/ajlsantiago\/wp-content\/uploads\/2025\/03\/Normas-de-publicacion-AJL24-v2-1.pdf\">Normas de publicaci\u00f3n AJL24 v2<\/a><a href=\"https:\/\/ilg.usc.gal\/ajlsantiago\/wp-content\/uploads\/2025\/03\/Normas-de-publicacion-AJL24-v2-1.pdf\" class=\"wp-block-file__button wp-element-button\" download aria-describedby=\"wp-block-file--media-4c53911f-7c5a-4613-a2fd-d853165f5059\">Descarga\t <\/a><\/div>\n","protected":false},"excerpt":{"rendered":"<p>A publicaci\u00f3n derivada do congreso xa sa\u00edu do prelo! Fern\u00e1ndez Avil\u00e9s, Jorge &amp; Candela Sierra Rodr\u00edguez (eds.) (2026). Perspectivas emerxentes nos estudos da ling\u00fc\u00edstica. Universidade de Santiago de Compostela: Santiago de Compostela. https:\/\/dx.doi.org\/10.15304\/9788410142848 Convocatoria El Comit\u00e9 organizador del XXXVIII Congreso Internacional de la Asociaci\u00f3n de J\u00f3venes Ling\u00fcistas invita a las personas participantes a enviar sus&hellip;&nbsp;<a href=\"https:\/\/ilg.usc.gal\/ajlsantiago\/es\/publicacion-es\" rel=\"bookmark\">Ler m\u00e1is &raquo;<span class=\"screen-reader-text\">Publicaci\u00f3n derivada del congreso<\/span><\/a><\/p>\n","protected":false},"author":1,"featured_media":0,"parent":0,"menu_order":0,"comment_status":"closed","ping_status":"closed","template":"","meta":{"neve_meta_sidebar":"","neve_meta_container":"","neve_meta_enable_content_width":"","neve_meta_content_width":0,"neve_meta_title_alignment":"","neve_meta_author_avatar":"","neve_post_elements_order":"","neve_meta_disable_header":"","neve_meta_disable_footer":"","neve_meta_disable_title":"","footnotes":""},"class_list":["post-1032","page","type-page","status-publish","hentry"],"_links":{"self":[{"href":"https:\/\/ilg.usc.gal\/ajlsantiago\/wp-json\/wp\/v2\/pages\/1032","targetHints":{"allow":["GET"]}}],"collection":[{"href":"https:\/\/ilg.usc.gal\/ajlsantiago\/wp-json\/wp\/v2\/pages"}],"about":[{"href":"https:\/\/ilg.usc.gal\/ajlsantiago\/wp-json\/wp\/v2\/types\/page"}],"author":[{"embeddable":true,"href":"https:\/\/ilg.usc.gal\/ajlsantiago\/wp-json\/wp\/v2\/users\/1"}],"replies":[{"embeddable":true,"href":"https:\/\/ilg.usc.gal\/ajlsantiago\/wp-json\/wp\/v2\/comments?post=1032"}],"version-history":[{"count":11,"href":"https:\/\/ilg.usc.gal\/ajlsantiago\/wp-json\/wp\/v2\/pages\/1032\/revisions"}],"predecessor-version":[{"id":1103,"href":"https:\/\/ilg.usc.gal\/ajlsantiago\/wp-json\/wp\/v2\/pages\/1032\/revisions\/1103"}],"wp:attachment":[{"href":"https:\/\/ilg.usc.gal\/ajlsantiago\/wp-json\/wp\/v2\/media?parent=1032"}],"curies":[{"name":"wp","href":"https:\/\/api.w.org\/{rel}","templated":true}]}}