{"id":231,"date":"2023-12-19T16:24:15","date_gmt":"2023-12-19T16:24:15","guid":{"rendered":"http:\/\/ajlsantiago.gal\/?page_id=231"},"modified":"2024-07-22T12:15:49","modified_gmt":"2024-07-22T11:15:49","slug":"convocatoria","status":"publish","type":"page","link":"https:\/\/ilg.usc.gal\/ajlsantiago\/convocatoria","title":{"rendered":"Convocatoria (pechada)"},"content":{"rendered":"\n<p><\/p>\n\n\n<p class=\"has-text-align-left\">O comit\u00e9 organizador do\u00a0<em>XXXVIII\u00a0Congreso Internacional da Asociaci\u00f3n de J\u00f3venes Ling\u00fcistas <\/em>convida a todas as persoas interesadas a enviar as s\u00faas<strong> propostas<\/strong> de\u00a0<strong>comunicaci\u00f3n oral<\/strong>.<\/p>\n\n\n<p class=\"has-text-align-justify\">Cada investigador\/a poder\u00e1 enviar unha \u00fanica proposta individual, se ben si poder\u00e1 figurar en coautor\u00eda noutras propostas. Todas as persoas comunicantes ter\u00e1n que abonar a cota, inclu\u00eddas aquelas que figuren como coautoras de propostas. Se un autor\/a aparece en d\u00faas comunicaci\u00f3ns distintas, s\u00f3 ter\u00e1 que abonar a cota unha vez. A cota para as persoas comunicantes \u00e9 de <strong>50\u20ac <\/strong>(dos que 5\u20ac se destinar\u00e1n \u00e1 cota de membro da AJL). As persoas que env\u00eden comunicaci\u00f3n <strong>non<\/strong> deber\u00e1n ter o <strong>t\u00edtulo de doutor\/a<\/strong> na data de env\u00edo de proposta. <\/p>\n\n\n\n<p class=\"has-text-align-left\">As comunicaci\u00f3ns ter\u00e1n unha duraci\u00f3n total de 30 minutos: 20 minutos dedicados \u00e1 exposici\u00f3n oral e 10 minutos reservados para a rolda de preguntas e comentarios.<\/p>\n\n\n\n<h2 class=\"wp-block-heading has-text-align-center has-neve-link-color-color has-text-color has-link-color wp-elements-7553d4374c17b2b12f1094de01e347d3 tw-block-animation tw-animation-scale-in tw-duration-5\" style=\"--tw-animation-delay:0.2s;font-size:19px\"><strong>PRAZO PARA O ENV\u00cdO DE PROPOSTAS<\/strong>:<br><strong>01 DE FEBREIRO DE 2024 \u2013 15 DE MARZO DE 2024<\/strong><\/h2>\n\n\n\n<h2 class=\"wp-block-heading has-text-align-center has-text-color has-link-color wp-elements-a95f4781e6768bec30953b52fe12d911 tw-block-animation tw-animation-scale-in tw-duration-5\" style=\"--tw-animation-delay:0.2s;color:#cf1c1c;font-size:19px\">PR\u00d3RROGA PARA ENV\u00cdO DE PROPOSTAS<br>&nbsp;ATA 29 DE MARZO DE 2024<\/h2>\n\n\n\n<p><strong>PROCEDEMENTO E INDICACI\u00d3NS<\/strong> para o env\u00edo de propostas:<\/p>\n\n\n\n<p>O env\u00edo das propostas realizarase a trav\u00e9s do seguinte <strong><a href=\"https:\/\/forms.office.com\/pages\/responsepage.aspx?id=LEUNj6S3ZEm4EIw5c3RHe3OEjARxWzxHhaA4XriivBNUOFdVUzJPTkZOS1EzTkpNOU9aSERHMjZNSS4u\">formulario<\/a><\/strong>.&nbsp;<\/p>\n\n\n<div class=\"wp-block-group\">\n<p>A proposta debe inclu\u00edr:<\/p>\n<p>\u00a0 \u00a0 \u00a0 \u00a0 i. o t\u00edtulo da comunicaci\u00f3n<\/p>\n<p>\u00a0 \u00a0 \u00a0 \u00a0 ii. palabras chave (un m\u00e1ximo de 5)<\/p>\n<p>\u00a0 \u00a0 \u00a0 \u00a0 iii. o texto da proposta (extensi\u00f3n m\u00e1xima de <strong>300 palabras<\/strong>)<\/p>\n<p>\u00a0 \u00a0 \u00a0 \u00a0 iv. as referencias bibliogr\u00e1ficas (formato APA \u00faltima edici\u00f3n)<\/p>\n<p>Para garantir o anonimato, no caso de que algunha das referencias bibliogr\u00e1ficas reflicta a autor\u00eda do propio resumo, estas deber\u00e1n ser substitu\u00eddas por \u201cAUTORX\u201d.<\/p>\n<\/div>\n\n\n<p>O resumo pode ser enviado en <strong>calquera lingua da pen\u00ednsula ib\u00e9rica<\/strong> e ser\u00e1n aceptadas tam\u00e9n propostas en <strong>ingl\u00e9s<\/strong>.<\/p>\n\n\n\n<div class=\"wp-block-group is-vertical is-layout-flex wp-container-core-group-is-layout-8cf370e7 wp-block-group-is-layout-flex\">\n<p>As li\u00f1as tem\u00e1ticas aceptadas nesta edici\u00f3n son:<\/p>\n\n\n\n<div class=\"wp-block-columns is-layout-flex wp-container-core-columns-is-layout-9d6595d7 wp-block-columns-is-layout-flex\">\n<div class=\"wp-block-column is-layout-flow wp-block-column-is-layout-flow\">\n<ul class=\"wp-block-list\">\n<li>Did\u00e1ctica de linguas&nbsp;<\/li>\n\n\n\n<li>Ecoling\u00fc\u00edstica<\/li>\n\n\n\n<li>Estudos de x\u00e9nero<\/li>\n\n\n\n<li>Fon\u00e9tica e fonolox\u00eda<\/li>\n\n\n\n<li>Linguas de signos<\/li>\n\n\n\n<li>Ling\u00fc\u00edstica de corpus<\/li>\n\n\n\n<li>Ling\u00fc\u00edstica diacr\u00f3nica<\/li>\n\n\n\n<li>Morfolox\u00eda<\/li>\n\n\n\n<li>Multiling\u00fcismo e contacto                                                         ling\u00fc\u00edstico<\/li>\n<\/ul>\n<\/div>\n\n\n\n<div class=\"wp-block-column is-layout-flow wp-block-column-is-layout-flow\">\n<ul class=\"wp-block-list\">\n<li>Pragm\u00e1tica e discurso<\/li>\n\n\n\n<li>Psicoling\u00fc\u00edstica<\/li>\n\n\n\n<li>Sem\u00e1ntica e l\u00e9xico<\/li>\n\n\n\n<li>Sintaxe<\/li>\n\n\n\n<li>Socioling\u00fc\u00edstica<\/li>\n\n\n\n<li>Tecnolox\u00edas ling\u00fc\u00edsticas<\/li>\n\n\n\n<li>Tipolox\u00eda ling\u00fc\u00edstica<\/li>\n\n\n\n<li>Traduci\u00f3n e interpretaci\u00f3n<\/li>\n\n\n\n<li>Variaci\u00f3n e cambio ling\u00fc\u00edstico<\/li>\n<\/ul>\n<\/div>\n<\/div>\n<\/div>\n\n\n\n<p>A aceptaci\u00f3n ou o rexeitamento das propostas ser\u00e1 comunicado <strong>a partir do 3 de xu\u00f1o de 2024<\/strong>.<\/p>\n\n\n\n<div style=\"height:100px\" aria-hidden=\"true\" class=\"wp-block-spacer\"><\/div>\n","protected":false},"excerpt":{"rendered":"<p>O comit\u00e9 organizador do\u00a0XXXVIII\u00a0Congreso Internacional da Asociaci\u00f3n de J\u00f3venes Ling\u00fcistas convida a todas as persoas interesadas a enviar as s\u00faas propostas de\u00a0comunicaci\u00f3n oral. Cada investigador\/a poder\u00e1 enviar unha \u00fanica proposta individual, se ben si poder\u00e1 figurar en coautor\u00eda noutras propostas. Todas as persoas comunicantes ter\u00e1n que abonar a cota, inclu\u00eddas aquelas que figuren como coautoras&hellip;&nbsp;<a href=\"https:\/\/ilg.usc.gal\/ajlsantiago\/convocatoria\" rel=\"bookmark\">Ler m\u00e1is &raquo;<span class=\"screen-reader-text\">Convocatoria (pechada)<\/span><\/a><\/p>\n","protected":false},"author":1,"featured_media":0,"parent":0,"menu_order":0,"comment_status":"closed","ping_status":"closed","template":"","meta":{"neve_meta_sidebar":"","neve_meta_container":"","neve_meta_enable_content_width":"","neve_meta_content_width":0,"neve_meta_title_alignment":"","neve_meta_author_avatar":"","neve_post_elements_order":"","neve_meta_disable_header":"","neve_meta_disable_footer":"","neve_meta_disable_title":"","footnotes":""},"class_list":["post-231","page","type-page","status-publish","hentry"],"_links":{"self":[{"href":"https:\/\/ilg.usc.gal\/ajlsantiago\/wp-json\/wp\/v2\/pages\/231","targetHints":{"allow":["GET"]}}],"collection":[{"href":"https:\/\/ilg.usc.gal\/ajlsantiago\/wp-json\/wp\/v2\/pages"}],"about":[{"href":"https:\/\/ilg.usc.gal\/ajlsantiago\/wp-json\/wp\/v2\/types\/page"}],"author":[{"embeddable":true,"href":"https:\/\/ilg.usc.gal\/ajlsantiago\/wp-json\/wp\/v2\/users\/1"}],"replies":[{"embeddable":true,"href":"https:\/\/ilg.usc.gal\/ajlsantiago\/wp-json\/wp\/v2\/comments?post=231"}],"version-history":[{"count":35,"href":"https:\/\/ilg.usc.gal\/ajlsantiago\/wp-json\/wp\/v2\/pages\/231\/revisions"}],"predecessor-version":[{"id":857,"href":"https:\/\/ilg.usc.gal\/ajlsantiago\/wp-json\/wp\/v2\/pages\/231\/revisions\/857"}],"wp:attachment":[{"href":"https:\/\/ilg.usc.gal\/ajlsantiago\/wp-json\/wp\/v2\/media?parent=231"}],"curies":[{"name":"wp","href":"https:\/\/api.w.org\/{rel}","templated":true}]}}