{"id":362,"date":"2024-01-25T17:24:35","date_gmt":"2024-01-25T17:24:35","guid":{"rendered":"http:\/\/ajlsantiago.gal\/?page_id=362"},"modified":"2024-07-22T12:17:52","modified_gmt":"2024-07-22T11:17:52","slug":"convocatoria-es","status":"publish","type":"page","link":"https:\/\/ilg.usc.gal\/ajlsantiago\/es\/convocatoria-es","title":{"rendered":"Convocatoria (cerrada)"},"content":{"rendered":"\n<p>El&nbsp;comit\u00e9 organizador del XXXVIII<em>&nbsp;Congreso Internacional de la Asociaci\u00f3n de J\u00f3venes Ling\u00fcistas <\/em>invita a todas las personas interesadas a enviar sus<strong> propuestas<\/strong> de&nbsp;<strong>comunicaci\u00f3n oral<\/strong>.<\/p>\n\n\n\n<p>Cada investigador\/a podr\u00e1 enviar una \u00fanica propuesta individual, si bien s\u00ed podr\u00e1 figurar en coautor\u00eda en otras propuestas. Todas las personas comunicantes tendr\u00e1n que abonar la cuota, incluidas aquellas que figuren como coautoras de propuestas. Si un autor\/a aparece en dos comunicaciones distintas, solo tendr\u00e1 que abonar la cuota una vez. La cuota para las personas comunicantes es de <strong>50\u20ac <\/strong>(de los cuales 5\u20ac se destinan a la cuota de miembro de la AJL). Las personas que env\u00eden comunicaci\u00f3n <strong>no<\/strong> podr\u00e1n tener el <strong>t\u00edtulo de doctor\/a<\/strong> en la fecha de env\u00edo de propuesta. <\/p>\n\n\n\n<p>Las comunicaciones tendr\u00e1n una duraci\u00f3n total de 30 minutos: 20 minutos dedicados a la exposici\u00f3n oral y 10 minutos reservados para ronda de preguntas y comentarios.<\/p>\n\n\n\n<h2 class=\"wp-block-heading has-text-align-center has-neve-link-color-color has-text-color has-link-color wp-elements-309071950abc9a140e46101526a865a2 tw-block-animation tw-animation-scale-in tw-duration-5\" style=\"--tw-animation-delay:0.2s;font-size:19px\"><strong>PLAZO PARA EL ENV\u00cdO DE PROPUESTAS<\/strong>:<br><strong>01 DE FEBRERO DE 2024 \u2013 15 DE MARZO DE 2024<\/strong><\/h2>\n\n\n\n<h2 class=\"wp-block-heading has-text-align-center has-text-color has-link-color wp-elements-b152d6d75ccbbd4a8124b8b110ef1f82 tw-block-animation tw-animation-scale-in tw-duration-5\" style=\"--tw-animation-delay:0.2s;color:#cf1c1c;font-size:19px\">PR\u00d3RROGA PARA ENV\u00cdO DE PROPUESTAS<br>&nbsp;HASTA 29 DE MARZO DE 2024<br>&nbsp;<\/h2>\n\n\n\n<p><strong>PROCEDIMIENTO E INDICACIONES<\/strong> para el env\u00edo de propuestas:<\/p>\n\n\n\n<p>El env\u00edo de las propuestas se realizar\u00e1 a trav\u00e9s del siguiente <strong><a href=\"https:\/\/forms.office.com\/pages\/responsepage.aspx?id=LEUNj6S3ZEm4EIw5c3RHe3OEjARxWzxHhaA4XriivBNUOFdVUzJPTkZOS1EzTkpNOU9aSERHMjZNSS4u\">formulario<\/a><\/strong>.&nbsp;<\/p>\n\n\n\n<p>La propuesta deber\u00e1 incluir: <\/p>\n\n\n\n<p>        i. el t\u00edtulo de la comunicaci\u00f3n<\/p>\n\n\n\n<p>        ii. palabras clave (un m\u00e1ximo de 5)<\/p>\n\n\n\n<p>        iii. el texto de la propuesta (extensi\u00f3n m\u00e1xima de <strong>300 palabras<\/strong>)<\/p>\n\n\n\n<p>        iv. las referencias bibliogr\u00e1ficas (formato APA \u00faltima edici\u00f3n)<\/p>\n\n\n\n<p>Para garantizar el anonimato, en caso de que alguna de las referencias bibliogr\u00e1ficas refleje la autor\u00eda del propio resumen, estas deber\u00e1n ser sustituidas por \u201cAUTORX\u201d.<\/p>\n\n\n\n<p>El resumen puede ser enviado en <strong>cualquier lengua de la pen\u00ednsula ib\u00e9rica<\/strong>, asimismo tambi\u00e9n ser\u00e1n aceptadas las propuestas en <strong>ingl\u00e9s<\/strong>.<\/p>\n\n\n\n<div class=\"wp-block-group is-vertical is-layout-flex wp-container-core-group-is-layout-8cf370e7 wp-block-group-is-layout-flex\">\n<p>Las l\u00edneas tem\u00e1ticas aceptadas en esta edici\u00f3n son:<\/p>\n\n\n\n<div class=\"wp-block-columns is-layout-flex wp-container-core-columns-is-layout-9d6595d7 wp-block-columns-is-layout-flex\">\n<div class=\"wp-block-column is-layout-flow wp-block-column-is-layout-flow\">\n<ul class=\"wp-block-list\">\n<li>Did\u00e1ctica de lenguas&nbsp;<\/li>\n\n\n\n<li>Ecoling\u00fc\u00edstica<\/li>\n\n\n\n<li>Estudios de g\u00e9nero<\/li>\n\n\n\n<li>Fon\u00e9tica y fonolog\u00eda<\/li>\n\n\n\n<li>Lenguas de signos<\/li>\n\n\n\n<li>Ling\u00fc\u00edstica de corpus<\/li>\n\n\n\n<li>Ling\u00fc\u00edstica diacr\u00f3nica<\/li>\n\n\n\n<li>Morfolog\u00eda<\/li>\n\n\n\n<li>Multiling\u00fcismo y&nbsp;contacto                                                                   ling\u00fc\u00edstico<\/li>\n<\/ul>\n<\/div>\n\n\n\n<div class=\"wp-block-column is-layout-flow wp-block-column-is-layout-flow\">\n<ul class=\"wp-block-list\">\n<li>Pragm\u00e1tica y discurso<\/li>\n\n\n\n<li>Psicoling\u00fc\u00edstica<\/li>\n\n\n\n<li>Sem\u00e1ntica y l\u00e9xico<\/li>\n\n\n\n<li>Sintaxis&nbsp;<\/li>\n\n\n\n<li>Socioling\u00fc\u00edstica<\/li>\n\n\n\n<li>Tecnolog\u00edas ling\u00fc\u00edsticas<\/li>\n\n\n\n<li>Tipolog\u00eda ling\u00fc\u00edstica<\/li>\n\n\n\n<li>Traducci\u00f3n e interpretaci\u00f3n<\/li>\n\n\n\n<li>Variaci\u00f3n y cambio ling\u00fc\u00edstico<\/li>\n<\/ul>\n<\/div>\n<\/div>\n<\/div>\n\n\n\n<p>La aceptaci\u00f3n o el rechazo de las propuestas ser\u00e1 comunicado&nbsp;<strong>a partir del 3 de junio de 2024<\/strong>.<\/p>\n\n\n\n<div style=\"height:100px\" aria-hidden=\"true\" class=\"wp-block-spacer\"><\/div>\n","protected":false},"excerpt":{"rendered":"<p>El&nbsp;comit\u00e9 organizador del XXXVIII&nbsp;Congreso Internacional de la Asociaci\u00f3n de J\u00f3venes Ling\u00fcistas invita a todas las personas interesadas a enviar sus propuestas de&nbsp;comunicaci\u00f3n oral. Cada investigador\/a podr\u00e1 enviar una \u00fanica propuesta individual, si bien s\u00ed podr\u00e1 figurar en coautor\u00eda en otras propuestas. Todas las personas comunicantes tendr\u00e1n que abonar la cuota, incluidas aquellas que figuren como&hellip;&nbsp;<a href=\"https:\/\/ilg.usc.gal\/ajlsantiago\/es\/convocatoria-es\" rel=\"bookmark\">Ler m\u00e1is &raquo;<span class=\"screen-reader-text\">Convocatoria (cerrada)<\/span><\/a><\/p>\n","protected":false},"author":1,"featured_media":0,"parent":0,"menu_order":0,"comment_status":"closed","ping_status":"closed","template":"","meta":{"neve_meta_sidebar":"","neve_meta_container":"","neve_meta_enable_content_width":"","neve_meta_content_width":0,"neve_meta_title_alignment":"","neve_meta_author_avatar":"","neve_post_elements_order":"","neve_meta_disable_header":"","neve_meta_disable_footer":"","neve_meta_disable_title":"","footnotes":""},"class_list":["post-362","page","type-page","status-publish","hentry"],"_links":{"self":[{"href":"https:\/\/ilg.usc.gal\/ajlsantiago\/wp-json\/wp\/v2\/pages\/362","targetHints":{"allow":["GET"]}}],"collection":[{"href":"https:\/\/ilg.usc.gal\/ajlsantiago\/wp-json\/wp\/v2\/pages"}],"about":[{"href":"https:\/\/ilg.usc.gal\/ajlsantiago\/wp-json\/wp\/v2\/types\/page"}],"author":[{"embeddable":true,"href":"https:\/\/ilg.usc.gal\/ajlsantiago\/wp-json\/wp\/v2\/users\/1"}],"replies":[{"embeddable":true,"href":"https:\/\/ilg.usc.gal\/ajlsantiago\/wp-json\/wp\/v2\/comments?post=362"}],"version-history":[{"count":21,"href":"https:\/\/ilg.usc.gal\/ajlsantiago\/wp-json\/wp\/v2\/pages\/362\/revisions"}],"predecessor-version":[{"id":858,"href":"https:\/\/ilg.usc.gal\/ajlsantiago\/wp-json\/wp\/v2\/pages\/362\/revisions\/858"}],"wp:attachment":[{"href":"https:\/\/ilg.usc.gal\/ajlsantiago\/wp-json\/wp\/v2\/media?parent=362"}],"curies":[{"name":"wp","href":"https:\/\/api.w.org\/{rel}","templated":true}]}}