{"id":365,"date":"2024-01-25T17:30:16","date_gmt":"2024-01-25T17:30:16","guid":{"rendered":"http:\/\/ajlsantiago.gal\/?page_id=365"},"modified":"2025-03-14T10:16:04","modified_gmt":"2025-03-14T09:16:04","slug":"xxxviii-congreso-internacional-ajl","status":"publish","type":"page","link":"https:\/\/ilg.usc.gal\/ajlsantiago\/","title":{"rendered":"XXXVIII Congreso Internacional AJL"},"content":{"rendered":"<div class=\"wp-block-image\">\n<figure class=\"aligncenter size-large is-resized\"><img loading=\"lazy\" decoding=\"async\" width=\"1024\" height=\"1024\" src=\"http:\/\/ajlsantiago.gal\/wp-content\/uploads\/2023\/12\/ajl_logo-1024x1024.png\" alt=\"XXXVIII Congreso Internacional AJL 2024\n\" class=\"wp-image-297\" style=\"width:640px\" srcset=\"https:\/\/ilg.usc.gal\/ajlsantiago\/wp-content\/uploads\/2023\/12\/ajl_logo-1024x1024.png 1024w, https:\/\/ilg.usc.gal\/ajlsantiago\/wp-content\/uploads\/2023\/12\/ajl_logo-300x300.png 300w, https:\/\/ilg.usc.gal\/ajlsantiago\/wp-content\/uploads\/2023\/12\/ajl_logo-150x150.png 150w, https:\/\/ilg.usc.gal\/ajlsantiago\/wp-content\/uploads\/2023\/12\/ajl_logo-768x768.png 768w, https:\/\/ilg.usc.gal\/ajlsantiago\/wp-content\/uploads\/2023\/12\/ajl_logo.png 1080w\" sizes=\"auto, (max-width: 1024px) 100vw, 1024px\" \/><\/figure>\n<\/div>\n\n\n<h3 style=\"--tw-animation-delay:0.2s;\" class=\"wp-block-heading has-text-align-center tw-block-animation tw-animation-scale-in tw-duration-5\"><strong><mark style=\"background-color:rgba(0, 0, 0, 0);color:#172f73\" class=\"has-inline-color\">Benvida!<\/mark><\/strong><\/h3>\n\n\n\n<p class=\"has-text-align-center\"><br>A <strong>Asociaci\u00f3n de J\u00f3venes Ling\u00fcistas<\/strong> fomenta o intercambio de co\u00f1ecementos no \u00e1mbito da ling\u00fc\u00edstica ao organizar cada ano un destacado encontro internacional dirixido a investigadoras non doutoras (estudantes de grao, m\u00e1ster ou doutoramento). As\u00ed, compr\u00e1cenos anunciar que a pr\u00f3xima edici\u00f3n se celebrar\u00e1 na<strong> Facultade de Filolox\u00eda da Universidade de Santiago de Compostela, do 16 ao 18 de outubro de 2024<\/strong>, nun formato presencial que promover\u00e1 o di\u00e1logo e a colaboraci\u00f3n entre as persoas participantes.<\/p>\n\n\n\n<p class=\"has-text-align-center\">Ante unha realidade lingu\u0308\u00edstica digl\u00f3sica enormemente complexa, consideramos que a riqueza lingu\u0308\u00edstica do territorio ha de ser tam\u00e9n motor e motivo de peso durante o pr\u00f3ximo congreso. Deste xeito, esperamos poder ofrecer un programa variado e multilingu\u0308e, en que <strong>calquera lingua da pen\u00ednsula sexa obxecto de estudo, pero tam\u00e9n veh\u00edculo de ciencia.<\/strong><\/p>\n\n\n\n<p class=\"has-text-align-center\">Esperamos con entusiasmo recibir a t\u00faa valiosa contribuci\u00f3n e compartir xuntas esta experiencia \u00fanica de aprendizaxe e intercambio acad\u00e9mico!<\/p>\n\n\n<div class=\"wp-block-image\">\n<figure class=\"aligncenter size-large is-resized\"><img loading=\"lazy\" decoding=\"async\" width=\"1024\" height=\"410\" src=\"https:\/\/ilg.usc.gal\/ajlsantiago\/wp-content\/uploads\/2025\/03\/Con-la-financiacion-de-5-1024x410.png\" alt=\"\" class=\"wp-image-1082\" style=\"width:884px;height:auto\" srcset=\"https:\/\/ilg.usc.gal\/ajlsantiago\/wp-content\/uploads\/2025\/03\/Con-la-financiacion-de-5-1024x410.png 1024w, https:\/\/ilg.usc.gal\/ajlsantiago\/wp-content\/uploads\/2025\/03\/Con-la-financiacion-de-5-300x120.png 300w, https:\/\/ilg.usc.gal\/ajlsantiago\/wp-content\/uploads\/2025\/03\/Con-la-financiacion-de-5-768x307.png 768w, https:\/\/ilg.usc.gal\/ajlsantiago\/wp-content\/uploads\/2025\/03\/Con-la-financiacion-de-5.png 1500w\" sizes=\"auto, (max-width: 1024px) 100vw, 1024px\" \/><\/figure>\n<\/div>","protected":false},"excerpt":{"rendered":"<p>Benvida! A Asociaci\u00f3n de J\u00f3venes Ling\u00fcistas fomenta o intercambio de co\u00f1ecementos no \u00e1mbito da ling\u00fc\u00edstica ao organizar cada ano un destacado encontro internacional dirixido a investigadoras non doutoras (estudantes de grao, m\u00e1ster ou doutoramento). As\u00ed, compr\u00e1cenos anunciar que a pr\u00f3xima edici\u00f3n se celebrar\u00e1 na Facultade de Filolox\u00eda da Universidade de Santiago de Compostela, do 16&hellip;&nbsp;<a href=\"https:\/\/ilg.usc.gal\/ajlsantiago\/\" rel=\"bookmark\">Ler m\u00e1is &raquo;<span class=\"screen-reader-text\">XXXVIII Congreso Internacional AJL<\/span><\/a><\/p>\n","protected":false},"author":1,"featured_media":0,"parent":0,"menu_order":0,"comment_status":"closed","ping_status":"closed","template":"","meta":{"neve_meta_sidebar":"","neve_meta_container":"","neve_meta_enable_content_width":"","neve_meta_content_width":0,"neve_meta_title_alignment":"","neve_meta_author_avatar":"","neve_post_elements_order":"","neve_meta_disable_header":"","neve_meta_disable_footer":"","neve_meta_disable_title":"on","footnotes":""},"class_list":["post-365","page","type-page","status-publish","hentry"],"_links":{"self":[{"href":"https:\/\/ilg.usc.gal\/ajlsantiago\/wp-json\/wp\/v2\/pages\/365","targetHints":{"allow":["GET"]}}],"collection":[{"href":"https:\/\/ilg.usc.gal\/ajlsantiago\/wp-json\/wp\/v2\/pages"}],"about":[{"href":"https:\/\/ilg.usc.gal\/ajlsantiago\/wp-json\/wp\/v2\/types\/page"}],"author":[{"embeddable":true,"href":"https:\/\/ilg.usc.gal\/ajlsantiago\/wp-json\/wp\/v2\/users\/1"}],"replies":[{"embeddable":true,"href":"https:\/\/ilg.usc.gal\/ajlsantiago\/wp-json\/wp\/v2\/comments?post=365"}],"version-history":[{"count":26,"href":"https:\/\/ilg.usc.gal\/ajlsantiago\/wp-json\/wp\/v2\/pages\/365\/revisions"}],"predecessor-version":[{"id":1084,"href":"https:\/\/ilg.usc.gal\/ajlsantiago\/wp-json\/wp\/v2\/pages\/365\/revisions\/1084"}],"wp:attachment":[{"href":"https:\/\/ilg.usc.gal\/ajlsantiago\/wp-json\/wp\/v2\/media?parent=365"}],"curies":[{"name":"wp","href":"https:\/\/api.w.org\/{rel}","templated":true}]}}