{"id":385,"date":"2024-01-25T17:50:08","date_gmt":"2024-01-25T17:50:08","guid":{"rendered":"http:\/\/ajlsantiago.gal\/?page_id=385"},"modified":"2024-06-25T15:46:00","modified_gmt":"2024-06-25T14:46:00","slug":"comites","status":"publish","type":"page","link":"https:\/\/ilg.usc.gal\/ajlsantiago\/comites","title":{"rendered":"Comit\u00e9s"},"content":{"rendered":"\n<h5 class=\"wp-block-heading\"><mark style=\"background-color:rgba(0, 0, 0, 0);color:#172f73\" class=\"has-inline-color\">Comit\u00e9 Organizador<\/mark><\/h5>\n\n\n\n<ul class=\"wp-block-list\">\n<li><strong>Iv\u00e1n Arias Arias<\/strong> | Contratado predoutoral FPU<\/li>\n\n\n\n<li><strong>Sara Caama\u00f1o Figueroa<\/strong> | Estudante de doutoramento<\/li>\n\n\n\n<li><strong>Jorge Fern\u00e1ndez Avil\u00e9s<\/strong> | Contratado predoutoral FPU<\/li>\n\n\n\n<li><strong>Estela Fidalgo Garra<\/strong> | Contratada predoutoral Xunta de Galicia<\/li>\n\n\n\n<li><strong>Miguel Guisantes Alonso <\/strong>| Contratado predoutoral USC<\/li>\n\n\n\n<li><strong>Clara Lago Caama\u00f1o<\/strong> | Contratada predoutoral FPU<\/li>\n\n\n\n<li><strong>Lola Mosquera S\u00e1nchez <\/strong>| Estudante de doutoramento<\/li>\n\n\n\n<li><strong>Candela Sierra Rodr\u00edguez <\/strong>| Investigadora colaboradora<\/li>\n<\/ul>\n\n\n\n<h5 class=\"wp-block-heading\"><mark style=\"background-color:rgba(0, 0, 0, 0);color:#172f73\" class=\"has-inline-color\">Comit\u00e9 Cient\u00edfico<\/mark><\/h5>\n\n\n\n<ul class=\"wp-block-list\">\n<li><strong>Alba Aguete Cajiao<\/strong> | Universidad de Salamanca<\/li>\n\n\n\n<li><strong>Mar\u00eda Ant\u00f3n i \u00c1lvarez de Cienfuegos<\/strong> | Universitat Pompeu Fabra \/ Aix-Marseille Universit\u00e9<\/li>\n\n\n\n<li><strong>Pau Bertomeu Pi <\/strong>| Universitat de Val\u00e8ncia<\/li>\n\n\n\n<li><strong>Cristina Bleortu<\/strong> | Universitatea \u0218tefan cel Mare din Suceava \/ Universit\u00e4t Z\u00fcrich<\/li>\n\n\n\n<li><strong>Tamara Bouso Rivas <\/strong>| Universidade de Santiago de Compostela<\/li>\n\n\n\n<li><strong>Francisco Xos\u00e9 Dubert Garc\u00eda<\/strong> | Universidade de Santiago de Compostela<\/li>\n\n\n\n<li><strong>Marta Est\u00e9vez Grossi <\/strong>| Universidade de Santiago de Compostela<\/li>\n\n\n\n<li><strong>Ana Mar\u00eda Fern\u00e1ndez Soneira<\/strong> | Universidade de Vigo<\/li>\n\n\n\n<li><strong>Marcos Garc\u00eda Gonz\u00e1lez<\/strong> | Universidade de Santiago de Compostela<\/li>\n\n\n\n<li><strong>Jos\u00e9 Garc\u00eda P\u00e9rez<\/strong> | Universidad de C\u00f3rdoba<\/li>\n\n\n\n<li><strong>Rub\u00e9n Gonz\u00e1lez Vallejo<\/strong> | Universidad de Zaragoza<\/li>\n\n\n\n<li><strong>\u00c1ngel Huete Garc\u00eda<\/strong> | University of Oxford<\/li>\n\n\n\n<li><strong>\u00c1lvaro Iriarte Sanrom\u00e1n<\/strong> | Universidade do Minho<\/li>\n\n\n\n<li><strong>Alejandro Junquera Mart\u00ednez <\/strong>| Universidad de Le\u00f3n<\/li>\n\n\n\n<li><strong>V\u00edtor M\u00edguez Rego<\/strong> | Universidade de Santiago de Compostela<\/li>\n\n\n\n<li><strong>Teresa Moure Pereiro<\/strong> | Universidade de Santiago de Compostela<\/li>\n\n\n\n<li><strong>Mar\u00eda Montserrat Muriano Rodr\u00edguez<\/strong> | Universidade da Coru\u00f1a<\/li>\n\n\n\n<li><strong>Daniela Beatriz Pettersson<\/strong> <strong>Traba<\/strong> | Universidad Complutense de Madrid<\/li>\n\n\n\n<li><strong>Mar\u00eda Jos\u00e9 Rodr\u00edguez Espi\u00f1eira<\/strong> | Universidade de Santiago de Compostela<\/li>\n\n\n\n<li><strong>Reyes Rodr\u00edguez Rodr\u00edguez<\/strong> | Universidade de Santiago de Compostela<\/li>\n\n\n\n<li><strong>Ana Rita Sa Leite Dias<\/strong> | Universidade de Santiago de Compostela<\/li>\n\n\n\n<li><strong>Mar\u00eda Sampedro Mella<\/strong> | Universidade de Santiago de Compostela<\/li>\n\n\n\n<li><strong>Clarissa Stincone<\/strong> | Universit\u00e0 del Salento<\/li>\n\n\n\n<li><strong>Iv\u00e1n Tamaredo Meira <\/strong>| Universidad Complutense de Madrid<\/li>\n\n\n\n<li><strong>Esteve Valls Alecha<\/strong> | Universitat Internacional de Catalunya<\/li>\n<\/ul>\n","protected":false},"excerpt":{"rendered":"<p>Comit\u00e9 Organizador Comit\u00e9 Cient\u00edfico<\/p>\n","protected":false},"author":1,"featured_media":0,"parent":0,"menu_order":0,"comment_status":"closed","ping_status":"closed","template":"","meta":{"neve_meta_sidebar":"","neve_meta_container":"","neve_meta_enable_content_width":"","neve_meta_content_width":0,"neve_meta_title_alignment":"","neve_meta_author_avatar":"","neve_post_elements_order":"","neve_meta_disable_header":"","neve_meta_disable_footer":"","neve_meta_disable_title":"","footnotes":""},"class_list":["post-385","page","type-page","status-publish","hentry"],"_links":{"self":[{"href":"https:\/\/ilg.usc.gal\/ajlsantiago\/wp-json\/wp\/v2\/pages\/385","targetHints":{"allow":["GET"]}}],"collection":[{"href":"https:\/\/ilg.usc.gal\/ajlsantiago\/wp-json\/wp\/v2\/pages"}],"about":[{"href":"https:\/\/ilg.usc.gal\/ajlsantiago\/wp-json\/wp\/v2\/types\/page"}],"author":[{"embeddable":true,"href":"https:\/\/ilg.usc.gal\/ajlsantiago\/wp-json\/wp\/v2\/users\/1"}],"replies":[{"embeddable":true,"href":"https:\/\/ilg.usc.gal\/ajlsantiago\/wp-json\/wp\/v2\/comments?post=385"}],"version-history":[{"count":9,"href":"https:\/\/ilg.usc.gal\/ajlsantiago\/wp-json\/wp\/v2\/pages\/385\/revisions"}],"predecessor-version":[{"id":764,"href":"https:\/\/ilg.usc.gal\/ajlsantiago\/wp-json\/wp\/v2\/pages\/385\/revisions\/764"}],"wp:attachment":[{"href":"https:\/\/ilg.usc.gal\/ajlsantiago\/wp-json\/wp\/v2\/media?parent=385"}],"curies":[{"name":"wp","href":"https:\/\/api.w.org\/{rel}","templated":true}]}}