{"id":445,"date":"2024-01-25T19:52:38","date_gmt":"2024-01-25T19:52:38","guid":{"rendered":"http:\/\/ajlsantiago.gal\/?page_id=445"},"modified":"2024-06-07T19:53:28","modified_gmt":"2024-06-07T18:53:28","slug":"localizacion","status":"publish","type":"page","link":"https:\/\/ilg.usc.gal\/ajlsantiago\/localizacion","title":{"rendered":"Localizaci\u00f3n"},"content":{"rendered":"\n<div class=\"wp-block-group alignfull\"><div class=\"wp-block-group__inner-container is-layout-flow wp-block-group-is-layout-flow\">\n<div class=\"wp-block-columns alignwide are-vertically-aligned-center tw-cols-stack-md is-layout-flex wp-container-core-columns-is-layout-9d6595d7 wp-block-columns-is-layout-flex\">\n<div style=\"--col-width:;\" class=\"wp-block-column is-vertically-aligned-center is-layout-flow wp-block-column-is-layout-flow\">\n<figure><iframe src=\"https:\/\/www.google.com\/maps\/embed?pb=!1m18!1m12!1m3!1d2923.1284966081625!2d-8.54765762438497!3d42.89123560137905!2m3!1f0!2f0!3f0!3m2!1i1024!2i768!4f13.1!3m3!1m2!1s0xd2efe5ece5f2725%3A0xd1d25646efcac971!2sFacultad%20de%20Filolog%C3%ADa%20(USC)!5e0!3m2!1ses!2ses!4v1706212844903!5m2!1ses!2ses\" width=\"600\" height=\"450\" style=\"border:0;\" allowfullscreen=\"\" loading=\"lazy\" referrerpolicy=\"no-referrer-when-downgrade\"><\/iframe>\n<\/div>\n<\/div>\n<\/div><\/div>\n\n\n\n<div class=\"wp-block-group is-vertical is-layout-flex wp-container-core-group-is-layout-8cf370e7 wp-block-group-is-layout-flex\">\n<p><strong>Facultade de Filolox\u00eda da Universidade de Santiago de Compostela <\/strong><\/p>\n\n\n\n<p>Campus Norte, Av. de Castelao, s\/n, 15705 Santiago de Compostela, A Coru\u00f1a<\/p>\n<\/div>\n\n\n\n<div style=\"height:91px\" aria-hidden=\"true\" class=\"wp-block-spacer\"><\/div>\n\n\n\n<h2 class=\"wp-block-heading has-neve-link-color-color has-text-color has-link-color wp-elements-6a032cc753036922efb0b739968e3f3d\">Como chegar a Santiago de Compostela e \u00e1 facultade <\/h2>\n\n\n\n<p>Santiago de Compostela \u00e9 unha cidade \u00e1 que se pode chegar en tren, en avi\u00f3n en autob\u00fas ou en transporte privado.<\/p>\n\n\n\n<ul class=\"wp-block-list\">\n<li>As persoas que empreguen o avi\u00f3n como transporte chegar\u00e1n \u00f3 aeroporto Rosal\u00eda de Castro, que est\u00e1 conectado coa cidade por autob\u00fas urbano (o prezo \u00e9 de 1\u20ac) e taxi (a tarifa estipulada ata o centro de Santiago \u00e9 de 23\u20ac).<\/li>\n<\/ul>\n\n\n\n<ul class=\"wp-block-list\">\n<li>As persoas que cheguen en tren ou en autob\u00fas chegar\u00e1n \u00e1 Estaci\u00f3n Intermodal. A estaci\u00f3n est\u00e1 pr\u00f3xima \u00f3 centro da cidade, mais at\u00f3pase a uns 35 minutos a p\u00e9 da facultade. Na estaci\u00f3n \u00e9 posible coller taxis e tam\u00e9n hai paradas de autob\u00fas urbano pr\u00f3ximas.                          P\u00f3dense consultar os horarios dos autobuses urbanos en <a href=\"https:\/\/tussa.org\/web\/transporte.php?lg=cas\">Tussa<\/a>, mais recomendamos o uso de aplicaci\u00f3ns como Moovit ou Maisbus. &nbsp;<\/li>\n<\/ul>\n\n\n\n<ul class=\"wp-block-list\">\n<li>Compostela \u00e9 unha cidade pequena na que \u00e9 posible moverse a p\u00e9 sen necesidade de empregar transporte p\u00fablico sempre e cando o clima o permita. Por\u00e9n, para as persoas que o precisen, recomendamos as li\u00f1as de autob\u00fas urbano 5 e 15 que conectan o Campus Norte (no que se atopa a nosa facultade) co resto da cidade.<\/li>\n<\/ul>\n\n\n\n<ul class=\"wp-block-list\">\n<li>Para as persoas que decidan empregar o seu veh\u00edculo privado, tanto na Facultade de Filolox\u00eda coma nas inmediaci\u00f3ns do edificio \u00e9 posible atopar estacionamento de balde.<\/li>\n<\/ul>\n\n\n\n<div style=\"height:36px\" aria-hidden=\"true\" class=\"wp-block-spacer\"><\/div>\n\n\n\n<h2 class=\"wp-block-heading has-neve-link-color-color has-text-color has-link-color wp-elements-846b87f6e5030e7571ab322cf4c59c36\">Sede e espazos <\/h2>\n\n\n\n<p>Con respecto \u00e1 Facultade de Filolox\u00eda, &nbsp;consta dun \u00fanico edificio separado en tres m\u00f3dulos. No andar 0, no m\u00f3dulo central, est\u00e1n localizadas a biblioteca, a cafeter\u00eda, e unha \u00e1rea de descanso con asentos e m\u00e1quinas expendedoras de bebidas. Tam\u00e9n se accede desde este andar \u00f3 sal\u00f3n de graos e \u00f3 sal\u00f3n de actos, onde ter\u00e1n lugar algunhas das sesi\u00f3ns do congreso. O resto de sesi\u00f3ns celebraranse en aulas do m\u00f3dulo sur, \u00e1s que se pode acceder mediante escaleiras ou por ascensor.<\/p>\n\n\n<div class=\"wp-block-image\">\n<figure class=\"aligncenter size-large\"><img loading=\"lazy\" decoding=\"async\" width=\"1024\" height=\"576\" src=\"https:\/\/ajlsantiago.gal\/wp-content\/uploads\/2024\/06\/espazos-1024x576.png\" alt=\"\" class=\"wp-image-663\" srcset=\"https:\/\/ilg.usc.gal\/ajlsantiago\/wp-content\/uploads\/2024\/06\/espazos-1024x576.png 1024w, https:\/\/ilg.usc.gal\/ajlsantiago\/wp-content\/uploads\/2024\/06\/espazos-300x169.png 300w, https:\/\/ilg.usc.gal\/ajlsantiago\/wp-content\/uploads\/2024\/06\/espazos-768x432.png 768w, https:\/\/ilg.usc.gal\/ajlsantiago\/wp-content\/uploads\/2024\/06\/espazos-1536x864.png 1536w, https:\/\/ilg.usc.gal\/ajlsantiago\/wp-content\/uploads\/2024\/06\/espazos.png 1920w\" sizes=\"auto, (max-width: 1024px) 100vw, 1024px\" \/><\/figure>\n<\/div>\n\n\n<div style=\"height:100px\" aria-hidden=\"true\" class=\"wp-block-spacer\"><\/div>\n","protected":false},"excerpt":{"rendered":"<p>Facultade de Filolox\u00eda da Universidade de Santiago de Compostela Campus Norte, Av. de Castelao, s\/n, 15705 Santiago de Compostela, A Coru\u00f1a Como chegar a Santiago de Compostela e \u00e1 facultade Santiago de Compostela \u00e9 unha cidade \u00e1 que se pode chegar en tren, en avi\u00f3n en autob\u00fas ou en transporte privado. Sede e espazos Con&hellip;&nbsp;<a href=\"https:\/\/ilg.usc.gal\/ajlsantiago\/localizacion\" rel=\"bookmark\">Ler m\u00e1is &raquo;<span class=\"screen-reader-text\">Localizaci\u00f3n<\/span><\/a><\/p>\n","protected":false},"author":1,"featured_media":0,"parent":0,"menu_order":0,"comment_status":"closed","ping_status":"closed","template":"","meta":{"neve_meta_sidebar":"","neve_meta_container":"","neve_meta_enable_content_width":"","neve_meta_content_width":0,"neve_meta_title_alignment":"","neve_meta_author_avatar":"","neve_post_elements_order":"","neve_meta_disable_header":"","neve_meta_disable_footer":"","neve_meta_disable_title":"","footnotes":""},"class_list":["post-445","page","type-page","status-publish","hentry"],"_links":{"self":[{"href":"https:\/\/ilg.usc.gal\/ajlsantiago\/wp-json\/wp\/v2\/pages\/445","targetHints":{"allow":["GET"]}}],"collection":[{"href":"https:\/\/ilg.usc.gal\/ajlsantiago\/wp-json\/wp\/v2\/pages"}],"about":[{"href":"https:\/\/ilg.usc.gal\/ajlsantiago\/wp-json\/wp\/v2\/types\/page"}],"author":[{"embeddable":true,"href":"https:\/\/ilg.usc.gal\/ajlsantiago\/wp-json\/wp\/v2\/users\/1"}],"replies":[{"embeddable":true,"href":"https:\/\/ilg.usc.gal\/ajlsantiago\/wp-json\/wp\/v2\/comments?post=445"}],"version-history":[{"count":17,"href":"https:\/\/ilg.usc.gal\/ajlsantiago\/wp-json\/wp\/v2\/pages\/445\/revisions"}],"predecessor-version":[{"id":671,"href":"https:\/\/ilg.usc.gal\/ajlsantiago\/wp-json\/wp\/v2\/pages\/445\/revisions\/671"}],"wp:attachment":[{"href":"https:\/\/ilg.usc.gal\/ajlsantiago\/wp-json\/wp\/v2\/media?parent=445"}],"curies":[{"name":"wp","href":"https:\/\/api.w.org\/{rel}","templated":true}]}}