{"id":493,"date":"2024-01-26T07:58:23","date_gmt":"2024-01-26T07:58:23","guid":{"rendered":"http:\/\/ajlsantiago.gal\/?page_id=493"},"modified":"2025-03-14T10:24:38","modified_gmt":"2025-03-14T09:24:38","slug":"apoios","status":"publish","type":"page","link":"https:\/\/ilg.usc.gal\/ajlsantiago\/apoios","title":{"rendered":"Apoios"},"content":{"rendered":"\n<p>Este evento \u00e9 posible grazas:<\/p>\n\n\n\n<div class=\"wp-block-group\"><div class=\"wp-block-group__inner-container is-layout-constrained wp-block-group-is-layout-constrained\">\n<p><img loading=\"lazy\" decoding=\"async\" width=\"150\" height=\"43\" class=\"wp-image-528\" style=\"width: 150px;\" src=\"http:\/\/ajlsantiago.gal\/wp-content\/uploads\/2024\/01\/xunta-2.png\" alt=\"\" srcset=\"https:\/\/ilg.usc.gal\/ajlsantiago\/wp-content\/uploads\/2024\/01\/xunta-2.png 7000w, https:\/\/ilg.usc.gal\/ajlsantiago\/wp-content\/uploads\/2024\/01\/xunta-2-300x86.png 300w, https:\/\/ilg.usc.gal\/ajlsantiago\/wp-content\/uploads\/2024\/01\/xunta-2-1024x293.png 1024w, https:\/\/ilg.usc.gal\/ajlsantiago\/wp-content\/uploads\/2024\/01\/xunta-2-768x219.png 768w, https:\/\/ilg.usc.gal\/ajlsantiago\/wp-content\/uploads\/2024\/01\/xunta-2-1536x439.png 1536w, https:\/\/ilg.usc.gal\/ajlsantiago\/wp-content\/uploads\/2024\/01\/xunta-2-2048x585.png 2048w\" sizes=\"auto, (max-width: 150px) 100vw, 150px\" \/> <\/p>\n\n\n\n<p>\u00d3 financiamento da <strong>Secretar\u00eda Xeral de Universidades<\/strong> e da <strong><a href=\"http:\/\/www.lingua.gal\">Secretar\u00eda Xeral de Pol\u00edtica Ling\u00fc\u00edstica<\/a><\/strong> da Xunta de Galicia.<\/p>\n<\/div><\/div>\n\n\n\n<div style=\"height:20px\" aria-hidden=\"true\" class=\"wp-block-spacer\"><\/div>\n\n\n\n<p><img loading=\"lazy\" decoding=\"async\" width=\"150\" height=\"54\" class=\"wp-image-976\" style=\"width: 150px;\" src=\"https:\/\/ajlsantiago.gal\/wp-content\/uploads\/2024\/10\/ILG_cor.png\" alt=\"\" srcset=\"https:\/\/ilg.usc.gal\/ajlsantiago\/wp-content\/uploads\/2024\/10\/ILG_cor.png 1028w, https:\/\/ilg.usc.gal\/ajlsantiago\/wp-content\/uploads\/2024\/10\/ILG_cor-300x108.png 300w, https:\/\/ilg.usc.gal\/ajlsantiago\/wp-content\/uploads\/2024\/10\/ILG_cor-1024x370.png 1024w, https:\/\/ilg.usc.gal\/ajlsantiago\/wp-content\/uploads\/2024\/10\/ILG_cor-768x277.png 768w\" sizes=\"auto, (max-width: 150px) 100vw, 150px\" \/><\/p>\n\n\n\n<p>\u00d3 financiamento do <strong><a href=\"http:\/\/ilg.usc.gal\">Instituto da Lingua Galega<\/a><\/strong> da Universidade de Santiago de Compostela.<\/p>\n\n\n\n<div style=\"height:20px\" aria-hidden=\"true\" class=\"wp-block-spacer\"><\/div>\n\n\n\n<p><img loading=\"lazy\" decoding=\"async\" width=\"160\" height=\"39\" class=\"wp-image-530\" style=\"width: 160px;\" src=\"http:\/\/ajlsantiago.gal\/wp-content\/uploads\/2024\/01\/7bcfd194-2a7c-4946-a889-d5d78d0c1219.png\" alt=\"\" srcset=\"https:\/\/ilg.usc.gal\/ajlsantiago\/wp-content\/uploads\/2024\/01\/7bcfd194-2a7c-4946-a889-d5d78d0c1219.png 1579w, https:\/\/ilg.usc.gal\/ajlsantiago\/wp-content\/uploads\/2024\/01\/7bcfd194-2a7c-4946-a889-d5d78d0c1219-300x73.png 300w, https:\/\/ilg.usc.gal\/ajlsantiago\/wp-content\/uploads\/2024\/01\/7bcfd194-2a7c-4946-a889-d5d78d0c1219-1024x249.png 1024w, https:\/\/ilg.usc.gal\/ajlsantiago\/wp-content\/uploads\/2024\/01\/7bcfd194-2a7c-4946-a889-d5d78d0c1219-768x187.png 768w, https:\/\/ilg.usc.gal\/ajlsantiago\/wp-content\/uploads\/2024\/01\/7bcfd194-2a7c-4946-a889-d5d78d0c1219-1536x374.png 1536w\" sizes=\"auto, (max-width: 160px) 100vw, 160px\" \/><\/p>\n\n\n\n<p>\u00d3 financiamento do <a href=\"https:\/\/www.cultura.gob.es\/portada.html\"><strong>Ministerio de Cultura<\/strong><\/a>.<\/p>\n\n\n\n<figure class=\"wp-block-image size-large is-resized\"><img loading=\"lazy\" decoding=\"async\" width=\"1024\" height=\"331\" src=\"https:\/\/ilg.usc.gal\/ajlsantiago\/wp-content\/uploads\/2025\/03\/MCUL.Gob_-1-1024x331.png\" alt=\"\" class=\"wp-image-1091\" style=\"width:208px;height:auto\" srcset=\"https:\/\/ilg.usc.gal\/ajlsantiago\/wp-content\/uploads\/2025\/03\/MCUL.Gob_-1-1024x331.png 1024w, https:\/\/ilg.usc.gal\/ajlsantiago\/wp-content\/uploads\/2025\/03\/MCUL.Gob_-1-300x97.png 300w, https:\/\/ilg.usc.gal\/ajlsantiago\/wp-content\/uploads\/2025\/03\/MCUL.Gob_-1-768x248.png 768w, https:\/\/ilg.usc.gal\/ajlsantiago\/wp-content\/uploads\/2025\/03\/MCUL.Gob_-1-1536x496.png 1536w, https:\/\/ilg.usc.gal\/ajlsantiago\/wp-content\/uploads\/2025\/03\/MCUL.Gob_-1-2048x662.png 2048w\" sizes=\"auto, (max-width: 1024px) 100vw, 1024px\" \/><\/figure>\n\n\n\n<p><\/p>\n\n\n\n<p>\u00d3 financiamento e \u00e1 cesi\u00f3n dos espazos da <strong><a href=\"http:\/\/www.usc.gal\/filoloxia\" data-type=\"link\" data-id=\"http:\/\/www.usc.gal\/filoloxia\">Facultade de Filolox\u00eda<\/a><\/strong> da Universidade de Santiago de Compostela.<\/p>\n\n\n\n<p class=\"has-text-align-left\">\u00d3 financiamento dos Departamentos de <strong>Filolox\u00eda Cl\u00e1sica, Francesa e Italiana<\/strong>; <strong>Filolox\u00eda Galega<\/strong>; <strong>Filolox\u00eda Inglesa e Alem\u00e1<\/strong> e <strong>Lingua e Literatura Espa\u00f1olas, Teor\u00eda da Literatura e Ling\u00fc\u00edstica Xeral<\/strong> da Universidade de Santiago de Compostela.<\/p>\n\n\n\n<div style=\"height:20px\" aria-hidden=\"true\" class=\"wp-block-spacer\"><\/div>\n\n\n\n<p><img loading=\"lazy\" decoding=\"async\" width=\"150\" height=\"71\" class=\"wp-image-565\" style=\"width: 150px;\" src=\"http:\/\/ajlsantiago.gal\/wp-content\/uploads\/2024\/01\/emlex-1.png\" alt=\"\" srcset=\"https:\/\/ilg.usc.gal\/ajlsantiago\/wp-content\/uploads\/2024\/01\/emlex-1.png 1098w, https:\/\/ilg.usc.gal\/ajlsantiago\/wp-content\/uploads\/2024\/01\/emlex-1-300x141.png 300w, https:\/\/ilg.usc.gal\/ajlsantiago\/wp-content\/uploads\/2024\/01\/emlex-1-1024x482.png 1024w, https:\/\/ilg.usc.gal\/ajlsantiago\/wp-content\/uploads\/2024\/01\/emlex-1-768x362.png 768w\" sizes=\"auto, (max-width: 150px) 100vw, 150px\" \/><\/p>\n\n\n\n<figure class=\"wp-block-image size-full is-resized\"><img loading=\"lazy\" decoding=\"async\" width=\"491\" height=\"103\" src=\"https:\/\/ajlsantiago.gal\/wp-content\/uploads\/2024\/06\/images-1.png\" alt=\"\" class=\"wp-image-760\" style=\"width:224px;height:auto\" srcset=\"https:\/\/ilg.usc.gal\/ajlsantiago\/wp-content\/uploads\/2024\/06\/images-1.png 491w, https:\/\/ilg.usc.gal\/ajlsantiago\/wp-content\/uploads\/2024\/06\/images-1-300x63.png 300w\" sizes=\"auto, (max-width: 491px) 100vw, 491px\" \/><\/figure>\n\n\n\n<p>\u00d3 financiamento do <strong><a href=\"https:\/\/www.emlex.eu.usc.gal\" data-type=\"link\" data-id=\"https:\/\/www.emlex.eu.usc.gal\">M\u00e1ster Europeo en Lexicograf\u00eda<\/a><\/strong>.<\/p>\n\n\n\n<div style=\"height:20px\" aria-hidden=\"true\" class=\"wp-block-spacer\"><\/div>\n\n\n\n<p><img loading=\"lazy\" decoding=\"async\" width=\"120\" height=\"102\" class=\"wp-image-566\" style=\"width: 120px;\" src=\"http:\/\/ajlsantiago.gal\/wp-content\/uploads\/2024\/01\/VLCG-1.gif\" alt=\"\"><\/p>\n\n\n\n<p>\u00d3 financiamento do <strong><a href=\"https:\/\/usc-vlcg.es\">Grupo de investigaci\u00f3n Variaci\u00f3n, Cambio Ling\u00fc\u00edstico e Gramaticalizaci\u00f3n<\/a><\/strong> da Universidade de Santiago de Compostela.<\/p>\n\n\n\n<div style=\"height:20px\" aria-hidden=\"true\" class=\"wp-block-spacer\"><\/div>\n\n\n\n<p><img loading=\"lazy\" decoding=\"async\" width=\"100\" height=\"100\" class=\"wp-image-575\" style=\"width: 100px;\" src=\"http:\/\/ajlsantiago.gal\/wp-content\/uploads\/2024\/01\/puntogal-1-e1706278035617.png\" alt=\"\"><\/p>\n\n\n\n<p>\u00d3 apoio de <strong><a href=\"https:\/\/dominio.gal\" data-type=\"link\" data-id=\"https:\/\/dominio.gal\">PuntoGal<\/a><\/strong>. As persoas socias da AJL ter\u00e1n un <strong>prezo promocional<\/strong> na adquisici\u00f3n dun dominio .gal. Contactade co comit\u00e9 para obter o desconto.<\/p>\n\n\n\n<div style=\"height:20px\" aria-hidden=\"true\" class=\"wp-block-spacer\"><\/div>\n\n\n\n<p><img loading=\"lazy\" decoding=\"async\" width=\"150\" height=\"33\" class=\"wp-image-588\" style=\"width: 150px;\" src=\"http:\/\/ajlsantiago.gal\/wp-content\/uploads\/2024\/01\/logo-color-grande.jpeg\" alt=\"\"><\/p>\n\n\n\n<p>\u00d3 apoio de <a href=\"https:\/\/gl.dinahosting.com\"><strong>Dinahosting<\/strong><\/a>. <\/p>\n\n\n\n<div style=\"height:20px\" aria-hidden=\"true\" class=\"wp-block-spacer\"><\/div>\n\n\n\n<p><\/p>\n\n\n\n<p><\/p>\n","protected":false},"excerpt":{"rendered":"<p>Este evento \u00e9 posible grazas: \u00d3 financiamento da Secretar\u00eda Xeral de Universidades e da Secretar\u00eda Xeral de Pol\u00edtica Ling\u00fc\u00edstica da Xunta de Galicia. \u00d3 financiamento do Instituto da Lingua Galega da Universidade de Santiago de Compostela. \u00d3 financiamento do Ministerio de Cultura. \u00d3 financiamento e \u00e1 cesi\u00f3n dos espazos da Facultade de Filolox\u00eda da Universidade&hellip;&nbsp;<a href=\"https:\/\/ilg.usc.gal\/ajlsantiago\/apoios\" rel=\"bookmark\">Ler m\u00e1is &raquo;<span class=\"screen-reader-text\">Apoios<\/span><\/a><\/p>\n","protected":false},"author":1,"featured_media":0,"parent":0,"menu_order":0,"comment_status":"closed","ping_status":"closed","template":"","meta":{"neve_meta_sidebar":"","neve_meta_container":"default","neve_meta_enable_content_width":"","neve_meta_content_width":0,"neve_meta_title_alignment":"","neve_meta_author_avatar":"","neve_post_elements_order":"","neve_meta_disable_header":"","neve_meta_disable_footer":"","neve_meta_disable_title":"","footnotes":""},"class_list":["post-493","page","type-page","status-publish","hentry"],"_links":{"self":[{"href":"https:\/\/ilg.usc.gal\/ajlsantiago\/wp-json\/wp\/v2\/pages\/493","targetHints":{"allow":["GET"]}}],"collection":[{"href":"https:\/\/ilg.usc.gal\/ajlsantiago\/wp-json\/wp\/v2\/pages"}],"about":[{"href":"https:\/\/ilg.usc.gal\/ajlsantiago\/wp-json\/wp\/v2\/types\/page"}],"author":[{"embeddable":true,"href":"https:\/\/ilg.usc.gal\/ajlsantiago\/wp-json\/wp\/v2\/users\/1"}],"replies":[{"embeddable":true,"href":"https:\/\/ilg.usc.gal\/ajlsantiago\/wp-json\/wp\/v2\/comments?post=493"}],"version-history":[{"count":30,"href":"https:\/\/ilg.usc.gal\/ajlsantiago\/wp-json\/wp\/v2\/pages\/493\/revisions"}],"predecessor-version":[{"id":1096,"href":"https:\/\/ilg.usc.gal\/ajlsantiago\/wp-json\/wp\/v2\/pages\/493\/revisions\/1096"}],"wp:attachment":[{"href":"https:\/\/ilg.usc.gal\/ajlsantiago\/wp-json\/wp\/v2\/media?parent=493"}],"curies":[{"name":"wp","href":"https:\/\/api.w.org\/{rel}","templated":true}]}}