{"id":5,"date":"2022-03-10T07:47:12","date_gmt":"2022-03-10T07:47:12","guid":{"rendered":"http:\/\/ajlsantiago.gal\/?page_id=5"},"modified":"2025-03-14T10:19:49","modified_gmt":"2025-03-14T09:19:49","slug":"inicio","status":"publish","type":"page","link":"https:\/\/ilg.usc.gal\/ajlsantiago\/es\/inicio","title":{"rendered":"XXXVIII Congreso Internacional AJL"},"content":{"rendered":"<div class=\"wp-block-image\">\n<figure class=\"aligncenter size-large is-resized\"><img loading=\"lazy\" decoding=\"async\" width=\"1024\" height=\"1024\" src=\"http:\/\/ajlsantiago.gal\/wp-content\/uploads\/2023\/12\/ajl_logo-1024x1024.png\" alt=\"\" class=\"wp-image-297\" style=\"width:640px;height:auto\" srcset=\"https:\/\/ilg.usc.gal\/ajlsantiago\/wp-content\/uploads\/2023\/12\/ajl_logo-1024x1024.png 1024w, https:\/\/ilg.usc.gal\/ajlsantiago\/wp-content\/uploads\/2023\/12\/ajl_logo-300x300.png 300w, https:\/\/ilg.usc.gal\/ajlsantiago\/wp-content\/uploads\/2023\/12\/ajl_logo-150x150.png 150w, https:\/\/ilg.usc.gal\/ajlsantiago\/wp-content\/uploads\/2023\/12\/ajl_logo-768x768.png 768w, https:\/\/ilg.usc.gal\/ajlsantiago\/wp-content\/uploads\/2023\/12\/ajl_logo.png 1080w\" sizes=\"auto, (max-width: 1024px) 100vw, 1024px\" \/><\/figure>\n<\/div>\n\n\n<h4 style=\"--tw-animation-delay:0.2s;\" class=\"wp-block-heading has-text-align-center tw-block-animation tw-animation-scale-in tw-duration-5\"><mark style=\"background-color:rgba(0, 0, 0, 0);color:#172f73\" class=\"has-inline-color\">\u00a1Bienvenida!<\/mark><\/h4>\n\n\n\n<p class=\"has-text-align-center\">La <strong>Asociaci\u00f3n de J\u00f3venes Ling\u00fcistas<\/strong> fomenta el intercambio de conocimientos en el \u00e1mbito de la ling\u00fc\u00edstica al organizar cada a\u00f1o un destacado encuentro internacional dirigido a investigadoras no doctoras (estudiantes de grado, m\u00e1ster o doctorado). As\u00ed, nos complace anunciar que la pr\u00f3xima edici\u00f3n se celebrar\u00e1 en la<strong> Facultade de Filolox\u00eda de la Universidade de Santiago de Compostela, del 16 al 18 de octubre de 2024<\/strong>, en un formato presencial que promover\u00e1 el di\u00e1logo y la colaboraci\u00f3n entre las personas participantes.<\/p>\n\n\n\n<p class=\"has-text-align-center\">Ante una realidad lingu\u0308\u00edstica digl\u00f3sica enormemente compleja, consideramos que la riqueza lingu\u0308\u00edstica del territorio ha de ser tambi\u00e9n motor y motivo de peso durante el pr\u00f3ximo congreso. De este modo, esperamos poder ofrecer un programa variado y multilingu\u0308e, en el que <strong>cualquier lengua de la pen\u00ednsula sea objeto de estudio, pero tambi\u00e9n veh\u00edculo de ciencia<\/strong>.<\/p>\n\n\n\n<p class=\"has-text-align-center\"> \u00a1Esperamos con entusiasmo recibir tu valiosa contribuci\u00f3n y compartir juntas esta experiencia \u00fanica de aprendizaje e intercambio acad\u00e9mico!<\/p>\n\n\n<div class=\"wp-block-image\">\n<figure class=\"aligncenter size-large is-resized\"><img loading=\"lazy\" decoding=\"async\" width=\"1024\" height=\"410\" src=\"https:\/\/ilg.usc.gal\/ajlsantiago\/wp-content\/uploads\/2025\/03\/Con-la-financiacion-de-6-1024x410.png\" alt=\"\" class=\"wp-image-1085\" style=\"width:887px;height:auto\" srcset=\"https:\/\/ilg.usc.gal\/ajlsantiago\/wp-content\/uploads\/2025\/03\/Con-la-financiacion-de-6-1024x410.png 1024w, https:\/\/ilg.usc.gal\/ajlsantiago\/wp-content\/uploads\/2025\/03\/Con-la-financiacion-de-6-300x120.png 300w, https:\/\/ilg.usc.gal\/ajlsantiago\/wp-content\/uploads\/2025\/03\/Con-la-financiacion-de-6-768x307.png 768w, https:\/\/ilg.usc.gal\/ajlsantiago\/wp-content\/uploads\/2025\/03\/Con-la-financiacion-de-6.png 1500w\" sizes=\"auto, (max-width: 1024px) 100vw, 1024px\" \/><\/figure>\n<\/div>\n\n\n<p><\/p>\n","protected":false},"excerpt":{"rendered":"<p>\u00a1Bienvenida! La Asociaci\u00f3n de J\u00f3venes Ling\u00fcistas fomenta el intercambio de conocimientos en el \u00e1mbito de la ling\u00fc\u00edstica al organizar cada a\u00f1o un destacado encuentro internacional dirigido a investigadoras no doctoras (estudiantes de grado, m\u00e1ster o doctorado). As\u00ed, nos complace anunciar que la pr\u00f3xima edici\u00f3n se celebrar\u00e1 en la Facultade de Filolox\u00eda de la Universidade de&hellip;&nbsp;<a href=\"https:\/\/ilg.usc.gal\/ajlsantiago\/es\/inicio\" rel=\"bookmark\">Ler m\u00e1is &raquo;<span class=\"screen-reader-text\">XXXVIII Congreso Internacional AJL<\/span><\/a><\/p>\n","protected":false},"author":1,"featured_media":0,"parent":0,"menu_order":0,"comment_status":"closed","ping_status":"closed","template":"","meta":{"neve_meta_sidebar":"","neve_meta_container":"","neve_meta_enable_content_width":"","neve_meta_content_width":0,"neve_meta_title_alignment":"","neve_meta_author_avatar":"","neve_post_elements_order":"","neve_meta_disable_header":"","neve_meta_disable_footer":"","neve_meta_disable_title":"on","footnotes":""},"class_list":["post-5","page","type-page","status-publish","hentry"],"_links":{"self":[{"href":"https:\/\/ilg.usc.gal\/ajlsantiago\/wp-json\/wp\/v2\/pages\/5","targetHints":{"allow":["GET"]}}],"collection":[{"href":"https:\/\/ilg.usc.gal\/ajlsantiago\/wp-json\/wp\/v2\/pages"}],"about":[{"href":"https:\/\/ilg.usc.gal\/ajlsantiago\/wp-json\/wp\/v2\/types\/page"}],"author":[{"embeddable":true,"href":"https:\/\/ilg.usc.gal\/ajlsantiago\/wp-json\/wp\/v2\/users\/1"}],"replies":[{"embeddable":true,"href":"https:\/\/ilg.usc.gal\/ajlsantiago\/wp-json\/wp\/v2\/comments?post=5"}],"version-history":[{"count":67,"href":"https:\/\/ilg.usc.gal\/ajlsantiago\/wp-json\/wp\/v2\/pages\/5\/revisions"}],"predecessor-version":[{"id":1087,"href":"https:\/\/ilg.usc.gal\/ajlsantiago\/wp-json\/wp\/v2\/pages\/5\/revisions\/1087"}],"wp:attachment":[{"href":"https:\/\/ilg.usc.gal\/ajlsantiago\/wp-json\/wp\/v2\/media?parent=5"}],"curies":[{"name":"wp","href":"https:\/\/api.w.org\/{rel}","templated":true}]}}