{"id":674,"date":"2024-06-10T12:13:42","date_gmt":"2024-06-10T11:13:42","guid":{"rendered":"https:\/\/ajlsantiago.gal\/?page_id=674"},"modified":"2024-10-10T16:16:38","modified_gmt":"2024-10-10T15:16:38","slug":"informacion-de-interes","status":"publish","type":"page","link":"https:\/\/ilg.usc.gal\/ajlsantiago\/es\/informacion-de-interes","title":{"rendered":"Informaci\u00f3n de inter\u00e9s"},"content":{"rendered":"\n<p>En la p\u00e1gina web de <a href=\"https:\/\/www.santiagoturismo.com\/\">Turismo de Santiago de Compostela<\/a> encontrar\u00e9is una gu\u00eda completa para planificar vuestra visita. Ofrece informaci\u00f3n sobre alojamientos, recomendaciones de actividades tur\u00edsticas, culturales y gastron\u00f3micas, as\u00ed como detalles sobre turismo responsable y sostenibilidad.<\/p>\n\n\n\n<p>En la p\u00e1gina web de <a href=\"https:\/\/www.meteogalicia.gal\/web\/predicion\/concellos\/15078\/0\">MeteoGalicia<\/a> pod\u00e9is consultar la predicci\u00f3n del tiempo meteorol\u00f3gico para Santiago de Compostela durante los d\u00edas del congreso.<\/p>\n\n\n\n<h4 class=\"wp-block-heading\">Alojamiento <\/h4>\n\n\n\n<p>Santiago de Compostela, siendo un destino popular tanto para peregrinos como para turistas, ofrece una amplia variedad de alojamientos que van desde albergues y pensiones hasta hoteles de lujo. Sin embargo, es recomendable reservar con antelaci\u00f3n. Aqu\u00ed os mencionamos algunas de las opciones que pod\u00e9is considerar:<\/p>\n\n\n<div class=\"wp-block-image\">\n<figure class=\"aligncenter size-large is-resized\"><img loading=\"lazy\" decoding=\"async\" width=\"1024\" height=\"576\" src=\"https:\/\/ajlsantiago.gal\/wp-content\/uploads\/2024\/06\/Alojamiento-1024x576.png\" alt=\"\" class=\"wp-image-698\" style=\"width:832px;height:auto\" srcset=\"https:\/\/ilg.usc.gal\/ajlsantiago\/wp-content\/uploads\/2024\/06\/Alojamiento-1024x576.png 1024w, https:\/\/ilg.usc.gal\/ajlsantiago\/wp-content\/uploads\/2024\/06\/Alojamiento-300x169.png 300w, https:\/\/ilg.usc.gal\/ajlsantiago\/wp-content\/uploads\/2024\/06\/Alojamiento-768x432.png 768w, https:\/\/ilg.usc.gal\/ajlsantiago\/wp-content\/uploads\/2024\/06\/Alojamiento-1536x864.png 1536w, https:\/\/ilg.usc.gal\/ajlsantiago\/wp-content\/uploads\/2024\/06\/Alojamiento.png 1920w\" sizes=\"auto, (max-width: 1024px) 100vw, 1024px\" \/><\/figure>\n<\/div>\n\n\n<p>Para evitar contribuir a la gentrificaci\u00f3n de la ciudad y en beneficio de un turismo m\u00e1s sostenible, os rogamos evitar reservar alojamiento a trav\u00e9s de plataformas de pisos tur\u00edsticos.<\/p>\n\n\n\n<h4 class=\"wp-block-heading\">Qu\u00e9 ver en Santiago de Compostela <\/h4>\n\n\n\n<p>La ciudad de Santiago de Compostela es el escenario perfecto para continuar la experiencia del congreso fuera de las paredes de la Facultad de Filolog\u00eda. Patrimonio de la Humanidad desde 1985, este n\u00facleo de la peregrinaci\u00f3n del cristianismo es un tesoro art\u00edstico, arquitect\u00f3nico e hist\u00f3rico de valor incalculable. A tan solo treinta minutos a pie entre sus puntos m\u00e1s alejados, sus callejuelas estrechas, su piedra caracter\u00edstica y sus edificios invitan a perderse y transportarse a otros tiempos, para siempre despertar frente a una catedral que no deja indiferente a nadie. La ciudad mantiene intacta su esencia mientras mezcla tradici\u00f3n y modernidad a trav\u00e9s de sus propuestas gastron\u00f3micas, su hosteler\u00eda y, especialmente, su rica y variada oferta cultural.<\/p>\n\n\n\n<p>El patrimonio de la ciudad tambi\u00e9n es inmaterial, pues no podr\u00eda entenderse sin la consideraci\u00f3n y la puesta en valor de la lengua gallega: tesoro ling\u00fc\u00edstico y rasgo distintivo y caracterizador de una identidad cultural propia.<\/p>\n\n\n\n<p>Os dejamos algunas recomendaciones para que aprovech\u00e9is y disfrut\u00e9is al m\u00e1ximo de vuestra visita:<\/p>\n\n\n<div class=\"wp-block-image\">\n<figure class=\"aligncenter size-large is-resized\"><img loading=\"lazy\" decoding=\"async\" width=\"1024\" height=\"576\" src=\"https:\/\/ajlsantiago.gal\/wp-content\/uploads\/2024\/06\/1-1024x576.png\" alt=\"\" class=\"wp-image-699\" style=\"width:900px\" srcset=\"https:\/\/ilg.usc.gal\/ajlsantiago\/wp-content\/uploads\/2024\/06\/1-1024x576.png 1024w, https:\/\/ilg.usc.gal\/ajlsantiago\/wp-content\/uploads\/2024\/06\/1-300x169.png 300w, https:\/\/ilg.usc.gal\/ajlsantiago\/wp-content\/uploads\/2024\/06\/1-768x432.png 768w, https:\/\/ilg.usc.gal\/ajlsantiago\/wp-content\/uploads\/2024\/06\/1-1536x864.png 1536w, https:\/\/ilg.usc.gal\/ajlsantiago\/wp-content\/uploads\/2024\/06\/1.png 1920w\" sizes=\"auto, (max-width: 1024px) 100vw, 1024px\" \/><\/figure>\n<\/div>\n\n<div class=\"wp-block-image\">\n<figure class=\"aligncenter size-large is-resized\"><img loading=\"lazy\" decoding=\"async\" width=\"1024\" height=\"576\" src=\"https:\/\/ajlsantiago.gal\/wp-content\/uploads\/2024\/06\/3-1024x576.png\" alt=\"\" class=\"wp-image-700\" style=\"width:898px;height:auto\" srcset=\"https:\/\/ilg.usc.gal\/ajlsantiago\/wp-content\/uploads\/2024\/06\/3-1024x576.png 1024w, https:\/\/ilg.usc.gal\/ajlsantiago\/wp-content\/uploads\/2024\/06\/3-300x169.png 300w, https:\/\/ilg.usc.gal\/ajlsantiago\/wp-content\/uploads\/2024\/06\/3-768x432.png 768w, https:\/\/ilg.usc.gal\/ajlsantiago\/wp-content\/uploads\/2024\/06\/3-1536x864.png 1536w, https:\/\/ilg.usc.gal\/ajlsantiago\/wp-content\/uploads\/2024\/06\/3.png 1920w\" sizes=\"auto, (max-width: 1024px) 100vw, 1024px\" \/><\/figure>\n<\/div>\n\n<div class=\"wp-block-image\">\n<figure class=\"aligncenter size-large is-resized\"><img loading=\"lazy\" decoding=\"async\" width=\"1024\" height=\"576\" src=\"https:\/\/ajlsantiago.gal\/wp-content\/uploads\/2024\/06\/Turismo-1024x576.png\" alt=\"\" class=\"wp-image-733\" style=\"width:900px\" srcset=\"https:\/\/ilg.usc.gal\/ajlsantiago\/wp-content\/uploads\/2024\/06\/Turismo-1024x576.png 1024w, https:\/\/ilg.usc.gal\/ajlsantiago\/wp-content\/uploads\/2024\/06\/Turismo-300x169.png 300w, https:\/\/ilg.usc.gal\/ajlsantiago\/wp-content\/uploads\/2024\/06\/Turismo-768x432.png 768w, https:\/\/ilg.usc.gal\/ajlsantiago\/wp-content\/uploads\/2024\/06\/Turismo-1536x864.png 1536w, https:\/\/ilg.usc.gal\/ajlsantiago\/wp-content\/uploads\/2024\/06\/Turismo.png 1920w\" sizes=\"auto, (max-width: 1024px) 100vw, 1024px\" \/><\/figure>\n<\/div>\n\n\n<div style=\"height:53px\" aria-hidden=\"true\" class=\"wp-block-spacer\"><\/div>\n\n\n\n<h2 class=\"wp-block-heading\">Alternativas para comer cerca de la Facultad<\/h2>\n\n\n\n<p>Dispondr\u00e9is de bonos comedor para utilizar durante el congreso en el comedor universitario de la <a href=\"https:\/\/maps.app.goo.gl\/H6b4BPu1oeuWTkm4A\" data-type=\"link\" data-id=\"https:\/\/maps.app.goo.gl\/H6b4BPu1oeuWTkm4A\">Residencia Burgo das Naci\u00f3ns<\/a> <a href=\"https:\/\/maps.app.goo.gl\/78csvXPNj98rFjZPA\" data-type=\"link\" data-id=\"https:\/\/maps.app.goo.gl\/78csvXPNj98rFjZPA\">(en frente a la Facultad de Filolog\u00eda)<\/a>. Sin embargo, os dejamos algunas recomendaciones de restaurantes pr\u00f3ximos a la Facultad:<\/p>\n\n\n\n<ul class=\"wp-block-list\">\n<li><a href=\"https:\/\/maps.app.goo.gl\/t9ft1YpztY8YSHGu7\" data-type=\"link\" data-id=\"https:\/\/maps.app.goo.gl\/t9ft1YpztY8YSHGu7\">O carro de Eli<\/a> <\/li>\n\n\n\n<li><a href=\"https:\/\/maps.app.goo.gl\/yLx1uj5vmVZtW8Sr8\" data-type=\"link\" data-id=\"https:\/\/maps.app.goo.gl\/yLx1uj5vmVZtW8Sr8\">NuMaru <\/a><\/li>\n\n\n\n<li><a href=\"https:\/\/maps.app.goo.gl\/2YKb5AmAct9HZP6x7\" data-type=\"link\" data-id=\"https:\/\/maps.app.goo.gl\/2YKb5AmAct9HZP6x7\">O cesto <\/a><\/li>\n\n\n\n<li><a href=\"https:\/\/maps.app.goo.gl\/JsRjpxhKAV9ygJQL6\" data-type=\"link\" data-id=\"https:\/\/maps.app.goo.gl\/JsRjpxhKAV9ygJQL6\">Cafeter\u00eda Nari\u00f1o <\/a><\/li>\n\n\n\n<li><a href=\"https:\/\/g.co\/kgs\/in8vgWJ\" data-type=\"link\" data-id=\"https:\/\/g.co\/kgs\/in8vgWJ\">Lasso<\/a> (Auditorio de Galicia)<\/li>\n\n\n\n<li><a href=\"https:\/\/maps.app.goo.gl\/fnrBitzwZfi6Kh1e8\" data-type=\"link\" data-id=\"https:\/\/maps.app.goo.gl\/fnrBitzwZfi6Kh1e8\">Mes\u00f3n do pulpo<\/a> <\/li>\n\n\n\n<li><a href=\"https:\/\/maps.app.goo.gl\/hpBiGysfVhmbaPfi8\" data-type=\"link\" data-id=\"https:\/\/maps.app.goo.gl\/hpBiGysfVhmbaPfi8\">Pu\u00f1al <\/a><\/li>\n\n\n\n<li><a href=\"https:\/\/maps.app.goo.gl\/9LYFK8tWXpywK2bY8\">Vucciria Pizza<\/a> <\/li>\n\n\n\n<li><a href=\"https:\/\/maps.app.goo.gl\/Efxmns7H2saiXf5B8\" data-type=\"link\" data-id=\"https:\/\/maps.app.goo.gl\/Efxmns7H2saiXf5B8\">Larpeir\u00eda <\/a>(comida para llevar) <\/li>\n<\/ul>\n\n\n\n<div style=\"height:100px\" aria-hidden=\"true\" class=\"wp-block-spacer\"><\/div>\n\n\n\n<h3 class=\"wp-block-heading alignwide has-text-align-center has-neve-link-color-color has-text-color has-link-color wp-elements-5b460d4ab6806dbd48dc10c1c024c0c1\">\u00a1Os esperamos!<\/h3>\n\n\n\n<div style=\"height:100px\" aria-hidden=\"true\" class=\"wp-block-spacer\"><\/div>\n\n\n\n<p><\/p>\n","protected":false},"excerpt":{"rendered":"<p>En la p\u00e1gina web de Turismo de Santiago de Compostela encontrar\u00e9is una gu\u00eda completa para planificar vuestra visita. Ofrece informaci\u00f3n sobre alojamientos, recomendaciones de actividades tur\u00edsticas, culturales y gastron\u00f3micas, as\u00ed como detalles sobre turismo responsable y sostenibilidad. En la p\u00e1gina web de MeteoGalicia pod\u00e9is consultar la predicci\u00f3n del tiempo meteorol\u00f3gico para Santiago de Compostela durante&hellip;&nbsp;<a href=\"https:\/\/ilg.usc.gal\/ajlsantiago\/es\/informacion-de-interes\" rel=\"bookmark\">Ler m\u00e1is &raquo;<span class=\"screen-reader-text\">Informaci\u00f3n de inter\u00e9s<\/span><\/a><\/p>\n","protected":false},"author":1,"featured_media":0,"parent":0,"menu_order":0,"comment_status":"closed","ping_status":"closed","template":"","meta":{"neve_meta_sidebar":"","neve_meta_container":"","neve_meta_enable_content_width":"","neve_meta_content_width":0,"neve_meta_title_alignment":"","neve_meta_author_avatar":"","neve_post_elements_order":"","neve_meta_disable_header":"","neve_meta_disable_footer":"","neve_meta_disable_title":"","footnotes":""},"class_list":["post-674","page","type-page","status-publish","hentry"],"_links":{"self":[{"href":"https:\/\/ilg.usc.gal\/ajlsantiago\/wp-json\/wp\/v2\/pages\/674","targetHints":{"allow":["GET"]}}],"collection":[{"href":"https:\/\/ilg.usc.gal\/ajlsantiago\/wp-json\/wp\/v2\/pages"}],"about":[{"href":"https:\/\/ilg.usc.gal\/ajlsantiago\/wp-json\/wp\/v2\/types\/page"}],"author":[{"embeddable":true,"href":"https:\/\/ilg.usc.gal\/ajlsantiago\/wp-json\/wp\/v2\/users\/1"}],"replies":[{"embeddable":true,"href":"https:\/\/ilg.usc.gal\/ajlsantiago\/wp-json\/wp\/v2\/comments?post=674"}],"version-history":[{"count":14,"href":"https:\/\/ilg.usc.gal\/ajlsantiago\/wp-json\/wp\/v2\/pages\/674\/revisions"}],"predecessor-version":[{"id":1003,"href":"https:\/\/ilg.usc.gal\/ajlsantiago\/wp-json\/wp\/v2\/pages\/674\/revisions\/1003"}],"wp:attachment":[{"href":"https:\/\/ilg.usc.gal\/ajlsantiago\/wp-json\/wp\/v2\/media?parent=674"}],"curies":[{"name":"wp","href":"https:\/\/api.w.org\/{rel}","templated":true}]}}