{"id":676,"date":"2024-06-10T12:15:13","date_gmt":"2024-06-10T11:15:13","guid":{"rendered":"https:\/\/ajlsantiago.gal\/?page_id=676"},"modified":"2024-10-10T16:16:27","modified_gmt":"2024-10-10T15:16:27","slug":"informacion-de-interese","status":"publish","type":"page","link":"https:\/\/ilg.usc.gal\/ajlsantiago\/informacion-de-interese","title":{"rendered":"Informaci\u00f3n de interese"},"content":{"rendered":"\n<p>Na p\u00e1xina web de <a href=\"https:\/\/www.santiagoturismo.com\/\">Turismo de Santiago de Compostela<\/a> encontraredes unha gu\u00eda completa para planificardes a vosa visita. Ofrece informaci\u00f3n sobre aloxamentos, recomendaci\u00f3ns de actividades tur\u00edsticas, culturais e gastron\u00f3micas, as\u00ed como detalles sobre turismo responsable e sostibilidade. <\/p>\n\n\n\n<p>Na p\u00e1xina web de <a href=\"https:\/\/www.meteogalicia.gal\/web\/predicion\/concellos\/15078\/0\">MeteoGalicia<\/a> podedes consultar a predici\u00f3n do tempo meteorol\u00f3xico para Santiago de Compostela durante os d\u00edas do congreso.<\/p>\n\n\n\n<h4 class=\"wp-block-heading\">Aloxamento<\/h4>\n\n\n\n<p>Santiago de Compostela, como destino popular tanto para peregrinos como para turistas, ofrece unha ampla variedade de aloxamentos que van de albergues e pensi\u00f3ns at\u00e9 hoteis de luxo. Por\u00e9n, \u00e9 recomendable reservar de forma anticipada. Aqu\u00ed vos deixamos algunhas das opci\u00f3ns que podedes considerar:<\/p>\n\n\n<div class=\"wp-block-image\">\n<figure class=\"aligncenter size-large is-resized\"><img loading=\"lazy\" decoding=\"async\" width=\"1024\" height=\"576\" src=\"https:\/\/ajlsantiago.gal\/wp-content\/uploads\/2024\/06\/4-1024x576.png\" alt=\"\" class=\"wp-image-736\" style=\"width:900px\" srcset=\"https:\/\/ilg.usc.gal\/ajlsantiago\/wp-content\/uploads\/2024\/06\/4-1024x576.png 1024w, https:\/\/ilg.usc.gal\/ajlsantiago\/wp-content\/uploads\/2024\/06\/4-300x169.png 300w, https:\/\/ilg.usc.gal\/ajlsantiago\/wp-content\/uploads\/2024\/06\/4-768x432.png 768w, https:\/\/ilg.usc.gal\/ajlsantiago\/wp-content\/uploads\/2024\/06\/4-1536x864.png 1536w, https:\/\/ilg.usc.gal\/ajlsantiago\/wp-content\/uploads\/2024\/06\/4.png 1920w\" sizes=\"auto, (max-width: 1024px) 100vw, 1024px\" \/><\/figure>\n<\/div>\n\n\n<p>Para evitarmos contribu\u00edr \u00e1 xentrificaci\u00f3n da cidade e en prol dun turismo m\u00e1is sostible, pregamos que evitedes reservar aloxamento a trav\u00e9s de plataformas de apartamentos tur\u00edsticos.  <\/p>\n\n\n\n<h4 class=\"wp-block-heading\">Que ver en Santiago de Compostela<\/h4>\n\n\n\n<p>A cidade de Santiago de Compostela \u00e9 o escenario perfecto para continuardes a experiencia do congreso f\u00f3ra das paredes da Facultade de Filolox\u00eda. Patrimonio da Humanidade desde 1985, este n\u00facleo da peregrinaci\u00f3n do cristianismo \u00e9 un tesouro art\u00edstico, arquitect\u00f3nico e hist\u00f3rico de valor incalculable. A tan s\u00f3 trinta minutos a p\u00e9 entre os seus puntos m\u00e1is afastados, as s\u00faas r\u00faas estreitas, a s\u00faa pedra caracter\u00edstica e os seus edificios convidan a perderse e transportarse a outros tempos, para sempre espertar diante dunha catedral que non deixa a ningu\u00e9n indiferente. A cidade mant\u00e9n intacta a s\u00faa esencia mentres mestura tradici\u00f3n e modernidade a trav\u00e9s das s\u00faas propostas gastron\u00f3micas, a s\u00faa restauraci\u00f3n e, especialmente, a s\u00faa rica e variada oferta cultural.<\/p>\n\n\n\n<p>O patrimonio da cidade \u00e9 tam\u00e9n inmaterial, pois non poder\u00eda entenderse sen a consideraci\u00f3n e valoraci\u00f3n da lingua galega: tesouro ling\u00fc\u00edstico e trazo distintivo e caracterizador dunha identidade cultural propia.<\/p>\n\n\n\n<p>Deix\u00e1mosvos algunhas recomendaci\u00f3ns para aproveitardes e desfrutardes ao m\u00e1ximo a vosa visita:<\/p>\n\n\n<div class=\"wp-block-image\">\n<figure class=\"aligncenter size-large is-resized\"><img loading=\"lazy\" decoding=\"async\" width=\"1024\" height=\"576\" src=\"https:\/\/ajlsantiago.gal\/wp-content\/uploads\/2024\/06\/1-1-1024x576.png\" alt=\"\" class=\"wp-image-737\" style=\"width:900px\" srcset=\"https:\/\/ilg.usc.gal\/ajlsantiago\/wp-content\/uploads\/2024\/06\/1-1-1024x576.png 1024w, https:\/\/ilg.usc.gal\/ajlsantiago\/wp-content\/uploads\/2024\/06\/1-1-300x169.png 300w, https:\/\/ilg.usc.gal\/ajlsantiago\/wp-content\/uploads\/2024\/06\/1-1-768x432.png 768w, https:\/\/ilg.usc.gal\/ajlsantiago\/wp-content\/uploads\/2024\/06\/1-1-1536x864.png 1536w, https:\/\/ilg.usc.gal\/ajlsantiago\/wp-content\/uploads\/2024\/06\/1-1.png 1920w\" sizes=\"auto, (max-width: 1024px) 100vw, 1024px\" \/><\/figure>\n<\/div>\n\n<div class=\"wp-block-image\">\n<figure class=\"aligncenter size-large is-resized\"><img loading=\"lazy\" decoding=\"async\" width=\"1024\" height=\"576\" src=\"https:\/\/ajlsantiago.gal\/wp-content\/uploads\/2024\/06\/Turismo-1-1024x576.png\" alt=\"\" class=\"wp-image-747\" style=\"width:900px\" srcset=\"https:\/\/ilg.usc.gal\/ajlsantiago\/wp-content\/uploads\/2024\/06\/Turismo-1-1024x576.png 1024w, https:\/\/ilg.usc.gal\/ajlsantiago\/wp-content\/uploads\/2024\/06\/Turismo-1-300x169.png 300w, https:\/\/ilg.usc.gal\/ajlsantiago\/wp-content\/uploads\/2024\/06\/Turismo-1-768x432.png 768w, https:\/\/ilg.usc.gal\/ajlsantiago\/wp-content\/uploads\/2024\/06\/Turismo-1-1536x864.png 1536w, https:\/\/ilg.usc.gal\/ajlsantiago\/wp-content\/uploads\/2024\/06\/Turismo-1.png 1920w\" sizes=\"auto, (max-width: 1024px) 100vw, 1024px\" \/><\/figure>\n<\/div>\n\n<div class=\"wp-block-image\">\n<figure class=\"aligncenter size-large is-resized\"><img loading=\"lazy\" decoding=\"async\" width=\"1024\" height=\"576\" src=\"https:\/\/ajlsantiago.gal\/wp-content\/uploads\/2024\/06\/31-1024x576.png\" alt=\"\" class=\"wp-image-740\" style=\"width:900px;height:auto\" srcset=\"https:\/\/ilg.usc.gal\/ajlsantiago\/wp-content\/uploads\/2024\/06\/31-1024x576.png 1024w, https:\/\/ilg.usc.gal\/ajlsantiago\/wp-content\/uploads\/2024\/06\/31-300x169.png 300w, https:\/\/ilg.usc.gal\/ajlsantiago\/wp-content\/uploads\/2024\/06\/31-768x432.png 768w, https:\/\/ilg.usc.gal\/ajlsantiago\/wp-content\/uploads\/2024\/06\/31-1536x864.png 1536w, https:\/\/ilg.usc.gal\/ajlsantiago\/wp-content\/uploads\/2024\/06\/31.png 1920w\" sizes=\"auto, (max-width: 1024px) 100vw, 1024px\" \/><\/figure>\n<\/div>\n\n\n<div style=\"height:71px\" aria-hidden=\"true\" class=\"wp-block-spacer\"><\/div>\n\n\n\n<h2 class=\"wp-block-heading\">Alternativas para xantar preto da facultade<\/h2>\n\n\n\n<p>Disporedes de bonos xantar para utilizar durante o congreso no comedor universitario da <a href=\"https:\/\/maps.app.goo.gl\/H6b4BPu1oeuWTkm4A\">Residencia Burgo das Naci\u00f3ns<\/a><a href=\"https:\/\/maps.app.goo.gl\/78csvXPNj98rFjZPA\" data-type=\"link\" data-id=\"https:\/\/maps.app.goo.gl\/78csvXPNj98rFjZPA\"> <\/a><a href=\"https:\/\/maps.app.goo.gl\/78csvXPNj98rFjZPA\" data-type=\"link\" data-id=\"https:\/\/maps.app.goo.gl\/78csvXPNj98rFjZPA\">(en fronte \u00e1 Facultade de Filolox\u00eda<\/a>). Con todo, deix\u00e1mosvos algunhas recomendaci\u00f3ns de restaurantes pr\u00f3ximos \u00e1 Facultade:<\/p>\n\n\n\n<ul class=\"wp-block-list\">\n<li><a href=\"https:\/\/maps.app.goo.gl\/t9ft1YpztY8YSHGu7\" data-type=\"link\" data-id=\"https:\/\/maps.app.goo.gl\/t9ft1YpztY8YSHGu7\">O carro de Eli<\/a> <\/li>\n\n\n\n<li><a href=\"https:\/\/maps.app.goo.gl\/yLx1uj5vmVZtW8Sr8\" data-type=\"link\" data-id=\"https:\/\/maps.app.goo.gl\/yLx1uj5vmVZtW8Sr8\">NuMaru <\/a><\/li>\n\n\n\n<li><a href=\"https:\/\/maps.app.goo.gl\/2YKb5AmAct9HZP6x7\" data-type=\"link\" data-id=\"https:\/\/maps.app.goo.gl\/2YKb5AmAct9HZP6x7\">O cesto <\/a><\/li>\n\n\n\n<li><a href=\"https:\/\/maps.app.goo.gl\/JsRjpxhKAV9ygJQL6\" data-type=\"link\" data-id=\"https:\/\/maps.app.goo.gl\/JsRjpxhKAV9ygJQL6\">Cafeter\u00eda Nari\u00f1o <\/a><\/li>\n\n\n\n<li><a href=\"https:\/\/g.co\/kgs\/in8vgWJ\" data-type=\"link\" data-id=\"https:\/\/g.co\/kgs\/in8vgWJ\">Lasso<\/a> (Auditorio de Galicia)<\/li>\n\n\n\n<li><a href=\"https:\/\/maps.app.goo.gl\/fnrBitzwZfi6Kh1e8\" data-type=\"link\" data-id=\"https:\/\/maps.app.goo.gl\/fnrBitzwZfi6Kh1e8\">Mes\u00f3n do pulpo<\/a> <\/li>\n\n\n\n<li><a href=\"https:\/\/maps.app.goo.gl\/hpBiGysfVhmbaPfi8\" data-type=\"link\" data-id=\"https:\/\/maps.app.goo.gl\/hpBiGysfVhmbaPfi8\">Pu\u00f1al <\/a><\/li>\n\n\n\n<li><a href=\"https:\/\/maps.app.goo.gl\/9LYFK8tWXpywK2bY8\">Vucciria Pizza<\/a> <\/li>\n\n\n\n<li><a href=\"https:\/\/maps.app.goo.gl\/Efxmns7H2saiXf5B8\" data-type=\"link\" data-id=\"https:\/\/maps.app.goo.gl\/Efxmns7H2saiXf5B8\">Larpeir\u00eda <\/a>(comida para levar)<\/li>\n<\/ul>\n\n\n\n<div style=\"height:100px\" aria-hidden=\"true\" class=\"wp-block-spacer\"><\/div>\n\n\n\n<h3 class=\"wp-block-heading has-text-align-center has-text-color has-link-color wp-elements-8febe92782c57c26c3a26e3bf1903c3f\" style=\"color:#2f5aae\">Agard\u00e1mosvos!<\/h3>\n\n\n\n<div style=\"height:75px\" aria-hidden=\"true\" class=\"wp-block-spacer\"><\/div>\n","protected":false},"excerpt":{"rendered":"<p>Na p\u00e1xina web de Turismo de Santiago de Compostela encontraredes unha gu\u00eda completa para planificardes a vosa visita. Ofrece informaci\u00f3n sobre aloxamentos, recomendaci\u00f3ns de actividades tur\u00edsticas, culturais e gastron\u00f3micas, as\u00ed como detalles sobre turismo responsable e sostibilidade. Na p\u00e1xina web de MeteoGalicia podedes consultar a predici\u00f3n do tempo meteorol\u00f3xico para Santiago de Compostela durante os&hellip;&nbsp;<a href=\"https:\/\/ilg.usc.gal\/ajlsantiago\/informacion-de-interese\" rel=\"bookmark\">Ler m\u00e1is &raquo;<span class=\"screen-reader-text\">Informaci\u00f3n de interese<\/span><\/a><\/p>\n","protected":false},"author":1,"featured_media":0,"parent":0,"menu_order":0,"comment_status":"closed","ping_status":"closed","template":"","meta":{"neve_meta_sidebar":"","neve_meta_container":"","neve_meta_enable_content_width":"","neve_meta_content_width":0,"neve_meta_title_alignment":"","neve_meta_author_avatar":"","neve_post_elements_order":"","neve_meta_disable_header":"","neve_meta_disable_footer":"","neve_meta_disable_title":"","footnotes":""},"class_list":["post-676","page","type-page","status-publish","hentry"],"_links":{"self":[{"href":"https:\/\/ilg.usc.gal\/ajlsantiago\/wp-json\/wp\/v2\/pages\/676","targetHints":{"allow":["GET"]}}],"collection":[{"href":"https:\/\/ilg.usc.gal\/ajlsantiago\/wp-json\/wp\/v2\/pages"}],"about":[{"href":"https:\/\/ilg.usc.gal\/ajlsantiago\/wp-json\/wp\/v2\/types\/page"}],"author":[{"embeddable":true,"href":"https:\/\/ilg.usc.gal\/ajlsantiago\/wp-json\/wp\/v2\/users\/1"}],"replies":[{"embeddable":true,"href":"https:\/\/ilg.usc.gal\/ajlsantiago\/wp-json\/wp\/v2\/comments?post=676"}],"version-history":[{"count":13,"href":"https:\/\/ilg.usc.gal\/ajlsantiago\/wp-json\/wp\/v2\/pages\/676\/revisions"}],"predecessor-version":[{"id":1001,"href":"https:\/\/ilg.usc.gal\/ajlsantiago\/wp-json\/wp\/v2\/pages\/676\/revisions\/1001"}],"wp:attachment":[{"href":"https:\/\/ilg.usc.gal\/ajlsantiago\/wp-json\/wp\/v2\/media?parent=676"}],"curies":[{"name":"wp","href":"https:\/\/api.w.org\/{rel}","templated":true}]}}