{"id":678,"date":"2024-06-10T12:14:36","date_gmt":"2024-06-10T11:14:36","guid":{"rendered":"https:\/\/ajlsantiago.gal\/?page_id=678"},"modified":"2024-07-22T11:42:57","modified_gmt":"2024-07-22T10:42:57","slug":"inscricion","status":"publish","type":"page","link":"https:\/\/ilg.usc.gal\/ajlsantiago\/inscricion","title":{"rendered":"Inscrici\u00f3n para comunicantes (pechada)"},"content":{"rendered":"\n<p>Entre 12 de xu\u00f1o e 12 de xullo de 2024 estar\u00e1 aberta a inscrici\u00f3n para comunicantes no XXXVIII Congreso Internacional da Asociaci\u00f3n de J\u00f3venes Ling\u00fcistas. As persoas que recibiron un correo coa aceptaci\u00f3n da s\u00faa proposta deber\u00e1n inscribirse a trav\u00e9s do seguinte <a href=\"https:\/\/forms.office.com\/e\/N11gWNByw4\">formulario<\/a>. A cota de inscrici\u00f3n \u00e9 de 50\u20ac (45\u20ac de taxa do congreso + 5\u20ac destinados ao pagamento da cota de socias da AJL). Se un\/ha autor\/a aparece en d\u00faas comunicaci\u00f3ns distintas, s\u00f3 ter\u00e1 que abonar a cota unha vez. O pagamento deber\u00e1 realizarse por transferencia bancaria cos seguintes datos:<\/p>\n\n\n\n<ul class=\"wp-block-list\">\n<li>IBAN: <strong>ES71 0073 0100 5205 0586 9896<\/strong><\/li>\n\n\n\n<li>Beneficiario: Asociaci\u00f3n de J\u00f3venes Ling\u00fcistas<\/li>\n\n\n\n<li>Asunto: AJL24 + Nome + Apelido<\/li>\n<\/ul>\n\n\n\n<p>\u00c9 importante lembrar que a inscrici\u00f3n s\u00f3 estar\u00e1 formalizada unha vez enviado o xustificante de pagamento por correo electr\u00f3nico a <a href=\"mailto:ajl.santiago@usc.gal\">ajl.santiago@usc.gal<\/a>.<\/p>\n\n\n\n<h4 class=\"wp-block-heading\">Axudas para participaci\u00f3n (pechada)<\/h4>\n\n\n\n<p>Lembr\u00e1mosvos que a AJL ofrece axudas econ\u00f3micas tanto de tipo completo, inclu\u00edndo a inscrici\u00f3n, o transporte e aloxamento, como de tipo parcial, s\u00f3 para a inscrici\u00f3n. Toda a informaci\u00f3n e o formulario en cuesti\u00f3n est\u00e1n dispo\u00f1ibles na <a href=\"https:\/\/asociacionjoveneslinguistas.org\/ayudas-economicas\/\">p\u00e1xina web oficial<\/a> da AJL.<\/p>\n\n\n\n<h4 class=\"wp-block-heading\">Devoluci\u00f3n do importe da inscrici\u00f3n para comunicantes<\/h4>\n\n\n\n<p>A partir do d\u00eda 19 de xullo o Comit\u00e9 organizador <strong>non devolver\u00e1<\/strong> o importe da inscrici\u00f3n ag\u00e1s con motivo xustificado ou por causa de forza maior. Nestes supostos quedar\u00e1 a decisi\u00f3n do Comit\u00e9 realizar a dita devoluci\u00f3n.   <\/p>\n","protected":false},"excerpt":{"rendered":"<p>Entre 12 de xu\u00f1o e 12 de xullo de 2024 estar\u00e1 aberta a inscrici\u00f3n para comunicantes no XXXVIII Congreso Internacional da Asociaci\u00f3n de J\u00f3venes Ling\u00fcistas. As persoas que recibiron un correo coa aceptaci\u00f3n da s\u00faa proposta deber\u00e1n inscribirse a trav\u00e9s do seguinte formulario. A cota de inscrici\u00f3n \u00e9 de 50\u20ac (45\u20ac de taxa do congreso&hellip;&nbsp;<a href=\"https:\/\/ilg.usc.gal\/ajlsantiago\/inscricion\" rel=\"bookmark\">Ler m\u00e1is &raquo;<span class=\"screen-reader-text\">Inscrici\u00f3n para comunicantes (pechada)<\/span><\/a><\/p>\n","protected":false},"author":1,"featured_media":0,"parent":0,"menu_order":0,"comment_status":"closed","ping_status":"closed","template":"","meta":{"neve_meta_sidebar":"default","neve_meta_container":"","neve_meta_enable_content_width":"","neve_meta_content_width":0,"neve_meta_title_alignment":"","neve_meta_author_avatar":"","neve_post_elements_order":"","neve_meta_disable_header":"","neve_meta_disable_footer":"","neve_meta_disable_title":"","footnotes":""},"class_list":["post-678","page","type-page","status-publish","hentry"],"_links":{"self":[{"href":"https:\/\/ilg.usc.gal\/ajlsantiago\/wp-json\/wp\/v2\/pages\/678","targetHints":{"allow":["GET"]}}],"collection":[{"href":"https:\/\/ilg.usc.gal\/ajlsantiago\/wp-json\/wp\/v2\/pages"}],"about":[{"href":"https:\/\/ilg.usc.gal\/ajlsantiago\/wp-json\/wp\/v2\/types\/page"}],"author":[{"embeddable":true,"href":"https:\/\/ilg.usc.gal\/ajlsantiago\/wp-json\/wp\/v2\/users\/1"}],"replies":[{"embeddable":true,"href":"https:\/\/ilg.usc.gal\/ajlsantiago\/wp-json\/wp\/v2\/comments?post=678"}],"version-history":[{"count":24,"href":"https:\/\/ilg.usc.gal\/ajlsantiago\/wp-json\/wp\/v2\/pages\/678\/revisions"}],"predecessor-version":[{"id":830,"href":"https:\/\/ilg.usc.gal\/ajlsantiago\/wp-json\/wp\/v2\/pages\/678\/revisions\/830"}],"wp:attachment":[{"href":"https:\/\/ilg.usc.gal\/ajlsantiago\/wp-json\/wp\/v2\/media?parent=678"}],"curies":[{"name":"wp","href":"https:\/\/api.w.org\/{rel}","templated":true}]}}