{"id":824,"date":"2024-07-22T11:37:47","date_gmt":"2024-07-22T10:37:47","guid":{"rendered":"https:\/\/ajlsantiago.gal\/?page_id=824"},"modified":"2024-10-11T14:19:47","modified_gmt":"2024-10-11T13:19:47","slug":"inscripcion-para-asistentes","status":"publish","type":"page","link":"https:\/\/ilg.usc.gal\/ajlsantiago\/es\/inscripcion-para-asistentes","title":{"rendered":"Inscripci\u00f3n para asistentes (cerrada)"},"content":{"rendered":"\n<p>Entre el <strong>1 de julio<\/strong> y el <strong><s>13 de septiembre de 2024<\/s><\/strong> <strong><mark style=\"background-color:rgba(0, 0, 0, 0);color:#cf1c1c\" class=\"has-inline-color\">20 de septiembre de 2024<\/mark><\/strong> estar\u00e1 abierta la inscrici\u00f3n para asistentes sin comunicaci\u00f3n al XXXVIII Congreso Internacional de la Asociaci\u00f3n de J\u00f3venes Ling\u00fcistas. Las personas interesadas deber\u00e1n inscribirse a trav\u00e9s del siguiente <a href=\"https:\/\/forms.office.com\/Pages\/ResponsePage.aspx?id=LEUNj6S3ZEm4EIw5c3RHe3OEjARxWzxHhaA4XriivBNUNVdPSUFHVVpGWDcxQjlYNkhXWko2TVFVMS4u\">formulario<\/a>. La cuota de inscripci\u00f3n es de 30\u20ac (25\u20ac de tasa del congreso + 5\u20ac destinados al pago de cuota de socias de la AJL). El pago deber\u00e1 realizarse por transferencia bancaria con los siguientes datos:<\/p>\n\n\n\n<ul class=\"wp-block-list\">\n<li>IBAN: <strong>ES71 0073 0100 5205 0586 9896<\/strong><\/li>\n\n\n\n<li>Beneficiario: Asociaci\u00f3n de J\u00f3venes Ling\u00fcistas<\/li>\n\n\n\n<li>Asunto: AJL ASIST + Nombre + Apellido<\/li>\n<\/ul>\n\n\n\n<p>Es importante recordar que la inscripci\u00f3n solo se formalizar\u00e1 cuando se haya enviado el justificante de pago por correo electr\u00f3nico a <a href=\"mailto:ajl.santiago@usc.gal\">ajl.santiago@usc.gal<\/a>.<\/p>\n\n\n\n<h4 class=\"wp-block-heading\">Ayudas para participaci\u00f3n (cerrada)<\/h4>\n\n\n\n<p>Os recordamos que la AJL ofrece ayudas econ\u00f3micas tanto de tipo completo, incluyendo la inscripci\u00f3n, el transporte y el alojamiento, como de tipo parcial, solo para la inscripci\u00f3n. Toda la informaci\u00f3n y el formulario en cuesti\u00f3n est\u00e1n disponibles en la <a href=\"https:\/\/asociacionjoveneslinguistas.org\/ayudas-economicas\/.\">p\u00e1gina web oficial<\/a> de la AJL.<\/p>\n","protected":false},"excerpt":{"rendered":"<p>Entre el 1 de julio y el 13 de septiembre de 2024 20 de septiembre de 2024 estar\u00e1 abierta la inscrici\u00f3n para asistentes sin comunicaci\u00f3n al XXXVIII Congreso Internacional de la Asociaci\u00f3n de J\u00f3venes Ling\u00fcistas. Las personas interesadas deber\u00e1n inscribirse a trav\u00e9s del siguiente formulario. La cuota de inscripci\u00f3n es de 30\u20ac (25\u20ac de tasa&hellip;&nbsp;<a href=\"https:\/\/ilg.usc.gal\/ajlsantiago\/es\/inscripcion-para-asistentes\" rel=\"bookmark\">Ler m\u00e1is &raquo;<span class=\"screen-reader-text\">Inscripci\u00f3n para asistentes (cerrada)<\/span><\/a><\/p>\n","protected":false},"author":1,"featured_media":0,"parent":0,"menu_order":0,"comment_status":"closed","ping_status":"closed","template":"","meta":{"neve_meta_sidebar":"","neve_meta_container":"","neve_meta_enable_content_width":"","neve_meta_content_width":0,"neve_meta_title_alignment":"","neve_meta_author_avatar":"","neve_post_elements_order":"","neve_meta_disable_header":"","neve_meta_disable_footer":"","neve_meta_disable_title":"","footnotes":""},"class_list":["post-824","page","type-page","status-publish","hentry"],"_links":{"self":[{"href":"https:\/\/ilg.usc.gal\/ajlsantiago\/wp-json\/wp\/v2\/pages\/824","targetHints":{"allow":["GET"]}}],"collection":[{"href":"https:\/\/ilg.usc.gal\/ajlsantiago\/wp-json\/wp\/v2\/pages"}],"about":[{"href":"https:\/\/ilg.usc.gal\/ajlsantiago\/wp-json\/wp\/v2\/types\/page"}],"author":[{"embeddable":true,"href":"https:\/\/ilg.usc.gal\/ajlsantiago\/wp-json\/wp\/v2\/users\/1"}],"replies":[{"embeddable":true,"href":"https:\/\/ilg.usc.gal\/ajlsantiago\/wp-json\/wp\/v2\/comments?post=824"}],"version-history":[{"count":6,"href":"https:\/\/ilg.usc.gal\/ajlsantiago\/wp-json\/wp\/v2\/pages\/824\/revisions"}],"predecessor-version":[{"id":1012,"href":"https:\/\/ilg.usc.gal\/ajlsantiago\/wp-json\/wp\/v2\/pages\/824\/revisions\/1012"}],"wp:attachment":[{"href":"https:\/\/ilg.usc.gal\/ajlsantiago\/wp-json\/wp\/v2\/media?parent=824"}],"curies":[{"name":"wp","href":"https:\/\/api.w.org\/{rel}","templated":true}]}}