{"id":831,"date":"2024-07-22T11:43:28","date_gmt":"2024-07-22T10:43:28","guid":{"rendered":"https:\/\/ajlsantiago.gal\/?page_id=831"},"modified":"2024-10-11T14:19:38","modified_gmt":"2024-10-11T13:19:38","slug":"inscricion-para-asistentes","status":"publish","type":"page","link":"https:\/\/ilg.usc.gal\/ajlsantiago\/inscricion-para-asistentes","title":{"rendered":"Inscrici\u00f3n para asistentes (pechada)"},"content":{"rendered":"\n<p>Entre <strong>1 de xullo<\/strong> e <strong><s>13 de setembro de 2024<\/s><\/strong> <strong><mark style=\"background-color:rgba(0, 0, 0, 0);color:#cf1c1c\" class=\"has-inline-color\">20 de setembro de 2024 <\/mark><\/strong>estar\u00e1 aberta a inscrici\u00f3n para asistentes sen comunicaci\u00f3n ao XXXVIII Congreso Internacional da Asociaci\u00f3n de J\u00f3venes Ling\u00fcistas. As persoas interesadas deber\u00e1n inscribirse a trav\u00e9s do seguinte <a href=\"https:\/\/forms.office.com\/Pages\/ResponsePage.aspx?id=LEUNj6S3ZEm4EIw5c3RHe3OEjARxWzxHhaA4XriivBNUNVdPSUFHVVpGWDcxQjlYNkhXWko2TVFVMS4u\">formulario<\/a>. A cota de inscrici\u00f3n \u00e9 de 30\u20ac (25\u20ac de taxa do congreso + 5\u20ac destinados ao pagamento da cota de socias da AJL). O pagamento deber\u00e1 realizarse por transferencia bancaria cos seguintes datos:<\/p>\n\n\n\n<ul class=\"wp-block-list\">\n<li>IBAN: <strong>ES71 0073 0100 5205 0586 9896<\/strong><\/li>\n\n\n\n<li>Beneficiario: Asociaci\u00f3n de J\u00f3venes Ling\u00fcistas<\/li>\n\n\n\n<li>Asunto: AJL ASIST + Nome + Apelido<\/li>\n<\/ul>\n\n\n\n<p>\u00c9 importante lembrar que a inscrici\u00f3n s\u00f3 estar\u00e1 formalizada unha vez enviado o xustificante de pagamento por correo electr\u00f3nico a <a href=\"mailto:ajl.santiago@usc.gal\">ajl.santiago@usc.gal<\/a>.<\/p>\n\n\n\n<h4 class=\"wp-block-heading\">Axudas para participaci\u00f3n (pechada)<\/h4>\n\n\n\n<p>Lembr\u00e1mosvos que a AJL ofrece axudas econ\u00f3micas tanto de tipo completo, inclu\u00edndo a inscrici\u00f3n, o transporte e aloxamento, como de tipo parcial, s\u00f3 para a inscrici\u00f3n. Toda a informaci\u00f3n e o formulario en cuesti\u00f3n est\u00e1n dispo\u00f1ibles na <a href=\"https:\/\/asociacionjoveneslinguistas.org\/ayudas-economicas\/\">p\u00e1xina web oficial<\/a> da AJL.<\/p>\n","protected":false},"excerpt":{"rendered":"<p>Entre 1 de xullo e 13 de setembro de 2024 20 de setembro de 2024 estar\u00e1 aberta a inscrici\u00f3n para asistentes sen comunicaci\u00f3n ao XXXVIII Congreso Internacional da Asociaci\u00f3n de J\u00f3venes Ling\u00fcistas. As persoas interesadas deber\u00e1n inscribirse a trav\u00e9s do seguinte formulario. A cota de inscrici\u00f3n \u00e9 de 30\u20ac (25\u20ac de taxa do congreso +&hellip;&nbsp;<a href=\"https:\/\/ilg.usc.gal\/ajlsantiago\/inscricion-para-asistentes\" rel=\"bookmark\">Ler m\u00e1is &raquo;<span class=\"screen-reader-text\">Inscrici\u00f3n para asistentes (pechada)<\/span><\/a><\/p>\n","protected":false},"author":1,"featured_media":0,"parent":0,"menu_order":0,"comment_status":"closed","ping_status":"closed","template":"","meta":{"neve_meta_sidebar":"","neve_meta_container":"","neve_meta_enable_content_width":"","neve_meta_content_width":0,"neve_meta_title_alignment":"","neve_meta_author_avatar":"","neve_post_elements_order":"","neve_meta_disable_header":"","neve_meta_disable_footer":"","neve_meta_disable_title":"","footnotes":""},"class_list":["post-831","page","type-page","status-publish","hentry"],"_links":{"self":[{"href":"https:\/\/ilg.usc.gal\/ajlsantiago\/wp-json\/wp\/v2\/pages\/831","targetHints":{"allow":["GET"]}}],"collection":[{"href":"https:\/\/ilg.usc.gal\/ajlsantiago\/wp-json\/wp\/v2\/pages"}],"about":[{"href":"https:\/\/ilg.usc.gal\/ajlsantiago\/wp-json\/wp\/v2\/types\/page"}],"author":[{"embeddable":true,"href":"https:\/\/ilg.usc.gal\/ajlsantiago\/wp-json\/wp\/v2\/users\/1"}],"replies":[{"embeddable":true,"href":"https:\/\/ilg.usc.gal\/ajlsantiago\/wp-json\/wp\/v2\/comments?post=831"}],"version-history":[{"count":5,"href":"https:\/\/ilg.usc.gal\/ajlsantiago\/wp-json\/wp\/v2\/pages\/831\/revisions"}],"predecessor-version":[{"id":1011,"href":"https:\/\/ilg.usc.gal\/ajlsantiago\/wp-json\/wp\/v2\/pages\/831\/revisions\/1011"}],"wp:attachment":[{"href":"https:\/\/ilg.usc.gal\/ajlsantiago\/wp-json\/wp\/v2\/media?parent=831"}],"curies":[{"name":"wp","href":"https:\/\/api.w.org\/{rel}","templated":true}]}}