{"id":896,"date":"2024-09-13T11:26:22","date_gmt":"2024-09-13T10:26:22","guid":{"rendered":"https:\/\/ajlsantiago.gal\/?page_id=896"},"modified":"2024-10-11T14:17:58","modified_gmt":"2024-10-11T13:17:58","slug":"eventos-sociais-inscricion","status":"publish","type":"page","link":"https:\/\/ilg.usc.gal\/ajlsantiago\/eventos-sociais-inscricion","title":{"rendered":"Eventos sociais (inscrici\u00f3n pechada)"},"content":{"rendered":"\n<p>Durante o XXXVIII Congreso Internacional da Asociaci\u00f3n de J\u00f3venes Ling\u00fcistas, haber\u00e1 eventos sociais a que convidamos a participar a todas as persoas comunicantes e asistentes. Entre <strong>13 de setembro de 2024<\/strong> e <strong>30 de setembro de 2024<\/strong> estar\u00e1 aberta a <a href=\"https:\/\/forms.office.com\/Pages\/ResponsePage.aspx?id=LEUNj6S3ZEm4EIw5c3RHexzm1zc3wldHiE_MeKQsfD9UNks3M1dKQVE0QlgxMzc5NVRSRFY4TUdaVC4u\">inscrici\u00f3n<\/a> para participaci\u00f3n nos seguintes eventos. <\/p>\n\n\n\n<ul class=\"wp-block-list\">\n<li><strong>Visita guiada de Santiago de Compostela<\/strong>: o m\u00e9rcores, <strong>16 de outubro<\/strong>, despois do primeiro d\u00eda de congreso, poderemos gozar dunha visita guiada polo centro hist\u00f3rico da cidade de Santiago de Compostela <strong>a partir das 20:00<\/strong>. Por cuesti\u00f3ns de organizaci\u00f3n, debemos limitar a participaci\u00f3n \u00e1s 90 primeiras persoas en se inscribiren. Por este motivo, pedimos que s\u00f3 aquelas persoas que saiban con certeza que asistir\u00e1n cubran o <a href=\"https:\/\/forms.office.com\/Pages\/ResponsePage.aspx?id=LEUNj6S3ZEm4EIw5c3RHexzm1zc3wldHiE_MeKQsfD9UNks3M1dKQVE0QlgxMzc5NVRSRFY4TUdaVC4u\">formulario de inscrici\u00f3n<\/a>.<\/li>\n\n\n\n<li><strong>Cea social<\/strong>: o xoves,<strong> 17 de outubro<\/strong>, ter\u00e1 lugar a cea social <strong>no restaurante <a href=\"https:\/\/www.anavedevidan.com\/\">A Nave de Vid\u00e1n<\/a> \u00e1s 21:45<\/strong>. O prezo da cea ser\u00e1 de aproximadamente 30\u20ac. As persoas interesadas en asistir ter\u00e1n que cubrir o <a href=\"https:\/\/forms.office.com\/Pages\/ResponsePage.aspx?id=LEUNj6S3ZEm4EIw5c3RHexzm1zc3wldHiE_MeKQsfD9UNks3M1dKQVE0QlgxMzc5NVRSRFY4TUdaVC4u\">formulario de inscrici\u00f3n<\/a> e recibir\u00e1n posteriormente informaci\u00f3n detallada por correo electr\u00f3nico sobre o prezo exacto e a forma de pagamento.<\/li>\n<\/ul>\n\n\n\n<h3 class=\"wp-block-heading has-text-align-center has-text-color has-link-color wp-elements-8febe92782c57c26c3a26e3bf1903c3f\" style=\"color:#2f5aae\">Agard\u00e1mosvos!<\/h3>\n\n\n\n<p><\/p>\n","protected":false},"excerpt":{"rendered":"<p>Durante o XXXVIII Congreso Internacional da Asociaci\u00f3n de J\u00f3venes Ling\u00fcistas, haber\u00e1 eventos sociais a que convidamos a participar a todas as persoas comunicantes e asistentes. Entre 13 de setembro de 2024 e 30 de setembro de 2024 estar\u00e1 aberta a inscrici\u00f3n para participaci\u00f3n nos seguintes eventos. Agard\u00e1mosvos!<\/p>\n","protected":false},"author":1,"featured_media":0,"parent":0,"menu_order":0,"comment_status":"closed","ping_status":"closed","template":"","meta":{"neve_meta_sidebar":"","neve_meta_container":"","neve_meta_enable_content_width":"","neve_meta_content_width":0,"neve_meta_title_alignment":"","neve_meta_author_avatar":"","neve_post_elements_order":"","neve_meta_disable_header":"","neve_meta_disable_footer":"","neve_meta_disable_title":"","footnotes":""},"class_list":["post-896","page","type-page","status-publish","hentry"],"_links":{"self":[{"href":"https:\/\/ilg.usc.gal\/ajlsantiago\/wp-json\/wp\/v2\/pages\/896","targetHints":{"allow":["GET"]}}],"collection":[{"href":"https:\/\/ilg.usc.gal\/ajlsantiago\/wp-json\/wp\/v2\/pages"}],"about":[{"href":"https:\/\/ilg.usc.gal\/ajlsantiago\/wp-json\/wp\/v2\/types\/page"}],"author":[{"embeddable":true,"href":"https:\/\/ilg.usc.gal\/ajlsantiago\/wp-json\/wp\/v2\/users\/1"}],"replies":[{"embeddable":true,"href":"https:\/\/ilg.usc.gal\/ajlsantiago\/wp-json\/wp\/v2\/comments?post=896"}],"version-history":[{"count":8,"href":"https:\/\/ilg.usc.gal\/ajlsantiago\/wp-json\/wp\/v2\/pages\/896\/revisions"}],"predecessor-version":[{"id":1009,"href":"https:\/\/ilg.usc.gal\/ajlsantiago\/wp-json\/wp\/v2\/pages\/896\/revisions\/1009"}],"wp:attachment":[{"href":"https:\/\/ilg.usc.gal\/ajlsantiago\/wp-json\/wp\/v2\/media?parent=896"}],"curies":[{"name":"wp","href":"https:\/\/api.w.org\/{rel}","templated":true}]}}