{"id":902,"date":"2024-09-13T11:29:17","date_gmt":"2024-09-13T10:29:17","guid":{"rendered":"https:\/\/ajlsantiago.gal\/?page_id=902"},"modified":"2024-10-11T14:18:58","modified_gmt":"2024-10-11T13:18:58","slug":"eventos-sociales","status":"publish","type":"page","link":"https:\/\/ilg.usc.gal\/ajlsantiago\/es\/eventos-sociales","title":{"rendered":"Eventos sociales (inscripci\u00f3n cerrada)"},"content":{"rendered":"\n<p>Durante el XXXVIII Congreso Internacional de la Asociaci\u00f3n de J\u00f3venes Ling\u00fcistas, habr\u00e1 eventos sociales a los que invitamos a participar a todas las personas comunicantes y asistentes. Entre el <strong>13 de septiembre de 2024<\/strong> y el<strong> 30 de septiembre de 2024<\/strong> estar\u00e1 abierta la <a href=\"https:\/\/forms.office.com\/Pages\/ResponsePage.aspx?id=LEUNj6S3ZEm4EIw5c3RHexzm1zc3wldHiE_MeKQsfD9UNks3M1dKQVE0QlgxMzc5NVRSRFY4TUdaVC4u\">inscripci\u00f3n<\/a> para participaci\u00f3n en los siguientes eventos:<\/p>\n\n\n\n<ul class=\"wp-block-list\">\n<li><strong>Visita guiada de Santiago de Compostela<\/strong>: el mi\u00e9rcoles, <strong>16 de octubre<\/strong>, despu\u00e9s del primer d\u00eda de congreso, podremos disfrutar de una visita guiada por el centro hist\u00f3rico de la ciudad de Santiago de Compostela <strong>a partir de las 20:00<\/strong>. Por cuestiones de organizaci\u00f3n, debemos limitar la participaci\u00f3n a las 90 primeras personas que se apunten. Por este motivo, pedimos que solamente las personas que sepan con certeza que asistir\u00e1n rellenen el <a href=\"https:\/\/forms.office.com\/Pages\/ResponsePage.aspx?id=LEUNj6S3ZEm4EIw5c3RHexzm1zc3wldHiE_MeKQsfD9UNks3M1dKQVE0QlgxMzc5NVRSRFY4TUdaVC4u\">formulario de inscrici\u00f3n<\/a>.<\/li>\n\n\n\n<li><strong>Cena social<\/strong>: el jueves,<strong> 17 de octubre<\/strong>, tendr\u00e1 lugar la cena social en el <strong>restaurante <a href=\"https:\/\/www.anavedevidan.com\/\">A Nave de Vid\u00e1n<\/a> a las 21:45<\/strong>. El precio de la cena ser\u00e1 de aproximadamente 30\u20ac. Las personas interesadas en asistir tendr\u00e1n que rellenar el <a href=\"https:\/\/forms.office.com\/Pages\/ResponsePage.aspx?id=LEUNj6S3ZEm4EIw5c3RHexzm1zc3wldHiE_MeKQsfD9UNks3M1dKQVE0QlgxMzc5NVRSRFY4TUdaVC4u\">formulario de inscripci\u00f3n<\/a> y recibir\u00e1n posteriormente informaci\u00f3n detallada por correo electr\u00f3nico sobre el precio exacto y la forma de pago.<\/li>\n<\/ul>\n\n\n\n<h3 class=\"wp-block-heading has-text-align-center has-text-color has-link-color wp-elements-629697836eb8474a9b524f061ac0d56b\" style=\"color:#2f5aae\">\u00a1Os esperamos!<\/h3>\n\n\n\n<p><\/p>\n","protected":false},"excerpt":{"rendered":"<p>Durante el XXXVIII Congreso Internacional de la Asociaci\u00f3n de J\u00f3venes Ling\u00fcistas, habr\u00e1 eventos sociales a los que invitamos a participar a todas las personas comunicantes y asistentes. Entre el 13 de septiembre de 2024 y el 30 de septiembre de 2024 estar\u00e1 abierta la inscripci\u00f3n para participaci\u00f3n en los siguientes eventos: \u00a1Os esperamos!<\/p>\n","protected":false},"author":1,"featured_media":0,"parent":0,"menu_order":0,"comment_status":"closed","ping_status":"closed","template":"","meta":{"neve_meta_sidebar":"","neve_meta_container":"","neve_meta_enable_content_width":"","neve_meta_content_width":0,"neve_meta_title_alignment":"","neve_meta_author_avatar":"","neve_post_elements_order":"","neve_meta_disable_header":"","neve_meta_disable_footer":"","neve_meta_disable_title":"","footnotes":""},"class_list":["post-902","page","type-page","status-publish","hentry"],"_links":{"self":[{"href":"https:\/\/ilg.usc.gal\/ajlsantiago\/wp-json\/wp\/v2\/pages\/902","targetHints":{"allow":["GET"]}}],"collection":[{"href":"https:\/\/ilg.usc.gal\/ajlsantiago\/wp-json\/wp\/v2\/pages"}],"about":[{"href":"https:\/\/ilg.usc.gal\/ajlsantiago\/wp-json\/wp\/v2\/types\/page"}],"author":[{"embeddable":true,"href":"https:\/\/ilg.usc.gal\/ajlsantiago\/wp-json\/wp\/v2\/users\/1"}],"replies":[{"embeddable":true,"href":"https:\/\/ilg.usc.gal\/ajlsantiago\/wp-json\/wp\/v2\/comments?post=902"}],"version-history":[{"count":4,"href":"https:\/\/ilg.usc.gal\/ajlsantiago\/wp-json\/wp\/v2\/pages\/902\/revisions"}],"predecessor-version":[{"id":1010,"href":"https:\/\/ilg.usc.gal\/ajlsantiago\/wp-json\/wp\/v2\/pages\/902\/revisions\/1010"}],"wp:attachment":[{"href":"https:\/\/ilg.usc.gal\/ajlsantiago\/wp-json\/wp\/v2\/media?parent=902"}],"curies":[{"name":"wp","href":"https:\/\/api.w.org\/{rel}","templated":true}]}}