{"id":101,"date":"2025-10-15T12:33:39","date_gmt":"2025-10-15T10:33:39","guid":{"rendered":"https:\/\/ilg.usc.gal\/cids2026\/?page_id=101"},"modified":"2026-02-27T14:28:10","modified_gmt":"2026-02-27T13:28:10","slug":"comites-2","status":"publish","type":"page","link":"https:\/\/ilg.usc.gal\/cids2026\/pt\/comites-2\/","title":{"rendered":"Comit\u00eas"},"content":{"rendered":"\n<h4 class=\"wp-block-heading has-text-color has-link-color wp-elements-a6d9f43128d1419c46b70a67ca6d9144\" style=\"color:#8a4358\"><strong>Comit\u00ea organizador<\/strong><\/h4>\n\n\n\n<div class=\"wp-block-columns is-layout-flex wp-container-core-columns-is-layout-9d6595d7 wp-block-columns-is-layout-flex\">\n<div class=\"wp-block-column is-vertically-aligned-top is-layout-flow wp-block-column-is-layout-flow\" style=\"flex-basis:100%\">\n<ul class=\"wp-block-list\">\n<li>Rosario \u00c1lvarez Blanco (Universidade de Santiago de Compostela) &#8211; Presid\u00eancia<\/li>\n\n\n\n<li>Xulio Sousa (Universidade de Santiago de Compostela) \u2013 Secretaria<\/li>\n\n\n\n<li>Luc\u00eda Doval Iglesias (Universidade de Santiago de Compostela) \u2013 Secretaria t\u00e9cnica<\/li>\n\n\n\n<li>Marta Negro Romero (Universidade de Santiago de Compostela) \u2013 Secretaria t\u00e9cnica<\/li>\n\n\n\n<li>Reyes Rodr\u00edguez Rodr\u00edguez (Universidade de Santiago de Compostela) \u2013 Secretaria t\u00e9cnica<\/li>\n\n\n\n<li>Elisa Fern\u00e1ndez Rei (Universidade de Santiago de Compostela)<\/li>\n\n\n\n<li>Fernando Brissos (Universidade de Lisboa)<\/li>\n\n\n\n<li>Francisco Dubert Garc\u00eda (Universidade de Santiago de Compostela)<\/li>\n\n\n\n<li>Marcela Moura Torres Paim (Universidade Federal Rural de Pernambuco)<\/li>\n\n\n\n<li>Mar\u00eda \u00c1lvarez de la Granja (Universidade de Santiago de Compostela)<\/li>\n\n\n\n<li>Maril\u00facia Barros de Oliveira (Universidade Federal do Par\u00e1)<\/li>\n\n\n\n<li>Montserrat Recalde Fern\u00e1ndez (Universidade de Santiago de Compostela)<\/li>\n\n\n\n<li>Noelia Est\u00e9vez Rionegro (Universidade de Santiago de Compostela)<\/li>\n\n\n\n<li>Regiane Coelho Pereira Reis (Universidade Federal de Mato Grosso do Sul)<\/li>\n\n\n\n<li>Valter Pereira Romano (Universidade Federal de Santa Catarina)<\/li>\n<\/ul>\n\n\n\n<p><\/p>\n\n\n\n<h4 class=\"wp-block-heading\"><strong><strong><span style=\"color:#8a4358;\">Comit\u00ea cient\u00edfico<\/span><\/strong><\/strong><\/h4>\n\n\n\n<ul class=\"wp-block-list\">\n<li>Abdelhak Razky (Universidade de Bras\u00edlia)<\/li>\n\n\n\n<li>Alba Aguete Cagiao (Universidad de Salamanca)<\/li>\n\n\n\n<li>Albert Wall (Universit\u00e4t Wien)<\/li>\n\n\n\n<li>Ana Iglesias \u00c1lvarez (Universidade de Vigo)<\/li>\n\n\n\n<li>Ana Maria Carvalho (University of Arizona)<\/li>\n\n\n\n<li>Ana Maria Martins (Universidade de Lisboa)<\/li>\n\n\n\n<li>Aquilino Alonso N\u00fa\u00f1ez (Universidade de Vigo)<\/li>\n\n\n\n<li>Borja Alonso Pascua (Universidad de Salamanca)<\/li>\n\n\n\n<li>Carla Amor\u00f3s Negre (Universidad de Salamanca)<\/li>\n\n\n\n<li>Carlota de Benito Moreno (Universidad Aut\u00f3noma de Madrid)<\/li>\n\n\n\n<li>Carme Silva Dom\u00ednguez (Universidade de Santiago de Compostela)<\/li>\n\n\n\n<li>Carmen Al\u00e9n Garabato (Universit\u00e9 Paul-Val\u00e9ry-Montpellier)<\/li>\n\n\n\n<li>Carmen Parafita Couto (Universidade de Santiago de Compostela)<\/li>\n\n\n\n<li>Carolina Juli\u00e0 Luna (UNED)<\/li>\n\n\n\n<li>Concei\u00e7\u00e3o de Maria de Araujo Ramos (Universidade Federal do Maranh\u00e3o)<\/li>\n\n\n\n<li>Dolores Corbella D\u00edaz (Universidad de La Laguna)<\/li>\n\n\n\n<li>Ernestina Carrilho (Universidade de Lisboa)<\/li>\n\n\n\n<li>Esperan\u00e7a Cardeira (Universidade de Lisboa)<\/li>\n\n\n\n<li>Eva Gugenberger (Europa-Universit\u00e4t Flensburg)<\/li>\n\n\n\n<li>Fabiane Cristina Altino (Universidade Estadual de Londrina)<\/li>\n\n\n\n<li>Filomena Gon\u00e7alves (Universidade de \u00c9vora)<\/li>\n\n\n\n<li>Francisco Fern\u00e1ndez Rei (Universidade de Santiago de Compostela)<\/li>\n\n\n\n<li>Gabriela Prego V\u00e1zquez (Universidade de Santiago de Compostela)<\/li>\n\n\n\n<li>Gonzalo \u00c1guila Escobar (Universidad de Granada)<\/li>\n\n\n\n<li>Ignacio Camino Lerchundi (Euskal Herriko Unibertsitatea)<\/li>\n\n\n\n<li>Ignacio Palacios Mart\u00ednez (Universidade de Santiago de Compostela)<\/li>\n\n\n\n<li>Isabel Almeida Santos (Universidade de Coimbra)<\/li>\n\n\n\n<li>Isabel&nbsp;Molina Martos (Universidad de Alcal\u00e1)<\/li>\n\n\n\n<li>Jacyra Andrade Mota (Universidade Federal da Bahia)<\/li>\n\n\n\n<li>Javier Caro Reina (Universit\u00e4t zu K\u00f6ln)<\/li>\n\n\n\n<li>Jo\u00e3o Veloso (Universidade do Porto)<\/li>\n\n\n\n<li>Jos\u00e9 Enrique Gargallo Gil (Universitat de Barcelona)<\/li>\n\n\n\n<li>Luz Zas Varela (Universidade de Santiago de Compostela)<\/li>\n\n\n\n<li>Manuel Gonz\u00e1lez Gonz\u00e1lez (Universidade de Santiago de Compostela)<\/li>\n\n\n\n<li>Marcos Bagno (Universidade de Bras\u00edlia)<\/li>\n\n\n\n<li>Maria Lobo (Universidade de Lisboa)<\/li>\n\n\n\n<li>Maria Celeste Matias Rodrigues (Universidade de Lisboa)<\/li>\n\n\n\n<li>Maria-Pilar Perea Sabater (Universitat de Barcelona)<\/li>\n\n\n\n<li>Matilde \u00c1ngeles Vida Castro (Universidad de M\u00e1laga)<\/li>\n\n\n\n<li>Miquel-\u00c0ngel Pradilla (Universitat Rovira i Virgili)<\/li>\n\n\n\n<li>Ram\u00f3n de Andr\u00e9s D\u00edaz (Universid\u00e1 d&#8217;Uvi\u00e9u)<\/li>\n\n\n\n<li>S\u00f3nia Valente Rodrigues (Universidade do Porto)<\/li>\n\n\n\n<li>Urtzi Reguero Ugarte (Euskal Herriko Unibertsitatea)<\/li>\n\n\n\n<li>Val\u00e9ria Gil Cond\u00e9 (Universidade de S\u00e3o Paulo)<\/li>\n\n\n\n<li>Vanderci de Andrade Aguilera (Universidade Estadual de Londrina)<\/li>\n\n\n\n<li>Ver\u00f3nica Loureiro Rodr\u00edguez (University of Manitoba)<\/li>\n\n\n\n<li>V\u00edctor Lara Bermejo (Universidad de C\u00e1diz)<\/li>\n\n\n\n<li>Victoria V\u00e1zquez Rozas (Universidade de Santiago de Compostela)<\/li>\n\n\n\n<li>Xo\u00e1n Carlos Lagares D\u00edez (Universidade Federal Fluminense)<\/li>\n\n\n\n<li>Xos\u00e9 Afonso \u00c1lvarez P\u00e9rez (Universidad de Alcal\u00e1)<\/li>\n\n\n\n<li>Xos\u00e9 Antonio Fern\u00e1ndez Salgado (Universidade de Vigo)<\/li>\n\n\n\n<li>Xos\u00e9 Lu\u00eds Regueira Fern\u00e1ndez (Universidade de Santiago de Compostela)<\/li>\n\n\n\n<li>Xos\u00e9 Manuel S\u00e1nchez Rei (Universidade da Coru\u00f1a)<\/li>\n\n\n\n<li>Xulio Viejo Fern\u00e1ndez (Universid\u00e1 d&#8217;Uvi\u00e9u)<\/li>\n<\/ul>\n<\/div>\n<\/div>\n","protected":false},"excerpt":{"rendered":"<p>Comit\u00ea organizador Comit\u00ea cient\u00edfico<\/p>\n","protected":false},"author":1,"featured_media":0,"parent":0,"menu_order":0,"comment_status":"closed","ping_status":"closed","template":"","meta":{"footnotes":""},"class_list":["post-101","page","type-page","status-publish","hentry"],"yoast_head":"<!-- This site is optimized with the Yoast SEO plugin v27.4 - https:\/\/yoast.com\/product\/yoast-seo-wordpress\/ -->\n<title>Comit\u00eas - VIII CIDS 2026<\/title>\n<meta name=\"robots\" content=\"index, follow, max-snippet:-1, max-image-preview:large, max-video-preview:-1\" \/>\n<link rel=\"canonical\" href=\"https:\/\/ilg.usc.gal\/cids2026\/pt\/comites-2\/\" \/>\n<meta property=\"og:locale\" content=\"gl_ES\" \/>\n<meta property=\"og:type\" content=\"article\" \/>\n<meta property=\"og:title\" content=\"Comit\u00eas - VIII CIDS 2026\" \/>\n<meta property=\"og:description\" content=\"Comit\u00ea organizador Comit\u00ea cient\u00edfico\" \/>\n<meta property=\"og:url\" content=\"https:\/\/ilg.usc.gal\/cids2026\/pt\/comites-2\/\" \/>\n<meta property=\"og:site_name\" content=\"VIII CIDS 2026\" \/>\n<meta property=\"article:modified_time\" content=\"2026-02-27T13:28:10+00:00\" \/>\n<meta name=\"twitter:card\" content=\"summary_large_image\" \/>\n<meta name=\"twitter:label1\" content=\"Tempo de lectura\" \/>\n\t<meta name=\"twitter:data1\" content=\"3 minutos\" \/>\n<script type=\"application\/ld+json\" class=\"yoast-schema-graph\">{\"@context\":\"https:\\\/\\\/schema.org\",\"@graph\":[{\"@type\":\"WebPage\",\"@id\":\"https:\\\/\\\/ilg.usc.gal\\\/cids2026\\\/pt\\\/comites-2\\\/\",\"url\":\"https:\\\/\\\/ilg.usc.gal\\\/cids2026\\\/pt\\\/comites-2\\\/\",\"name\":\"Comit\u00eas - VIII CIDS 2026\",\"isPartOf\":{\"@id\":\"https:\\\/\\\/ilg.usc.gal\\\/cids2026\\\/#website\"},\"datePublished\":\"2025-10-15T10:33:39+00:00\",\"dateModified\":\"2026-02-27T13:28:10+00:00\",\"breadcrumb\":{\"@id\":\"https:\\\/\\\/ilg.usc.gal\\\/cids2026\\\/pt\\\/comites-2\\\/#breadcrumb\"},\"inLanguage\":\"gl-ES\",\"potentialAction\":[{\"@type\":\"ReadAction\",\"target\":[\"https:\\\/\\\/ilg.usc.gal\\\/cids2026\\\/pt\\\/comites-2\\\/\"]}]},{\"@type\":\"BreadcrumbList\",\"@id\":\"https:\\\/\\\/ilg.usc.gal\\\/cids2026\\\/pt\\\/comites-2\\\/#breadcrumb\",\"itemListElement\":[{\"@type\":\"ListItem\",\"position\":1,\"name\":\"Inicio\",\"item\":\"https:\\\/\\\/ilg.usc.gal\\\/cids2026\\\/\"},{\"@type\":\"ListItem\",\"position\":2,\"name\":\"Comit\u00eas\"}]},{\"@type\":\"WebSite\",\"@id\":\"https:\\\/\\\/ilg.usc.gal\\\/cids2026\\\/#website\",\"url\":\"https:\\\/\\\/ilg.usc.gal\\\/cids2026\\\/\",\"name\":\"VIII CIDS 2026\",\"description\":\"VIII Congreso Internacional de Dialectolox\u00eda e Socioling\u00fc\u00edstica. Cartograf\u00edas da lingua: variaci\u00f3n, contacto e planificaci\u00f3n\",\"publisher\":{\"@id\":\"https:\\\/\\\/ilg.usc.gal\\\/cids2026\\\/#organization\"},\"potentialAction\":[{\"@type\":\"SearchAction\",\"target\":{\"@type\":\"EntryPoint\",\"urlTemplate\":\"https:\\\/\\\/ilg.usc.gal\\\/cids2026\\\/?s={search_term_string}\"},\"query-input\":{\"@type\":\"PropertyValueSpecification\",\"valueRequired\":true,\"valueName\":\"search_term_string\"}}],\"inLanguage\":\"gl-ES\"},{\"@type\":\"Organization\",\"@id\":\"https:\\\/\\\/ilg.usc.gal\\\/cids2026\\\/#organization\",\"name\":\"VIII CIDS 2026\",\"url\":\"https:\\\/\\\/ilg.usc.gal\\\/cids2026\\\/\",\"logo\":{\"@type\":\"ImageObject\",\"inLanguage\":\"gl-ES\",\"@id\":\"https:\\\/\\\/ilg.usc.gal\\\/cids2026\\\/#\\\/schema\\\/logo\\\/image\\\/\",\"url\":\"https:\\\/\\\/ilg.usc.gal\\\/cids2026\\\/wp-content\\\/uploads\\\/2025\\\/10\\\/CIDS2026.png\",\"contentUrl\":\"https:\\\/\\\/ilg.usc.gal\\\/cids2026\\\/wp-content\\\/uploads\\\/2025\\\/10\\\/CIDS2026.png\",\"width\":681,\"height\":100,\"caption\":\"VIII CIDS 2026\"},\"image\":{\"@id\":\"https:\\\/\\\/ilg.usc.gal\\\/cids2026\\\/#\\\/schema\\\/logo\\\/image\\\/\"}}]}<\/script>\n<!-- \/ Yoast SEO plugin. -->","yoast_head_json":{"title":"Comit\u00eas - VIII CIDS 2026","robots":{"index":"index","follow":"follow","max-snippet":"max-snippet:-1","max-image-preview":"max-image-preview:large","max-video-preview":"max-video-preview:-1"},"canonical":"https:\/\/ilg.usc.gal\/cids2026\/pt\/comites-2\/","og_locale":"gl_ES","og_type":"article","og_title":"Comit\u00eas - VIII CIDS 2026","og_description":"Comit\u00ea organizador Comit\u00ea cient\u00edfico","og_url":"https:\/\/ilg.usc.gal\/cids2026\/pt\/comites-2\/","og_site_name":"VIII CIDS 2026","article_modified_time":"2026-02-27T13:28:10+00:00","twitter_card":"summary_large_image","twitter_misc":{"Tempo de lectura":"3 minutos"},"schema":{"@context":"https:\/\/schema.org","@graph":[{"@type":"WebPage","@id":"https:\/\/ilg.usc.gal\/cids2026\/pt\/comites-2\/","url":"https:\/\/ilg.usc.gal\/cids2026\/pt\/comites-2\/","name":"Comit\u00eas - VIII CIDS 2026","isPartOf":{"@id":"https:\/\/ilg.usc.gal\/cids2026\/#website"},"datePublished":"2025-10-15T10:33:39+00:00","dateModified":"2026-02-27T13:28:10+00:00","breadcrumb":{"@id":"https:\/\/ilg.usc.gal\/cids2026\/pt\/comites-2\/#breadcrumb"},"inLanguage":"gl-ES","potentialAction":[{"@type":"ReadAction","target":["https:\/\/ilg.usc.gal\/cids2026\/pt\/comites-2\/"]}]},{"@type":"BreadcrumbList","@id":"https:\/\/ilg.usc.gal\/cids2026\/pt\/comites-2\/#breadcrumb","itemListElement":[{"@type":"ListItem","position":1,"name":"Inicio","item":"https:\/\/ilg.usc.gal\/cids2026\/"},{"@type":"ListItem","position":2,"name":"Comit\u00eas"}]},{"@type":"WebSite","@id":"https:\/\/ilg.usc.gal\/cids2026\/#website","url":"https:\/\/ilg.usc.gal\/cids2026\/","name":"VIII CIDS 2026","description":"VIII Congreso Internacional de Dialectolox\u00eda e Socioling\u00fc\u00edstica. Cartograf\u00edas da lingua: variaci\u00f3n, contacto e planificaci\u00f3n","publisher":{"@id":"https:\/\/ilg.usc.gal\/cids2026\/#organization"},"potentialAction":[{"@type":"SearchAction","target":{"@type":"EntryPoint","urlTemplate":"https:\/\/ilg.usc.gal\/cids2026\/?s={search_term_string}"},"query-input":{"@type":"PropertyValueSpecification","valueRequired":true,"valueName":"search_term_string"}}],"inLanguage":"gl-ES"},{"@type":"Organization","@id":"https:\/\/ilg.usc.gal\/cids2026\/#organization","name":"VIII CIDS 2026","url":"https:\/\/ilg.usc.gal\/cids2026\/","logo":{"@type":"ImageObject","inLanguage":"gl-ES","@id":"https:\/\/ilg.usc.gal\/cids2026\/#\/schema\/logo\/image\/","url":"https:\/\/ilg.usc.gal\/cids2026\/wp-content\/uploads\/2025\/10\/CIDS2026.png","contentUrl":"https:\/\/ilg.usc.gal\/cids2026\/wp-content\/uploads\/2025\/10\/CIDS2026.png","width":681,"height":100,"caption":"VIII CIDS 2026"},"image":{"@id":"https:\/\/ilg.usc.gal\/cids2026\/#\/schema\/logo\/image\/"}}]}},"_links":{"self":[{"href":"https:\/\/ilg.usc.gal\/cids2026\/wp-json\/wp\/v2\/pages\/101","targetHints":{"allow":["GET"]}}],"collection":[{"href":"https:\/\/ilg.usc.gal\/cids2026\/wp-json\/wp\/v2\/pages"}],"about":[{"href":"https:\/\/ilg.usc.gal\/cids2026\/wp-json\/wp\/v2\/types\/page"}],"author":[{"embeddable":true,"href":"https:\/\/ilg.usc.gal\/cids2026\/wp-json\/wp\/v2\/users\/1"}],"replies":[{"embeddable":true,"href":"https:\/\/ilg.usc.gal\/cids2026\/wp-json\/wp\/v2\/comments?post=101"}],"version-history":[{"count":6,"href":"https:\/\/ilg.usc.gal\/cids2026\/wp-json\/wp\/v2\/pages\/101\/revisions"}],"predecessor-version":[{"id":617,"href":"https:\/\/ilg.usc.gal\/cids2026\/wp-json\/wp\/v2\/pages\/101\/revisions\/617"}],"wp:attachment":[{"href":"https:\/\/ilg.usc.gal\/cids2026\/wp-json\/wp\/v2\/media?parent=101"}],"curies":[{"name":"wp","href":"https:\/\/api.w.org\/{rel}","templated":true}]}}