{"id":107,"date":"2025-10-15T12:35:21","date_gmt":"2025-10-15T10:35:21","guid":{"rendered":"https:\/\/ilg.usc.gal\/cids2026\/?page_id=107"},"modified":"2026-02-27T19:08:17","modified_gmt":"2026-02-27T18:08:17","slug":"informacoes-uteis","status":"publish","type":"page","link":"https:\/\/ilg.usc.gal\/cids2026\/pt\/informacoes-uteis\/","title":{"rendered":"Informa\u00e7\u00f5es \u00fateis"},"content":{"rendered":"\n<h3 class=\"wp-block-heading\"><strong><span style=\"color:#8a4358;\">Resid\u00eancias e hoteis com desconto para assistentes ao congresso<\/span><\/strong><\/h3>\n\n\n\n<p><\/p>\n\n\n\n<h5 class=\"wp-block-heading\"><strong><span style=\"color:#8a4358;\"><a href=\"https:\/\/www.usc.gal\/gl\/servizos\/area\/residencias\/residencia-universitaria-burgo-nacions\"><span style=\"color:#8a4358;\">Resid\u00eancia Universitaria Burgo das Naci\u00f3ns<\/span><\/a><\/span><\/strong><\/h5>\n\n\n\n<p>Avda. de Castelao, s\/n<br>15782 Santiago de Compostela<br>Telefone: (+34) 881 811 952<\/p>\n\n\n\n<p><span style=\"color:#8a4358;\">Tarifa geral do quarto individual por noite<strong>&nbsp;<\/strong><\/span>(inclu\u00eddo 10 % de IVA): 33,00 \u20ac<br><span style=\"color:#8a4358;\">Tarifa do quarto individual para estudantes por noite<\/span>&nbsp;(inclu\u00eddo 10 % de IVA): 22,00 \u20ac<\/p>\n\n\n\n<p>A Universidade de Santiago de Compostela coloca a disposi\u00e7\u00e3o dos congressistas <span style=\"color:#8a4358;\">150 quartos individuais<\/span> nesta resid\u00eancia situada ao lado da sede do congresso. As pessoas interessadas devem realizar a <span style=\"color:#8a4358;\">reserva<\/span> diretamente <a href=\"https:\/\/aplicacions.usc.es\/surweb\/Paginas\/frmAsistenteCongreso_SeleccionPlaza.aspx?Codigo=7Z5Z8-PUQJT-48027-KWPEP-LQQGS\"><span style=\"color:#8a4358;\">neste link<\/span><\/a>, indicando os quartos e o n\u00famero de noites que desejam reservar. Caso seja selecionada a op\u00e7\u00e3o &#8220;estudante&#8221;, dever\u00e1 ser apresentado um documento comprovativo dessa condi\u00e7\u00e3o (cart\u00e3o de estudante, matr\u00edcula na universidade, etc.).<\/p>\n\n\n\n<p>O prazo para efetuar <span style=\"color:#8a4358;\">modifica\u00e7\u00f5es ou cancelamentos<\/span> nesta resid\u00eancia termina 20 dias antes do in\u00edcio do congresso, sendo necess\u00e1rio enviar um correo electr\u00f3nico ao endere\u00e7o <a href=\"mailto:sur@usc.es\"><span style=\"color:#8a4358;\">sur@usc.es<\/span><\/a>. As datas em que \u00e9 poss\u00edvel realizar a reserva v\u00e3o de 11 a 17 de julho de 2026.<\/p>\n\n\n\n<p><\/p>\n\n\n\n<h5 class=\"wp-block-heading\"><a href=\"https:\/\/www.altairhotel.net\/hoteles\"><span style=\"color:#8a4358;\">Hotel Alta\u00efr<\/span><\/a><\/h5>\n\n\n\n<p>Rua Loureiros, 12<br>15704 Santiago de Compostela<br>Telefone: (+34) 981 554 712<br>E-mail:&nbsp;<a href=\"mailto:info@altairhotel.net\"><span style=\"color:#8a4358;\">info@altairhotel.net<\/span><\/a><\/p>\n\n\n\n<p>Na p\u00e1gina web do hotel, que se situa no centro hist\u00f3rico a 1,2 km da sede do congreso, dever\u00e1 selecionar o quarto e introduzir o c\u00f3digo&nbsp;<strong><strong><span style=\"color:#8a4358;\">CIDS2026<\/span><\/strong><\/strong>. Tamb\u00e9m pode realizar-se a reserva por telefone indicando o c\u00f3digo anterior. As op\u00e7\u00f5es dispon\u00edveis ter\u00e3o um <strong><span style=\"color:#8a4358;\">10 % de desconto<\/span><\/strong> sobre as tarifas gerais.<br>Desconto aplic\u00e1vel de 12 a 17 de julho<\/p>\n\n\n\n<p><\/p>\n\n\n\n<h5 class=\"wp-block-heading\"><a href=\"https:\/\/www.costavella.com\/\"><span style=\"color:#8a4358;\">Hotel Costa Vella<\/span><\/a><\/h5>\n\n\n\n<p>Rua Porta da Pena, 17<br>15704 Santiago de Compostela<br>Telefone: (+34) 981 569 530<br>E-mail:&nbsp;<a href=\"mailto:hotelcostavella@costavella.com\"><span style=\"color:#8a4358;\">hotelcostavella@costavella.com<\/span><\/a><\/p>\n\n\n\n<p>Na p\u00e1gina web do hotel, que se situa no centro hist\u00f3rico a 1,1 km da sede do congreso, dever\u00e1 selecionar o quarto e introduzir o c\u00f3digo&nbsp;<strong><strong><span style=\"color:#8a4358;\">CIDS2026<\/span><\/strong><\/strong>. Tamb\u00e9m pode realizar-se a reserva por telefone indicando o c\u00f3digo anterior. As op\u00e7\u00f5es dispon\u00edveis ter\u00e3o um <strong><span style=\"color:#8a4358;\">5 % de desconto<\/span><\/strong> sobre as tarifas gerais.<br>Desconto aplic\u00e1vel de 12 a 17 de julho<\/p>\n\n\n\n<p><\/p>\n\n\n\n<h5 class=\"wp-block-heading\"><a href=\"https:\/\/www.mourehotel.com\/\"><span style=\"color:#8a4358;\">Hotel Moure<\/span><\/a><\/h5>\n\n\n\n<p>Rua Loureiros, 6<br>15704 Santiago de Compostela<br>Telefone: (+34) 981 583 637<br>E-mail: <a href=\"mailto:info@mourehotel.com\"><span style=\"color:#8a4358;\">info@mourehotel.com<\/span><\/a><\/p>\n\n\n\n<p>Na p\u00e1gina web do hotel, que se situa no centro hist\u00f3rico a 1,1 km da sede do congreso, dever\u00e1 selecionar o quarto e introduzir o c\u00f3digo&nbsp;<strong><strong><span style=\"color:#8a4358;\">CIDS2026<\/span><\/strong><\/strong>. Tamb\u00e9m pode realizar-se a reserva por telefone indicando o c\u00f3digo anterior. As op\u00e7\u00f5es dispon\u00edveis ter\u00e3o um <strong><span style=\"color:#8a4358;\">10 % de desconto<\/span><\/strong> sobre as tarifas gerais.<br>Desconto aplic\u00e1vel de 12 a 17 de julho<\/p>\n\n\n\n<p><\/p>\n\n\n\n<h5 class=\"wp-block-heading\"><span style=\"color:#8a4358;\"><a href=\"https:\/\/www.eurostarshotels.com.pt\/eurostars-gran-hotel-santiago.html?_gl=1*1a85wy*_gcl_aw*R0NMLjE3NzEyNTYwNjUuQ2p3S0NBaUFuY3ZNQmhCRUVpd0E5R1VfZmphc2RzUGxRUnlfWUd5S2d3TmlLT0NOQ0ttMG1Ib3lNSTllS05oTVdVeDZKQWp0NjdTcjZSb0NXR0lRQXZEX0J3RQ..*_gcl_au*MTY2NzA5MzAyLjE3NzEyNTYwNjY.*_ga*MTY0NzA0MTQzLjE3NzEyNTYwNjU.*_ga_GZCBH8FT0G*czE3NzEyNjE1MjYkbzIkZzAkdDE3NzEyNjE1MjYkajYwJGwwJGgw\"><span style=\"color:#8a4358;\">Eurostars Gran Hotel Santiago de Compostela<\/span><\/a><\/span><\/h5>\n\n\n\n<p>Avda. Mestre Mateo, 27<br>15706 Santiago de Compostela<br>Tel\u00e9fono: (+34) 981 534 222<\/p>\n\n\n\n<p>Na p\u00e1gina web do hotel, que se situa a 2,7 km da sede do congresso, dever\u00e1 introduzir o c\u00f3digo <strong><span style=\"color:#8a4358;\">CIDS2026<\/span><\/strong> e selecionar o quarto. As op\u00e7\u00f5es dispon\u00edveis ter\u00e3o um <strong><span style=\"color:#8a4358;\">15 % de desconto<\/span><\/strong> sobre as tarifas gerais.<br>Desconto aplic\u00e1vel de 13 a 16 de julho<br>Data limite para reservar: 13\/06\/2026<\/p>\n\n\n\n<p><\/p>\n\n\n\n<h5 class=\"wp-block-heading\"><span style=\"color:#8a4358;\"><a href=\"https:\/\/www.eurostarshotels.com.pt\/exe-peregrino.html?_gl=1*1vyys3t*_gcl_aw*R0NMLjE3NzEyNjE1NTUuQ2p3S0NBaUFuY3ZNQmhCRUVpd0E5R1VfZmphc2RzUGxRUnlfWUd5S2d3TmlLT0NOQ0ttMG1Ib3lNSTllS05oTVdVeDZKQWp0NjdTcjZSb0NXR0lRQXZEX0J3RQ..*_gcl_au*MTY2NzA5MzAyLjE3NzEyNTYwNjY.*_up*MQ..*_gs*MQ..*_ga*MTY0NzA0MTQzLjE3NzEyNTYwNjU.*_ga_GZCBH8FT0G*czE3NzEyNjE1MjYkbzIkZzEkdDE3NzEyNjE1NTQkajMyJGwwJGgw&amp;gclid=CjwKCAiAncvMBhBEEiwA9GU_fjasdsPlQRy_YGyKgwNiKOCNCKm0mHoyMI9eKNhMWUx6JAjt67Sr6RoCWGIQAvD_BwE&amp;gbraid=0AAAAAD-VyO4F1u7s3LESA30vkhF88N1-s\"><span style=\"color:#8a4358;\">Hotel Exe Peregrino<\/span><\/a><\/span><\/h5>\n\n\n\n<p>Avda. Rosal\u00eda de Castro, s\/n<br>15706 Santiago de Compostela<br>Telefone: (+34) 981 795 299<\/p>\n\n\n\n<p>Na p\u00e1gina web do hotel, que se situa a 2,8 km da sede do congresso, dever\u00e1 introduzir o c\u00f3digo <strong><span style=\"color:#8a4358;\">CIDS2026<\/span><\/strong> e selecionar o quarto. As op\u00e7\u00f5es dispon\u00edveis ter\u00e3o um <strong><span style=\"color:#8a4358;\">15 % de desconto<\/span><\/strong> sobre as tarifas gerais.<br>Desconto aplic\u00e1vel de 13 a 16 de julho<br>Data limite para reservar: 13\/06\/2026<\/p>\n\n\n\n<p><\/p>\n\n\n\n<h5 class=\"wp-block-heading\"><strong><span style=\"color:#8a4358;\"><a href=\"https:\/\/www.nh-collection.com\/pt\/hotel\/nh-collection-santiago-de-compostela?_gl=1*1pw7s45*_up*MQ..*_gs*MQ..&amp;gclid=CjwKCAiAqKbMBhBmEiwAZ3UboCH4wj7HFW9gH6O6ZVqdAugpGTLZ7O_8z3zYM3Kan8u3r1hwqYnCfxoC_iUQAvD_BwE&amp;gclsrc=aw.ds&amp;gbraid=0AAAAAD5GqPBU2lFEpV9yLH_o3up-KRrC-\"><span style=\"color:#8a4358;\">Hotel NH Collection<\/span><\/a><\/span><\/strong><\/h5>\n\n\n\n<p>Avda. Burgo das Naci\u00f3ns, 4<br>15705 Santiago de Compostela<br>Telefone: (+34) 981 558 070<\/p>\n\n\n\n<p><span style=\"color:#8a4358;\">Tarifa do quarto superior dobre <\/span>(uso individual): 148,00 \u20ac + IVA + 2,50 \u20ac da taxa tur\u00edstica (pequeno-almo\u00e7o inclu\u00eddo)<br><span style=\"color:#8a4358;\">Tarifa do quarto individual para estudantes<\/span>&nbsp;(uso duplo): 160,00 \u20ac + IVA + 2,50 \u20ac taxa tur\u00edstica (pequeno-almo\u00e7o inclu\u00eddo)<\/p>\n\n\n\n<p>Para beneficiar das tarifas reduzidas, a reserva dever\u00e1 ser efetuada atrav\u00e9s do seguinte endere\u00e7o eletr\u00f3nico: : <a href=\"mailto:r.pajaro@nh-hotels.com\"><span style=\"color:#8a4358;\">r.pajaro@nh-hotels.com<\/span><\/a>.<\/p>\n\n\n\n<p><\/p>\n\n\n\n<p>Na&nbsp;<span style=\"color:#8a4358;\"><a href=\"https:\/\/www.santiagoturismo.com\/aloxamentos-santiagoturismo\"><span style=\"color:#8a4358;\">Oficina de turismo de Santiago de Compostela<\/span><\/a><\/span> \u00e9 poss\u00edvel aceder a toda a oferta de alojamento da cidade.<\/p>\n\n\n\n<p><\/p>\n\n\n\n<p><span style=\"color:#8a4358;\">________________________________________________________________________________________________________________<\/span><\/p>\n\n\n\n<p><\/p>\n\n\n\n<h3 class=\"wp-block-heading\"><span style=\"color:#8a4358;\">Como chegar<\/span><\/h3>\n\n\n\n<h5 class=\"wp-block-heading\"><span style=\"color:#8a4358;\">Como chegar \u00e0 cidade<\/span><\/h5>\n\n\n\n<p>As pessoas que chegarem de avi\u00e3o ao <a href=\"https:\/\/maps.app.goo.gl\/vBQq6SEZTUYfDzBRA\" target=\"_blank\" rel=\"noreferrer noopener\"><span style=\"color:#8a4358;\">aeroporto Rosal\u00eda de Castro<\/span><\/a> podem ir at\u00e9 o centro da cidade de Santiago de Compostela de autocarro urbano pela <a href=\"https:\/\/tussa.org\/web\/linas.php?id=41&amp;lg=cas\" target=\"_blank\" rel=\"noreferrer noopener\"><span style=\"color:#8a4358;\">linha 6A<\/span><\/a>&nbsp;(o pre\u00e7o \u00e9 de 1,00 \u20ac) ou de <a href=\"https:\/\/www.santiagoturismo.com\/servizos-basicos\/categoria\/rueiro-taxis\"><span style=\"color:#8a4358;\">t\u00e1xi<\/span><\/a> (a tarifa estipulada at\u00e9 o centro \u00e9 de 23,00 \u20ac).<\/p>\n\n\n\n<p>Os comboios e autocarros chegam \u00e0 <span style=\"color:#8a4358;\"><a href=\"https:\/\/maps.app.goo.gl\/XueQCiHHpfQxVmmZ6\" target=\"_blank\" rel=\"noreferrer noopener\"><span style=\"color:#8a4358;\">Esta\u00e7\u00e3o Intermodal Daniel Castelao<\/span><\/a><\/span>,que fica pr\u00f3xima ao centro da cidade, mas encontra-se a cerca de 35 minutos a p\u00e9 da Faculdade de Filologia. Na esta\u00e7\u00e3o \u00e9 poss\u00edvel apanhar t\u00e1xis e tamb\u00e9m h\u00e1 paragens de autocarro urbano nas proximidades.<\/p>\n\n\n\n<p><\/p>\n\n\n\n<h5 class=\"wp-block-heading\"><span style=\"color:#8a4358;\">Como chegar \u00e0 sede do congresso<\/span><\/h5>\n\n\n\n<p>O congresso realiza-se na <a href=\"https:\/\/maps.app.goo.gl\/WjU7Fmocn8APcv186\"><span style=\"color:#8a4358;\">Faculdade de Filologia<\/span><\/a> da Universidade de Santiago de Compostela, que se encontra a 25-30 minutos a p\u00e9 do centro da cidade.<\/p>\n\n\n\n<p>As linhas de autocarro urbano que levam at\u00e9 \u00e0 Faculdade s\u00e3o a <span style=\"color:#8a4358;\">5<\/span> (a cada 20 minutos) e a <span style=\"color:#8a4358;\">15<\/span> (a cada 22 minutos), podendo ser apanhadas na Pra\u00e7a de Galicia. As paragens mais pr\u00f3ximas da Faculdade s\u00e3o Av. de Castelao (Jornalismo) e Burgo das Na\u00e7\u00f5es (Audit\u00f3rio da Galiza). As mesmas linhas podem ser utilizadas para regressar ao centro da cidade.<\/p>\n\n\n\n<p>As pessoas que decidam utilizar o seu ve\u00edculo privado poder\u00e3o encontrar estacionamento gratuito tanto na Faculdade de Filologia como nas imedia\u00e7\u00f5es do edif\u00edcio.<br><\/p>\n","protected":false},"excerpt":{"rendered":"<p>Resid\u00eancias e hoteis com desconto para assistentes ao congresso Resid\u00eancia Universitaria Burgo das Naci\u00f3ns Avda. de Castelao, s\/n15782 Santiago de CompostelaTelefone: (+34) 881 811 952 Tarifa geral do quarto individual por noite&nbsp;(inclu\u00eddo 10 % de IVA): 33,00 \u20acTarifa do quarto individual para estudantes por noite&nbsp;(inclu\u00eddo 10 % de IVA): 22,00 \u20ac A Universidade de Santiago &hellip; <\/p>\n","protected":false},"author":1,"featured_media":0,"parent":0,"menu_order":0,"comment_status":"closed","ping_status":"closed","template":"","meta":{"footnotes":""},"class_list":["post-107","page","type-page","status-publish","hentry"],"yoast_head":"<!-- This site is optimized with the Yoast SEO plugin v27.4 - https:\/\/yoast.com\/product\/yoast-seo-wordpress\/ -->\n<title>Informa\u00e7\u00f5es \u00fateis - VIII CIDS 2026<\/title>\n<meta name=\"robots\" content=\"index, follow, max-snippet:-1, max-image-preview:large, max-video-preview:-1\" \/>\n<link rel=\"canonical\" href=\"https:\/\/ilg.usc.gal\/cids2026\/pt\/informacoes-uteis\/\" \/>\n<meta property=\"og:locale\" content=\"gl_ES\" \/>\n<meta property=\"og:type\" content=\"article\" \/>\n<meta property=\"og:title\" content=\"Informa\u00e7\u00f5es \u00fateis - VIII CIDS 2026\" \/>\n<meta property=\"og:description\" content=\"Resid\u00eancias e hoteis com desconto para assistentes ao congresso Resid\u00eancia Universitaria Burgo das Naci\u00f3ns Avda. de Castelao, s\/n15782 Santiago de CompostelaTelefone: (+34) 881 811 952 Tarifa geral do quarto individual por noite&nbsp;(inclu\u00eddo 10 % de IVA): 33,00 \u20acTarifa do quarto individual para estudantes por noite&nbsp;(inclu\u00eddo 10 % de IVA): 22,00 \u20ac A Universidade de Santiago &hellip;\" \/>\n<meta property=\"og:url\" content=\"https:\/\/ilg.usc.gal\/cids2026\/pt\/informacoes-uteis\/\" \/>\n<meta property=\"og:site_name\" content=\"VIII CIDS 2026\" \/>\n<meta property=\"article:modified_time\" content=\"2026-02-27T18:08:17+00:00\" \/>\n<meta name=\"twitter:card\" content=\"summary_large_image\" \/>\n<meta name=\"twitter:label1\" content=\"Tempo de lectura\" \/>\n\t<meta name=\"twitter:data1\" content=\"5 minutos\" \/>\n<script type=\"application\/ld+json\" class=\"yoast-schema-graph\">{\"@context\":\"https:\\\/\\\/schema.org\",\"@graph\":[{\"@type\":\"WebPage\",\"@id\":\"https:\\\/\\\/ilg.usc.gal\\\/cids2026\\\/pt\\\/informacoes-uteis\\\/\",\"url\":\"https:\\\/\\\/ilg.usc.gal\\\/cids2026\\\/pt\\\/informacoes-uteis\\\/\",\"name\":\"Informa\u00e7\u00f5es \u00fateis - VIII CIDS 2026\",\"isPartOf\":{\"@id\":\"https:\\\/\\\/ilg.usc.gal\\\/cids2026\\\/#website\"},\"datePublished\":\"2025-10-15T10:35:21+00:00\",\"dateModified\":\"2026-02-27T18:08:17+00:00\",\"breadcrumb\":{\"@id\":\"https:\\\/\\\/ilg.usc.gal\\\/cids2026\\\/pt\\\/informacoes-uteis\\\/#breadcrumb\"},\"inLanguage\":\"gl-ES\",\"potentialAction\":[{\"@type\":\"ReadAction\",\"target\":[\"https:\\\/\\\/ilg.usc.gal\\\/cids2026\\\/pt\\\/informacoes-uteis\\\/\"]}]},{\"@type\":\"BreadcrumbList\",\"@id\":\"https:\\\/\\\/ilg.usc.gal\\\/cids2026\\\/pt\\\/informacoes-uteis\\\/#breadcrumb\",\"itemListElement\":[{\"@type\":\"ListItem\",\"position\":1,\"name\":\"Inicio\",\"item\":\"https:\\\/\\\/ilg.usc.gal\\\/cids2026\\\/\"},{\"@type\":\"ListItem\",\"position\":2,\"name\":\"Informa\u00e7\u00f5es \u00fateis\"}]},{\"@type\":\"WebSite\",\"@id\":\"https:\\\/\\\/ilg.usc.gal\\\/cids2026\\\/#website\",\"url\":\"https:\\\/\\\/ilg.usc.gal\\\/cids2026\\\/\",\"name\":\"VIII CIDS 2026\",\"description\":\"VIII Congreso Internacional de Dialectolox\u00eda e Socioling\u00fc\u00edstica. Cartograf\u00edas da lingua: variaci\u00f3n, contacto e planificaci\u00f3n\",\"publisher\":{\"@id\":\"https:\\\/\\\/ilg.usc.gal\\\/cids2026\\\/#organization\"},\"potentialAction\":[{\"@type\":\"SearchAction\",\"target\":{\"@type\":\"EntryPoint\",\"urlTemplate\":\"https:\\\/\\\/ilg.usc.gal\\\/cids2026\\\/?s={search_term_string}\"},\"query-input\":{\"@type\":\"PropertyValueSpecification\",\"valueRequired\":true,\"valueName\":\"search_term_string\"}}],\"inLanguage\":\"gl-ES\"},{\"@type\":\"Organization\",\"@id\":\"https:\\\/\\\/ilg.usc.gal\\\/cids2026\\\/#organization\",\"name\":\"VIII CIDS 2026\",\"url\":\"https:\\\/\\\/ilg.usc.gal\\\/cids2026\\\/\",\"logo\":{\"@type\":\"ImageObject\",\"inLanguage\":\"gl-ES\",\"@id\":\"https:\\\/\\\/ilg.usc.gal\\\/cids2026\\\/#\\\/schema\\\/logo\\\/image\\\/\",\"url\":\"https:\\\/\\\/ilg.usc.gal\\\/cids2026\\\/wp-content\\\/uploads\\\/2025\\\/10\\\/CIDS2026.png\",\"contentUrl\":\"https:\\\/\\\/ilg.usc.gal\\\/cids2026\\\/wp-content\\\/uploads\\\/2025\\\/10\\\/CIDS2026.png\",\"width\":681,\"height\":100,\"caption\":\"VIII CIDS 2026\"},\"image\":{\"@id\":\"https:\\\/\\\/ilg.usc.gal\\\/cids2026\\\/#\\\/schema\\\/logo\\\/image\\\/\"}}]}<\/script>\n<!-- \/ Yoast SEO plugin. -->","yoast_head_json":{"title":"Informa\u00e7\u00f5es \u00fateis - VIII CIDS 2026","robots":{"index":"index","follow":"follow","max-snippet":"max-snippet:-1","max-image-preview":"max-image-preview:large","max-video-preview":"max-video-preview:-1"},"canonical":"https:\/\/ilg.usc.gal\/cids2026\/pt\/informacoes-uteis\/","og_locale":"gl_ES","og_type":"article","og_title":"Informa\u00e7\u00f5es \u00fateis - VIII CIDS 2026","og_description":"Resid\u00eancias e hoteis com desconto para assistentes ao congresso Resid\u00eancia Universitaria Burgo das Naci\u00f3ns Avda. de Castelao, s\/n15782 Santiago de CompostelaTelefone: (+34) 881 811 952 Tarifa geral do quarto individual por noite&nbsp;(inclu\u00eddo 10 % de IVA): 33,00 \u20acTarifa do quarto individual para estudantes por noite&nbsp;(inclu\u00eddo 10 % de IVA): 22,00 \u20ac A Universidade de Santiago &hellip;","og_url":"https:\/\/ilg.usc.gal\/cids2026\/pt\/informacoes-uteis\/","og_site_name":"VIII CIDS 2026","article_modified_time":"2026-02-27T18:08:17+00:00","twitter_card":"summary_large_image","twitter_misc":{"Tempo de lectura":"5 minutos"},"schema":{"@context":"https:\/\/schema.org","@graph":[{"@type":"WebPage","@id":"https:\/\/ilg.usc.gal\/cids2026\/pt\/informacoes-uteis\/","url":"https:\/\/ilg.usc.gal\/cids2026\/pt\/informacoes-uteis\/","name":"Informa\u00e7\u00f5es \u00fateis - VIII CIDS 2026","isPartOf":{"@id":"https:\/\/ilg.usc.gal\/cids2026\/#website"},"datePublished":"2025-10-15T10:35:21+00:00","dateModified":"2026-02-27T18:08:17+00:00","breadcrumb":{"@id":"https:\/\/ilg.usc.gal\/cids2026\/pt\/informacoes-uteis\/#breadcrumb"},"inLanguage":"gl-ES","potentialAction":[{"@type":"ReadAction","target":["https:\/\/ilg.usc.gal\/cids2026\/pt\/informacoes-uteis\/"]}]},{"@type":"BreadcrumbList","@id":"https:\/\/ilg.usc.gal\/cids2026\/pt\/informacoes-uteis\/#breadcrumb","itemListElement":[{"@type":"ListItem","position":1,"name":"Inicio","item":"https:\/\/ilg.usc.gal\/cids2026\/"},{"@type":"ListItem","position":2,"name":"Informa\u00e7\u00f5es \u00fateis"}]},{"@type":"WebSite","@id":"https:\/\/ilg.usc.gal\/cids2026\/#website","url":"https:\/\/ilg.usc.gal\/cids2026\/","name":"VIII CIDS 2026","description":"VIII Congreso Internacional de Dialectolox\u00eda e Socioling\u00fc\u00edstica. Cartograf\u00edas da lingua: variaci\u00f3n, contacto e planificaci\u00f3n","publisher":{"@id":"https:\/\/ilg.usc.gal\/cids2026\/#organization"},"potentialAction":[{"@type":"SearchAction","target":{"@type":"EntryPoint","urlTemplate":"https:\/\/ilg.usc.gal\/cids2026\/?s={search_term_string}"},"query-input":{"@type":"PropertyValueSpecification","valueRequired":true,"valueName":"search_term_string"}}],"inLanguage":"gl-ES"},{"@type":"Organization","@id":"https:\/\/ilg.usc.gal\/cids2026\/#organization","name":"VIII CIDS 2026","url":"https:\/\/ilg.usc.gal\/cids2026\/","logo":{"@type":"ImageObject","inLanguage":"gl-ES","@id":"https:\/\/ilg.usc.gal\/cids2026\/#\/schema\/logo\/image\/","url":"https:\/\/ilg.usc.gal\/cids2026\/wp-content\/uploads\/2025\/10\/CIDS2026.png","contentUrl":"https:\/\/ilg.usc.gal\/cids2026\/wp-content\/uploads\/2025\/10\/CIDS2026.png","width":681,"height":100,"caption":"VIII CIDS 2026"},"image":{"@id":"https:\/\/ilg.usc.gal\/cids2026\/#\/schema\/logo\/image\/"}}]}},"_links":{"self":[{"href":"https:\/\/ilg.usc.gal\/cids2026\/wp-json\/wp\/v2\/pages\/107","targetHints":{"allow":["GET"]}}],"collection":[{"href":"https:\/\/ilg.usc.gal\/cids2026\/wp-json\/wp\/v2\/pages"}],"about":[{"href":"https:\/\/ilg.usc.gal\/cids2026\/wp-json\/wp\/v2\/types\/page"}],"author":[{"embeddable":true,"href":"https:\/\/ilg.usc.gal\/cids2026\/wp-json\/wp\/v2\/users\/1"}],"replies":[{"embeddable":true,"href":"https:\/\/ilg.usc.gal\/cids2026\/wp-json\/wp\/v2\/comments?post=107"}],"version-history":[{"count":24,"href":"https:\/\/ilg.usc.gal\/cids2026\/wp-json\/wp\/v2\/pages\/107\/revisions"}],"predecessor-version":[{"id":620,"href":"https:\/\/ilg.usc.gal\/cids2026\/wp-json\/wp\/v2\/pages\/107\/revisions\/620"}],"wp:attachment":[{"href":"https:\/\/ilg.usc.gal\/cids2026\/wp-json\/wp\/v2\/media?parent=107"}],"curies":[{"name":"wp","href":"https:\/\/api.w.org\/{rel}","templated":true}]}}