{"id":110,"date":"2025-10-15T12:36:07","date_gmt":"2025-10-15T10:36:07","guid":{"rendered":"https:\/\/ilg.usc.gal\/cids2026\/?page_id=110"},"modified":"2026-01-09T14:11:14","modified_gmt":"2026-01-09T13:11:14","slug":"pessoas-homenageadas","status":"publish","type":"page","link":"https:\/\/ilg.usc.gal\/cids2026\/pt\/pessoas-homenageadas\/","title":{"rendered":"Pessoas homenageadas"},"content":{"rendered":"\n<p class=\"has-text-color has-link-color wp-elements-7da310f97340f470c796a3fdaf467661\" style=\"color:#8a4358\"><strong>Aparecida Negri Isquerdo<\/strong><\/p>\n\n\n\n<div class=\"wp-block-group is-content-justification-center is-nowrap is-layout-flex wp-container-core-group-is-layout-94bc23d7 wp-block-group-is-layout-flex\">\n<figure class=\"wp-block-image size-full is-resized is-style-rounded\"><img loading=\"lazy\" decoding=\"async\" width=\"225\" height=\"225\" src=\"https:\/\/ilg.usc.gal\/cids2026\/wp-content\/uploads\/2025\/10\/Aparecida.jpg\" alt=\"\" class=\"wp-image-188\" style=\"aspect-ratio:3\/4;object-fit:cover;width:400px\" srcset=\"https:\/\/ilg.usc.gal\/cids2026\/wp-content\/uploads\/2025\/10\/Aparecida.jpg 225w, https:\/\/ilg.usc.gal\/cids2026\/wp-content\/uploads\/2025\/10\/Aparecida-150x150.jpg 150w\" sizes=\"auto, (max-width: 225px) 100vw, 225px\" \/><\/figure>\n\n\n\n<p><\/p>\n\n\n\n<p class=\"has-text-align-left\">\u00c9 professora da Universidade Federal de Mato Grosso do Sul (UFMS) e pesquisadora na \u00e1rea de lingu\u00edstica, com interesse especial em lexicologia, lexicografia, onom\u00e1stica e dialetologia\/geolingu\u00edstica. \u00c9 diretora cient\u00edfica do Comit\u00ea Nacional de Coordena\u00e7\u00e3o do projeto <em>Atlas Lingu\u00edstico do Brasil <\/em>(ALiB) e coordenadora do ALiB na UFMS. Na \u00e1rea da topon\u00edmia, dirigiu o projeto <em>Atlas Topon\u00edmico do Estado de Mato Grosso do Sul<\/em> (ATEMS) e tamb\u00e9m \u00e9 respons\u00e1vel pelo <em>Dicion\u00e1rio de Top\u00f4nimos do Estado de Mato Grosso do Sul<\/em>.<\/p>\n\n\n\n<p><\/p>\n<\/div>\n\n\n\n<p class=\"has-text-color has-link-color wp-elements-0187ee8fff08adf6387fcd45031ec320\" style=\"color:#8a4358\"><strong>Henrique Monteagudo Romero<\/strong><\/p>\n\n\n\n<p><\/p>\n\n\n\n<div class=\"wp-block-group is-content-justification-center is-nowrap is-layout-flex wp-container-core-group-is-layout-94bc23d7 wp-block-group-is-layout-flex\">\n<figure class=\"wp-block-image size-full is-resized is-style-rounded\"><img loading=\"lazy\" decoding=\"async\" width=\"152\" height=\"149\" src=\"https:\/\/ilg.usc.gal\/cids2026\/wp-content\/uploads\/2025\/10\/Henrique-Monteagudo.jpg\" alt=\"\" class=\"wp-image-245\" style=\"aspect-ratio:0.75;object-fit:cover;width:400px\"\/><\/figure>\n\n\n\n<p><\/p>\n\n\n\n<p>\u00c9 professor catedr\u00e1tico de Filologia Galega na Universidade de Santiago de Compostela e presidente da Real Academia Galega. Suas principais linhas de pesquisa abrangem a hist\u00f3ria da l\u00edngua galega, a sociolingu\u00edstica e a pol\u00edtica lingu\u00edstica, al\u00e9m do estudo de figuras centrais da literatura galega, como Castelao, Rosal\u00eda de Castro, Ram\u00f3n Pi\u00f1eiro e Otero Pedrayo. Seu trabalho combina pesquisa, divulga\u00e7\u00e3o e um firme compromisso com a defesa e promo\u00e7\u00e3o do galego.<\/p>\n<\/div>\n\n\n\n<p><\/p>\n\n\n\n<p class=\"has-text-color has-link-color wp-elements-55d471eea33139d08416ea7f56051bac\" style=\"color:#8a4358\"><strong>Lurdes de Castro Moutinho<\/strong><\/p>\n\n\n\n<div class=\"wp-block-group is-content-justification-center is-nowrap is-layout-flex wp-container-core-group-is-layout-94bc23d7 wp-block-group-is-layout-flex\">\n<figure class=\"wp-block-image size-full is-resized is-style-rounded\"><img loading=\"lazy\" decoding=\"async\" width=\"318\" height=\"348\" src=\"https:\/\/ilg.usc.gal\/cids2026\/wp-content\/uploads\/2025\/11\/CIDS_original-1.jpg\" alt=\"\" class=\"wp-image-456\" style=\"aspect-ratio:3\/4;object-fit:cover;width:400px\" srcset=\"https:\/\/ilg.usc.gal\/cids2026\/wp-content\/uploads\/2025\/11\/CIDS_original-1.jpg 318w, https:\/\/ilg.usc.gal\/cids2026\/wp-content\/uploads\/2025\/11\/CIDS_original-1-274x300.jpg 274w\" sizes=\"auto, (max-width: 318px) 100vw, 318px\" \/><\/figure>\n\n\n\n<p><\/p>\n\n\n\n<p>\u00c9 professora associada convidada da Universidade de Aveiro e pesquisadora do Centro de L\u00ednguas, Literaturas e Culturas (CLLC) desta universidade, onde coordena o subgrupo Varia\u00e7\u00e3o Lingu\u00edstica. Suas principais linhas de pesquisa abrangem a fon\u00e9tica ac\u00fastica e pros\u00f3dica, a geopros\u00f3dia, a dialetologia e a cartografia lingu\u00edstica, bem como o estudo da varia\u00e7\u00e3o lingu\u00edstica, em geral. Participa de projetos nacionais e internacionais e \u00e9 autora de numerosas publica\u00e7\u00f5es, em revistas nacionais e internacionais, em diferentes l\u00ednguas.<\/p>\n<\/div>\n\n\n\n<p><\/p>\n\n\n\n<p><\/p>\n\n\n\n<p class=\"has-text-color has-link-color wp-elements-6b7d47205962643e55a2cb6d419e5283\" style=\"color:#8a4358\"><strong>Carsten Sinner<\/strong><\/p>\n\n\n\n<div class=\"wp-block-group is-content-justification-center is-nowrap is-layout-flex wp-container-core-group-is-layout-94bc23d7 wp-block-group-is-layout-flex\">\n<figure class=\"wp-block-image size-large is-resized is-style-rounded\"><img loading=\"lazy\" decoding=\"async\" width=\"1024\" height=\"1024\" src=\"https:\/\/ilg.usc.gal\/cids2026\/wp-content\/uploads\/2025\/10\/csm_csinner_fb9cf772a1-1024x1024.jpg\" alt=\"\" class=\"wp-image-218\" style=\"aspect-ratio:3\/4;object-fit:cover;width:400px\" srcset=\"https:\/\/ilg.usc.gal\/cids2026\/wp-content\/uploads\/2025\/10\/csm_csinner_fb9cf772a1-1024x1024.jpg 1024w, https:\/\/ilg.usc.gal\/cids2026\/wp-content\/uploads\/2025\/10\/csm_csinner_fb9cf772a1-300x300.jpg 300w, https:\/\/ilg.usc.gal\/cids2026\/wp-content\/uploads\/2025\/10\/csm_csinner_fb9cf772a1-150x150.jpg 150w, https:\/\/ilg.usc.gal\/cids2026\/wp-content\/uploads\/2025\/10\/csm_csinner_fb9cf772a1-768x768.jpg 768w, https:\/\/ilg.usc.gal\/cids2026\/wp-content\/uploads\/2025\/10\/csm_csinner_fb9cf772a1-470x470.jpg 470w, https:\/\/ilg.usc.gal\/cids2026\/wp-content\/uploads\/2025\/10\/csm_csinner_fb9cf772a1.jpg 1126w\" sizes=\"auto, (max-width: 1024px) 100vw, 1024px\" \/><\/figure>\n\n\n\n<p><\/p>\n\n\n\n<p>\u00c9 professor catedr\u00e1tico de Lingu\u00edstica e Tradu\u00e7\u00e3o das l\u00ednguas iberorrom\u00e2nicas na Universidade de Leipzig, onde dirige a \u00e1rea de l\u00ednguas iberorrom\u00e2nicas do Departamento de Lingu\u00edstica Aplicada e Tradu\u00e7\u00e3o, os centros de estudos galegos, catal\u00e3es e bascos e o centro de investiga\u00e7\u00e3o do judeu-espanhol. \u00c9 tamb\u00e9m diretor da C\u00e1tedra Mari\u00e0 Villang\u00f3mez de estudos catal\u00e3es. Possui numerosas publica\u00e7\u00f5es sobre lingu\u00edstica iberorrom\u00e2nica, contato lingu\u00edstico, lingu\u00edstica das variedades, sociolingu\u00edstica e tradu\u00e7\u00e3o.<\/p>\n<\/div>\n\n\n\n<p><\/p>\n\n\n\n<p><\/p>\n","protected":false},"excerpt":{"rendered":"<p>Aparecida Negri Isquerdo \u00c9 professora da Universidade Federal de Mato Grosso do Sul (UFMS) e pesquisadora na \u00e1rea de lingu\u00edstica, com interesse especial em lexicologia, lexicografia, onom\u00e1stica e dialetologia\/geolingu\u00edstica. \u00c9 diretora cient\u00edfica do Comit\u00ea Nacional de Coordena\u00e7\u00e3o do projeto Atlas Lingu\u00edstico do Brasil (ALiB) e coordenadora do ALiB na UFMS. Na \u00e1rea da topon\u00edmia, dirigiu &hellip; <\/p>\n","protected":false},"author":1,"featured_media":0,"parent":0,"menu_order":0,"comment_status":"closed","ping_status":"closed","template":"","meta":{"footnotes":""},"class_list":["post-110","page","type-page","status-publish","hentry"],"yoast_head":"<!-- This site is optimized with the Yoast SEO plugin v27.4 - https:\/\/yoast.com\/product\/yoast-seo-wordpress\/ -->\n<title>Pessoas homenageadas - VIII CIDS 2026<\/title>\n<meta name=\"robots\" content=\"index, follow, max-snippet:-1, max-image-preview:large, max-video-preview:-1\" \/>\n<link rel=\"canonical\" href=\"https:\/\/ilg.usc.gal\/cids2026\/pt\/pessoas-homenageadas\/\" \/>\n<meta property=\"og:locale\" content=\"gl_ES\" \/>\n<meta property=\"og:type\" content=\"article\" \/>\n<meta property=\"og:title\" content=\"Pessoas homenageadas - VIII CIDS 2026\" \/>\n<meta property=\"og:description\" content=\"Aparecida Negri Isquerdo \u00c9 professora da Universidade Federal de Mato Grosso do Sul (UFMS) e pesquisadora na \u00e1rea de lingu\u00edstica, com interesse especial em lexicologia, lexicografia, onom\u00e1stica e dialetologia\/geolingu\u00edstica. \u00c9 diretora cient\u00edfica do Comit\u00ea Nacional de Coordena\u00e7\u00e3o do projeto Atlas Lingu\u00edstico do Brasil (ALiB) e coordenadora do ALiB na UFMS. Na \u00e1rea da topon\u00edmia, dirigiu &hellip;\" \/>\n<meta property=\"og:url\" content=\"https:\/\/ilg.usc.gal\/cids2026\/pt\/pessoas-homenageadas\/\" \/>\n<meta property=\"og:site_name\" content=\"VIII CIDS 2026\" \/>\n<meta property=\"article:modified_time\" content=\"2026-01-09T13:11:14+00:00\" \/>\n<meta property=\"og:image\" content=\"https:\/\/ilg.usc.gal\/cids2026\/wp-content\/uploads\/2025\/10\/Aparecida.jpg\" \/>\n\t<meta property=\"og:image:width\" content=\"225\" \/>\n\t<meta property=\"og:image:height\" content=\"225\" \/>\n\t<meta property=\"og:image:type\" content=\"image\/jpeg\" \/>\n<meta name=\"twitter:card\" content=\"summary_large_image\" \/>\n<meta name=\"twitter:label1\" content=\"Tempo de lectura\" \/>\n\t<meta name=\"twitter:data1\" content=\"3 minutos\" \/>\n<script type=\"application\/ld+json\" class=\"yoast-schema-graph\">{\"@context\":\"https:\\\/\\\/schema.org\",\"@graph\":[{\"@type\":\"WebPage\",\"@id\":\"https:\\\/\\\/ilg.usc.gal\\\/cids2026\\\/pt\\\/pessoas-homenageadas\\\/\",\"url\":\"https:\\\/\\\/ilg.usc.gal\\\/cids2026\\\/pt\\\/pessoas-homenageadas\\\/\",\"name\":\"Pessoas homenageadas - VIII CIDS 2026\",\"isPartOf\":{\"@id\":\"https:\\\/\\\/ilg.usc.gal\\\/cids2026\\\/#website\"},\"primaryImageOfPage\":{\"@id\":\"https:\\\/\\\/ilg.usc.gal\\\/cids2026\\\/pt\\\/pessoas-homenageadas\\\/#primaryimage\"},\"image\":{\"@id\":\"https:\\\/\\\/ilg.usc.gal\\\/cids2026\\\/pt\\\/pessoas-homenageadas\\\/#primaryimage\"},\"thumbnailUrl\":\"https:\\\/\\\/ilg.usc.gal\\\/cids2026\\\/wp-content\\\/uploads\\\/2025\\\/10\\\/Aparecida.jpg\",\"datePublished\":\"2025-10-15T10:36:07+00:00\",\"dateModified\":\"2026-01-09T13:11:14+00:00\",\"breadcrumb\":{\"@id\":\"https:\\\/\\\/ilg.usc.gal\\\/cids2026\\\/pt\\\/pessoas-homenageadas\\\/#breadcrumb\"},\"inLanguage\":\"gl-ES\",\"potentialAction\":[{\"@type\":\"ReadAction\",\"target\":[\"https:\\\/\\\/ilg.usc.gal\\\/cids2026\\\/pt\\\/pessoas-homenageadas\\\/\"]}]},{\"@type\":\"ImageObject\",\"inLanguage\":\"gl-ES\",\"@id\":\"https:\\\/\\\/ilg.usc.gal\\\/cids2026\\\/pt\\\/pessoas-homenageadas\\\/#primaryimage\",\"url\":\"https:\\\/\\\/ilg.usc.gal\\\/cids2026\\\/wp-content\\\/uploads\\\/2025\\\/10\\\/Aparecida.jpg\",\"contentUrl\":\"https:\\\/\\\/ilg.usc.gal\\\/cids2026\\\/wp-content\\\/uploads\\\/2025\\\/10\\\/Aparecida.jpg\",\"width\":225,\"height\":225},{\"@type\":\"BreadcrumbList\",\"@id\":\"https:\\\/\\\/ilg.usc.gal\\\/cids2026\\\/pt\\\/pessoas-homenageadas\\\/#breadcrumb\",\"itemListElement\":[{\"@type\":\"ListItem\",\"position\":1,\"name\":\"Inicio\",\"item\":\"https:\\\/\\\/ilg.usc.gal\\\/cids2026\\\/\"},{\"@type\":\"ListItem\",\"position\":2,\"name\":\"Pessoas homenageadas\"}]},{\"@type\":\"WebSite\",\"@id\":\"https:\\\/\\\/ilg.usc.gal\\\/cids2026\\\/#website\",\"url\":\"https:\\\/\\\/ilg.usc.gal\\\/cids2026\\\/\",\"name\":\"VIII CIDS 2026\",\"description\":\"VIII Congreso Internacional de Dialectolox\u00eda e Socioling\u00fc\u00edstica. Cartograf\u00edas da lingua: variaci\u00f3n, contacto e planificaci\u00f3n\",\"publisher\":{\"@id\":\"https:\\\/\\\/ilg.usc.gal\\\/cids2026\\\/#organization\"},\"potentialAction\":[{\"@type\":\"SearchAction\",\"target\":{\"@type\":\"EntryPoint\",\"urlTemplate\":\"https:\\\/\\\/ilg.usc.gal\\\/cids2026\\\/?s={search_term_string}\"},\"query-input\":{\"@type\":\"PropertyValueSpecification\",\"valueRequired\":true,\"valueName\":\"search_term_string\"}}],\"inLanguage\":\"gl-ES\"},{\"@type\":\"Organization\",\"@id\":\"https:\\\/\\\/ilg.usc.gal\\\/cids2026\\\/#organization\",\"name\":\"VIII CIDS 2026\",\"url\":\"https:\\\/\\\/ilg.usc.gal\\\/cids2026\\\/\",\"logo\":{\"@type\":\"ImageObject\",\"inLanguage\":\"gl-ES\",\"@id\":\"https:\\\/\\\/ilg.usc.gal\\\/cids2026\\\/#\\\/schema\\\/logo\\\/image\\\/\",\"url\":\"https:\\\/\\\/ilg.usc.gal\\\/cids2026\\\/wp-content\\\/uploads\\\/2025\\\/10\\\/CIDS2026.png\",\"contentUrl\":\"https:\\\/\\\/ilg.usc.gal\\\/cids2026\\\/wp-content\\\/uploads\\\/2025\\\/10\\\/CIDS2026.png\",\"width\":681,\"height\":100,\"caption\":\"VIII CIDS 2026\"},\"image\":{\"@id\":\"https:\\\/\\\/ilg.usc.gal\\\/cids2026\\\/#\\\/schema\\\/logo\\\/image\\\/\"}}]}<\/script>\n<!-- \/ Yoast SEO plugin. -->","yoast_head_json":{"title":"Pessoas homenageadas - VIII CIDS 2026","robots":{"index":"index","follow":"follow","max-snippet":"max-snippet:-1","max-image-preview":"max-image-preview:large","max-video-preview":"max-video-preview:-1"},"canonical":"https:\/\/ilg.usc.gal\/cids2026\/pt\/pessoas-homenageadas\/","og_locale":"gl_ES","og_type":"article","og_title":"Pessoas homenageadas - VIII CIDS 2026","og_description":"Aparecida Negri Isquerdo \u00c9 professora da Universidade Federal de Mato Grosso do Sul (UFMS) e pesquisadora na \u00e1rea de lingu\u00edstica, com interesse especial em lexicologia, lexicografia, onom\u00e1stica e dialetologia\/geolingu\u00edstica. \u00c9 diretora cient\u00edfica do Comit\u00ea Nacional de Coordena\u00e7\u00e3o do projeto Atlas Lingu\u00edstico do Brasil (ALiB) e coordenadora do ALiB na UFMS. Na \u00e1rea da topon\u00edmia, dirigiu &hellip;","og_url":"https:\/\/ilg.usc.gal\/cids2026\/pt\/pessoas-homenageadas\/","og_site_name":"VIII CIDS 2026","article_modified_time":"2026-01-09T13:11:14+00:00","og_image":[{"width":225,"height":225,"url":"https:\/\/ilg.usc.gal\/cids2026\/wp-content\/uploads\/2025\/10\/Aparecida.jpg","type":"image\/jpeg"}],"twitter_card":"summary_large_image","twitter_misc":{"Tempo de lectura":"3 minutos"},"schema":{"@context":"https:\/\/schema.org","@graph":[{"@type":"WebPage","@id":"https:\/\/ilg.usc.gal\/cids2026\/pt\/pessoas-homenageadas\/","url":"https:\/\/ilg.usc.gal\/cids2026\/pt\/pessoas-homenageadas\/","name":"Pessoas homenageadas - VIII CIDS 2026","isPartOf":{"@id":"https:\/\/ilg.usc.gal\/cids2026\/#website"},"primaryImageOfPage":{"@id":"https:\/\/ilg.usc.gal\/cids2026\/pt\/pessoas-homenageadas\/#primaryimage"},"image":{"@id":"https:\/\/ilg.usc.gal\/cids2026\/pt\/pessoas-homenageadas\/#primaryimage"},"thumbnailUrl":"https:\/\/ilg.usc.gal\/cids2026\/wp-content\/uploads\/2025\/10\/Aparecida.jpg","datePublished":"2025-10-15T10:36:07+00:00","dateModified":"2026-01-09T13:11:14+00:00","breadcrumb":{"@id":"https:\/\/ilg.usc.gal\/cids2026\/pt\/pessoas-homenageadas\/#breadcrumb"},"inLanguage":"gl-ES","potentialAction":[{"@type":"ReadAction","target":["https:\/\/ilg.usc.gal\/cids2026\/pt\/pessoas-homenageadas\/"]}]},{"@type":"ImageObject","inLanguage":"gl-ES","@id":"https:\/\/ilg.usc.gal\/cids2026\/pt\/pessoas-homenageadas\/#primaryimage","url":"https:\/\/ilg.usc.gal\/cids2026\/wp-content\/uploads\/2025\/10\/Aparecida.jpg","contentUrl":"https:\/\/ilg.usc.gal\/cids2026\/wp-content\/uploads\/2025\/10\/Aparecida.jpg","width":225,"height":225},{"@type":"BreadcrumbList","@id":"https:\/\/ilg.usc.gal\/cids2026\/pt\/pessoas-homenageadas\/#breadcrumb","itemListElement":[{"@type":"ListItem","position":1,"name":"Inicio","item":"https:\/\/ilg.usc.gal\/cids2026\/"},{"@type":"ListItem","position":2,"name":"Pessoas homenageadas"}]},{"@type":"WebSite","@id":"https:\/\/ilg.usc.gal\/cids2026\/#website","url":"https:\/\/ilg.usc.gal\/cids2026\/","name":"VIII CIDS 2026","description":"VIII Congreso Internacional de Dialectolox\u00eda e Socioling\u00fc\u00edstica. Cartograf\u00edas da lingua: variaci\u00f3n, contacto e planificaci\u00f3n","publisher":{"@id":"https:\/\/ilg.usc.gal\/cids2026\/#organization"},"potentialAction":[{"@type":"SearchAction","target":{"@type":"EntryPoint","urlTemplate":"https:\/\/ilg.usc.gal\/cids2026\/?s={search_term_string}"},"query-input":{"@type":"PropertyValueSpecification","valueRequired":true,"valueName":"search_term_string"}}],"inLanguage":"gl-ES"},{"@type":"Organization","@id":"https:\/\/ilg.usc.gal\/cids2026\/#organization","name":"VIII CIDS 2026","url":"https:\/\/ilg.usc.gal\/cids2026\/","logo":{"@type":"ImageObject","inLanguage":"gl-ES","@id":"https:\/\/ilg.usc.gal\/cids2026\/#\/schema\/logo\/image\/","url":"https:\/\/ilg.usc.gal\/cids2026\/wp-content\/uploads\/2025\/10\/CIDS2026.png","contentUrl":"https:\/\/ilg.usc.gal\/cids2026\/wp-content\/uploads\/2025\/10\/CIDS2026.png","width":681,"height":100,"caption":"VIII CIDS 2026"},"image":{"@id":"https:\/\/ilg.usc.gal\/cids2026\/#\/schema\/logo\/image\/"}}]}},"_links":{"self":[{"href":"https:\/\/ilg.usc.gal\/cids2026\/wp-json\/wp\/v2\/pages\/110","targetHints":{"allow":["GET"]}}],"collection":[{"href":"https:\/\/ilg.usc.gal\/cids2026\/wp-json\/wp\/v2\/pages"}],"about":[{"href":"https:\/\/ilg.usc.gal\/cids2026\/wp-json\/wp\/v2\/types\/page"}],"author":[{"embeddable":true,"href":"https:\/\/ilg.usc.gal\/cids2026\/wp-json\/wp\/v2\/users\/1"}],"replies":[{"embeddable":true,"href":"https:\/\/ilg.usc.gal\/cids2026\/wp-json\/wp\/v2\/comments?post=110"}],"version-history":[{"count":12,"href":"https:\/\/ilg.usc.gal\/cids2026\/wp-json\/wp\/v2\/pages\/110\/revisions"}],"predecessor-version":[{"id":480,"href":"https:\/\/ilg.usc.gal\/cids2026\/wp-json\/wp\/v2\/pages\/110\/revisions\/480"}],"wp:attachment":[{"href":"https:\/\/ilg.usc.gal\/cids2026\/wp-json\/wp\/v2\/media?parent=110"}],"curies":[{"name":"wp","href":"https:\/\/api.w.org\/{rel}","templated":true}]}}