{"id":12,"date":"2025-10-14T19:07:29","date_gmt":"2025-10-14T17:07:29","guid":{"rendered":"https:\/\/ilg.usc.gal\/cids2026\/?page_id=12"},"modified":"2025-10-28T00:25:51","modified_gmt":"2025-10-27T23:25:51","slug":"presentacion","status":"publish","type":"page","link":"https:\/\/ilg.usc.gal\/cids2026\/","title":{"rendered":"Presentaci\u00f3n"},"content":{"rendered":"\n<p>O VIII Congreso Internacional de Dialectolox\u00eda e Socioling\u00fc\u00edstica (CIDS 2026), organizado polo <a href=\"https:\/\/ilg.usc.gal\/\">Instituto da Lingua Galega da Universidade de Santiago de Compostela<\/a> en parcer\u00eda co <a href=\"https:\/\/alib.ufba.br\/cids\">Projeto Atlas Lingu\u00edstico do Brasil<\/a>, ter\u00e1 lugar en Santiago de Compostela do 13 ao 16 de xullo de 2026. Este encontro pretende ser un espazo de intercambio e reflexi\u00f3n sobre a diversidade ling\u00fc\u00edstica, a variaci\u00f3n dialectal e as din\u00e1micas socioling\u00fc\u00edsticas, en contextos actuais e hist\u00f3ricos.<\/p>\n\n\n\n<p>Nesta edici\u00f3n, que presentamos baixo o t\u00edtulo <em>Cartograf\u00edas da lingua: variaci\u00f3n, contacto e planificaci\u00f3n<\/em>, prestarase unha atenci\u00f3n especial aos procesos de variaci\u00f3n nas situaci\u00f3ns de contacto ling\u00fc\u00edstico e \u00e1s estratexias de planificaci\u00f3n e xesti\u00f3n da diversidade ling\u00fc\u00edstica, tanto desde perspectivas emp\u00edricas coma te\u00f3ricas, e en diferentes contextos xeogr\u00e1ficos e temporais. Por outra banda, son especialmente benvidas neste congreso as contribuci\u00f3ns sobre linguas minorizadas.<\/p>\n","protected":false},"excerpt":{"rendered":"<p>O VIII Congreso Internacional de Dialectolox\u00eda e Socioling\u00fc\u00edstica (CIDS 2026), organizado polo Instituto da Lingua Galega da Universidade de Santiago de Compostela en parcer\u00eda co Projeto Atlas Lingu\u00edstico do Brasil, ter\u00e1 lugar en Santiago de Compostela do 13 ao 16 de xullo de 2026. Este encontro pretende ser un espazo de intercambio e reflexi\u00f3n sobre &hellip; <\/p>\n","protected":false},"author":1,"featured_media":0,"parent":0,"menu_order":0,"comment_status":"closed","ping_status":"closed","template":"","meta":{"footnotes":""},"class_list":["post-12","page","type-page","status-publish","hentry"],"yoast_head":"<!-- This site is optimized with the Yoast SEO plugin v27.4 - https:\/\/yoast.com\/product\/yoast-seo-wordpress\/ -->\n<title>Presentaci\u00f3n - VIII CIDS 2026<\/title>\n<meta name=\"robots\" content=\"index, follow, max-snippet:-1, max-image-preview:large, max-video-preview:-1\" \/>\n<link rel=\"canonical\" href=\"https:\/\/ilg.usc.gal\/cids2026\/\" \/>\n<meta property=\"og:locale\" content=\"gl_ES\" \/>\n<meta property=\"og:type\" content=\"article\" \/>\n<meta property=\"og:title\" content=\"Presentaci\u00f3n - VIII CIDS 2026\" \/>\n<meta property=\"og:description\" content=\"O VIII Congreso Internacional de Dialectolox\u00eda e Socioling\u00fc\u00edstica (CIDS 2026), organizado polo Instituto da Lingua Galega da Universidade de Santiago de Compostela en parcer\u00eda co Projeto Atlas Lingu\u00edstico do Brasil, ter\u00e1 lugar en Santiago de Compostela do 13 ao 16 de xullo de 2026. Este encontro pretende ser un espazo de intercambio e reflexi\u00f3n sobre &hellip;\" \/>\n<meta property=\"og:url\" content=\"https:\/\/ilg.usc.gal\/cids2026\/\" \/>\n<meta property=\"og:site_name\" content=\"VIII CIDS 2026\" \/>\n<meta property=\"article:modified_time\" content=\"2025-10-27T23:25:51+00:00\" \/>\n<meta name=\"twitter:card\" content=\"summary_large_image\" \/>\n<meta name=\"twitter:label1\" content=\"Tempo de lectura\" \/>\n\t<meta name=\"twitter:data1\" content=\"1 minuto\" \/>\n<script type=\"application\/ld+json\" class=\"yoast-schema-graph\">{\"@context\":\"https:\\\/\\\/schema.org\",\"@graph\":[{\"@type\":\"WebPage\",\"@id\":\"https:\\\/\\\/ilg.usc.gal\\\/cids2026\\\/\",\"url\":\"https:\\\/\\\/ilg.usc.gal\\\/cids2026\\\/\",\"name\":\"Presentaci\u00f3n - VIII CIDS 2026\",\"isPartOf\":{\"@id\":\"https:\\\/\\\/ilg.usc.gal\\\/cids2026\\\/#website\"},\"datePublished\":\"2025-10-14T17:07:29+00:00\",\"dateModified\":\"2025-10-27T23:25:51+00:00\",\"breadcrumb\":{\"@id\":\"https:\\\/\\\/ilg.usc.gal\\\/cids2026\\\/#breadcrumb\"},\"inLanguage\":\"gl-ES\",\"potentialAction\":[{\"@type\":\"ReadAction\",\"target\":[\"https:\\\/\\\/ilg.usc.gal\\\/cids2026\\\/\"]}]},{\"@type\":\"BreadcrumbList\",\"@id\":\"https:\\\/\\\/ilg.usc.gal\\\/cids2026\\\/#breadcrumb\",\"itemListElement\":[{\"@type\":\"ListItem\",\"position\":1,\"name\":\"Inicio\",\"item\":\"https:\\\/\\\/ilg.usc.gal\\\/cids2026\\\/\"},{\"@type\":\"ListItem\",\"position\":2,\"name\":\"Presentaci\u00f3n\"}]},{\"@type\":\"WebSite\",\"@id\":\"https:\\\/\\\/ilg.usc.gal\\\/cids2026\\\/#website\",\"url\":\"https:\\\/\\\/ilg.usc.gal\\\/cids2026\\\/\",\"name\":\"VIII CIDS 2026\",\"description\":\"VIII Congreso Internacional de Dialectolox\u00eda e Socioling\u00fc\u00edstica. Cartograf\u00edas da lingua: variaci\u00f3n, contacto e planificaci\u00f3n\",\"publisher\":{\"@id\":\"https:\\\/\\\/ilg.usc.gal\\\/cids2026\\\/#organization\"},\"potentialAction\":[{\"@type\":\"SearchAction\",\"target\":{\"@type\":\"EntryPoint\",\"urlTemplate\":\"https:\\\/\\\/ilg.usc.gal\\\/cids2026\\\/?s={search_term_string}\"},\"query-input\":{\"@type\":\"PropertyValueSpecification\",\"valueRequired\":true,\"valueName\":\"search_term_string\"}}],\"inLanguage\":\"gl-ES\"},{\"@type\":\"Organization\",\"@id\":\"https:\\\/\\\/ilg.usc.gal\\\/cids2026\\\/#organization\",\"name\":\"VIII CIDS 2026\",\"url\":\"https:\\\/\\\/ilg.usc.gal\\\/cids2026\\\/\",\"logo\":{\"@type\":\"ImageObject\",\"inLanguage\":\"gl-ES\",\"@id\":\"https:\\\/\\\/ilg.usc.gal\\\/cids2026\\\/#\\\/schema\\\/logo\\\/image\\\/\",\"url\":\"https:\\\/\\\/ilg.usc.gal\\\/cids2026\\\/wp-content\\\/uploads\\\/2025\\\/10\\\/CIDS2026.png\",\"contentUrl\":\"https:\\\/\\\/ilg.usc.gal\\\/cids2026\\\/wp-content\\\/uploads\\\/2025\\\/10\\\/CIDS2026.png\",\"width\":681,\"height\":100,\"caption\":\"VIII CIDS 2026\"},\"image\":{\"@id\":\"https:\\\/\\\/ilg.usc.gal\\\/cids2026\\\/#\\\/schema\\\/logo\\\/image\\\/\"}}]}<\/script>\n<!-- \/ Yoast SEO plugin. -->","yoast_head_json":{"title":"Presentaci\u00f3n - VIII CIDS 2026","robots":{"index":"index","follow":"follow","max-snippet":"max-snippet:-1","max-image-preview":"max-image-preview:large","max-video-preview":"max-video-preview:-1"},"canonical":"https:\/\/ilg.usc.gal\/cids2026\/","og_locale":"gl_ES","og_type":"article","og_title":"Presentaci\u00f3n - VIII CIDS 2026","og_description":"O VIII Congreso Internacional de Dialectolox\u00eda e Socioling\u00fc\u00edstica (CIDS 2026), organizado polo Instituto da Lingua Galega da Universidade de Santiago de Compostela en parcer\u00eda co Projeto Atlas Lingu\u00edstico do Brasil, ter\u00e1 lugar en Santiago de Compostela do 13 ao 16 de xullo de 2026. Este encontro pretende ser un espazo de intercambio e reflexi\u00f3n sobre &hellip;","og_url":"https:\/\/ilg.usc.gal\/cids2026\/","og_site_name":"VIII CIDS 2026","article_modified_time":"2025-10-27T23:25:51+00:00","twitter_card":"summary_large_image","twitter_misc":{"Tempo de lectura":"1 minuto"},"schema":{"@context":"https:\/\/schema.org","@graph":[{"@type":"WebPage","@id":"https:\/\/ilg.usc.gal\/cids2026\/","url":"https:\/\/ilg.usc.gal\/cids2026\/","name":"Presentaci\u00f3n - VIII CIDS 2026","isPartOf":{"@id":"https:\/\/ilg.usc.gal\/cids2026\/#website"},"datePublished":"2025-10-14T17:07:29+00:00","dateModified":"2025-10-27T23:25:51+00:00","breadcrumb":{"@id":"https:\/\/ilg.usc.gal\/cids2026\/#breadcrumb"},"inLanguage":"gl-ES","potentialAction":[{"@type":"ReadAction","target":["https:\/\/ilg.usc.gal\/cids2026\/"]}]},{"@type":"BreadcrumbList","@id":"https:\/\/ilg.usc.gal\/cids2026\/#breadcrumb","itemListElement":[{"@type":"ListItem","position":1,"name":"Inicio","item":"https:\/\/ilg.usc.gal\/cids2026\/"},{"@type":"ListItem","position":2,"name":"Presentaci\u00f3n"}]},{"@type":"WebSite","@id":"https:\/\/ilg.usc.gal\/cids2026\/#website","url":"https:\/\/ilg.usc.gal\/cids2026\/","name":"VIII CIDS 2026","description":"VIII Congreso Internacional de Dialectolox\u00eda e Socioling\u00fc\u00edstica. Cartograf\u00edas da lingua: variaci\u00f3n, contacto e planificaci\u00f3n","publisher":{"@id":"https:\/\/ilg.usc.gal\/cids2026\/#organization"},"potentialAction":[{"@type":"SearchAction","target":{"@type":"EntryPoint","urlTemplate":"https:\/\/ilg.usc.gal\/cids2026\/?s={search_term_string}"},"query-input":{"@type":"PropertyValueSpecification","valueRequired":true,"valueName":"search_term_string"}}],"inLanguage":"gl-ES"},{"@type":"Organization","@id":"https:\/\/ilg.usc.gal\/cids2026\/#organization","name":"VIII CIDS 2026","url":"https:\/\/ilg.usc.gal\/cids2026\/","logo":{"@type":"ImageObject","inLanguage":"gl-ES","@id":"https:\/\/ilg.usc.gal\/cids2026\/#\/schema\/logo\/image\/","url":"https:\/\/ilg.usc.gal\/cids2026\/wp-content\/uploads\/2025\/10\/CIDS2026.png","contentUrl":"https:\/\/ilg.usc.gal\/cids2026\/wp-content\/uploads\/2025\/10\/CIDS2026.png","width":681,"height":100,"caption":"VIII CIDS 2026"},"image":{"@id":"https:\/\/ilg.usc.gal\/cids2026\/#\/schema\/logo\/image\/"}}]}},"_links":{"self":[{"href":"https:\/\/ilg.usc.gal\/cids2026\/wp-json\/wp\/v2\/pages\/12","targetHints":{"allow":["GET"]}}],"collection":[{"href":"https:\/\/ilg.usc.gal\/cids2026\/wp-json\/wp\/v2\/pages"}],"about":[{"href":"https:\/\/ilg.usc.gal\/cids2026\/wp-json\/wp\/v2\/types\/page"}],"author":[{"embeddable":true,"href":"https:\/\/ilg.usc.gal\/cids2026\/wp-json\/wp\/v2\/users\/1"}],"replies":[{"embeddable":true,"href":"https:\/\/ilg.usc.gal\/cids2026\/wp-json\/wp\/v2\/comments?post=12"}],"version-history":[{"count":6,"href":"https:\/\/ilg.usc.gal\/cids2026\/wp-json\/wp\/v2\/pages\/12\/revisions"}],"predecessor-version":[{"id":404,"href":"https:\/\/ilg.usc.gal\/cids2026\/wp-json\/wp\/v2\/pages\/12\/revisions\/404"}],"wp:attachment":[{"href":"https:\/\/ilg.usc.gal\/cids2026\/wp-json\/wp\/v2\/media?parent=12"}],"curies":[{"name":"wp","href":"https:\/\/api.w.org\/{rel}","templated":true}]}}