{"id":22,"date":"2025-10-14T19:09:04","date_gmt":"2025-10-14T17:09:04","guid":{"rendered":"https:\/\/ilg.usc.gal\/cids2026\/?page_id=22"},"modified":"2026-03-16T19:11:15","modified_gmt":"2026-03-16T18:11:15","slug":"envios-e-inscricion","status":"publish","type":"page","link":"https:\/\/ilg.usc.gal\/cids2026\/envios-e-inscricion\/","title":{"rendered":"Inscrici\u00f3n"},"content":{"rendered":"\n<h4 class=\"wp-block-heading has-text-color has-link-color wp-elements-86698ef683ba979e54cf5c4e99f20b06\" style=\"color:#8a4358\"><strong>Modalidades de participaci\u00f3n<\/strong><\/h4>\n\n\n\n<ul class=\"wp-block-list\">\n<li><strong><span style=\"color:#8a4358;\">Comunicaci\u00f3ns<\/span><\/strong> (20\u2019 + 10\u2019). S\u00f3 se aceptar\u00e1n 2 propostas por persoa como m\u00e1ximo, sexan individuais ou en coautor\u00eda.<\/li>\n\n\n\n<li><strong><span style=\"color:#8a4358;\">Paneis:<\/span><\/strong> entre 3 e 4 comunicaci\u00f3ns coordinadas. Tr\u00e1tase dun bloque de comunicaci\u00f3ns (20\u2019 + 10\u2019 cada unha), presentadas baixo a coordinaci\u00f3n expresa dunha ou d\u00faas das persoas participantes, en que se aborda con enfoques complementarios o estudo dunha cuesti\u00f3n relacionada coas anteriores li\u00f1as tem\u00e1ticas que se indican m\u00e1is adiante.<\/li>\n\n\n\n<li><strong><span style=\"color:#8a4358;\">P\u00f3steres<\/span><\/strong> (con defensa presencial) relacionados coas li\u00f1as tem\u00e1ticas do congreso.<\/li>\n<\/ul>\n\n\n\n<p><\/p>\n\n\n\n<h4 class=\"wp-block-heading has-text-color has-link-color wp-elements-0e6143f1743e57956d3d916152c87561\" style=\"color:#8a4358\"><strong>Inscrici\u00f3n e pagamento<\/strong><\/h4>\n\n\n\n<p>O prazo para inscribirse enc\u00f3ntrase aberto ata o <strong><span style=\"color:#8a4358;\">31 de maio de 2026<\/span><\/strong>. A inscrici\u00f3n e o pagamento deben realizarse a trav\u00e9s da seguinte ligaz\u00f3n:<\/p>\n\n\n\n<p class=\"has-text-align-center\"><a href=\"https:\/\/usc.teventos.com\/cids26\/gl\/mods\/formulario-de-inscricion\"><strong><span style=\"color:#8a4358;\">FORMULARIO DE INSCRICI\u00d3N E PAGAMENTO<\/span><\/strong><\/a><\/p>\n\n\n\n<p class=\"has-black-color has-text-color has-link-color wp-elements-ac81ca90ea1fd91a48e8be2497c70420\">As taxas de inscrici\u00f3n ind\u00edcanse a seguir. No caso dos traballos presentados en <strong><span style=\"color:#8a4358;\">coautor\u00eda<\/span><\/strong>, cada coautor(a) debe inscribirse e pagar as taxas correspondentes para podermos certificar a s\u00faa participaci\u00f3n.<\/p>\n\n\n\n<figure class=\"wp-block-table\"><table class=\"has-black-color has-white-background-color has-text-color has-background has-link-color has-fixed-layout\"><tbody><tr><td><strong><span style=\"color:#8a4358;\">Participantes<\/span><\/strong><\/td><td><strong><span style=\"color:#8a4358;\">Ata o 31 de maio<\/span><\/strong><\/td><\/tr><tr><td><strong><span style=\"color:#8a4358;\">Cota comunicaci\u00f3n\/panel<\/span><\/strong><\/td><td>120 \u20ac<\/td><\/tr><tr><td><strong><span style=\"color:#8a4358;\">Cota p\u00f3ster<\/span><\/strong><\/td><td>90 \u20ac<\/td><\/tr><tr><td><strong><span style=\"color:#8a4358;\">Cota de estudantes<\/span><\/strong><strong><span style=\"color:#8a4358;\"><sup>1<\/sup><\/span><\/strong><\/td><td>60 \u20ac<\/td><\/tr><\/tbody><\/table><\/figure>\n\n\n\n<figure class=\"wp-block-table\"><table class=\"has-black-color has-text-color has-link-color has-fixed-layout\"><tbody><tr><td><strong><span style=\"color:#8a4358;\">Asistentes sen comunicaci\u00f3n<sup>2<\/sup><\/span><\/strong><\/td><td><strong><span style=\"color:#8a4358;\">Ata o 31 de maio<\/span><\/strong><\/td><\/tr><tr><td><strong><span style=\"color:#8a4358;\">Cota asistencia<\/span><\/strong><\/td><td>60 \u20ac<\/td><\/tr><tr><td><strong><span style=\"color:#8a4358;\">Cota asistencia de estudantes<sup><strong><\/strong><\/sup><strong><sup>1<\/sup><\/strong><\/span><\/strong><\/td><td>30 \u20ac<\/td><\/tr><\/tbody><\/table><\/figure>\n\n\n\n<div class=\"wp-block-group\"><div class=\"wp-block-group__inner-container is-layout-constrained wp-block-group-is-layout-constrained\">\n<div class=\"wp-block-group is-vertical is-layout-flex wp-container-core-group-is-layout-8cf370e7 wp-block-group-is-layout-flex\">\n<p><sup>1<\/sup> Require anexar matr\u00edcula de estudos<\/p>\n\n\n\n<p><sup>2<\/sup> Incl\u00fae certificado de asistencia<\/p>\n<\/div>\n<\/div><\/div>\n\n\n\n<p><\/p>\n","protected":false},"excerpt":{"rendered":"<p>Modalidades de participaci\u00f3n Inscrici\u00f3n e pagamento O prazo para inscribirse enc\u00f3ntrase aberto ata o 31 de maio de 2026. A inscrici\u00f3n e o pagamento deben realizarse a trav\u00e9s da seguinte ligaz\u00f3n: FORMULARIO DE INSCRICI\u00d3N E PAGAMENTO As taxas de inscrici\u00f3n ind\u00edcanse a seguir. No caso dos traballos presentados en coautor\u00eda, cada coautor(a) debe inscribirse e &hellip; <\/p>\n","protected":false},"author":1,"featured_media":0,"parent":0,"menu_order":0,"comment_status":"closed","ping_status":"closed","template":"","meta":{"footnotes":""},"class_list":["post-22","page","type-page","status-publish","hentry"],"yoast_head":"<!-- This site is optimized with the Yoast SEO plugin v27.4 - https:\/\/yoast.com\/product\/yoast-seo-wordpress\/ -->\n<title>Inscrici\u00f3n - VIII CIDS 2026<\/title>\n<meta name=\"robots\" content=\"index, follow, max-snippet:-1, max-image-preview:large, max-video-preview:-1\" \/>\n<link rel=\"canonical\" href=\"https:\/\/ilg.usc.gal\/cids2026\/envios-e-inscricion\/\" \/>\n<meta property=\"og:locale\" content=\"gl_ES\" \/>\n<meta property=\"og:type\" content=\"article\" \/>\n<meta property=\"og:title\" content=\"Inscrici\u00f3n - VIII CIDS 2026\" \/>\n<meta property=\"og:description\" content=\"Modalidades de participaci\u00f3n Inscrici\u00f3n e pagamento O prazo para inscribirse enc\u00f3ntrase aberto ata o 31 de maio de 2026. A inscrici\u00f3n e o pagamento deben realizarse a trav\u00e9s da seguinte ligaz\u00f3n: FORMULARIO DE INSCRICI\u00d3N E PAGAMENTO As taxas de inscrici\u00f3n ind\u00edcanse a seguir. No caso dos traballos presentados en coautor\u00eda, cada coautor(a) debe inscribirse e &hellip;\" \/>\n<meta property=\"og:url\" content=\"https:\/\/ilg.usc.gal\/cids2026\/envios-e-inscricion\/\" \/>\n<meta property=\"og:site_name\" content=\"VIII CIDS 2026\" \/>\n<meta property=\"article:modified_time\" content=\"2026-03-16T18:11:15+00:00\" \/>\n<meta name=\"twitter:card\" content=\"summary_large_image\" \/>\n<meta name=\"twitter:label1\" content=\"Tempo de lectura\" \/>\n\t<meta name=\"twitter:data1\" content=\"2 minutos\" \/>\n<script type=\"application\/ld+json\" class=\"yoast-schema-graph\">{\"@context\":\"https:\\\/\\\/schema.org\",\"@graph\":[{\"@type\":\"WebPage\",\"@id\":\"https:\\\/\\\/ilg.usc.gal\\\/cids2026\\\/envios-e-inscricion\\\/\",\"url\":\"https:\\\/\\\/ilg.usc.gal\\\/cids2026\\\/envios-e-inscricion\\\/\",\"name\":\"Inscrici\u00f3n - VIII CIDS 2026\",\"isPartOf\":{\"@id\":\"https:\\\/\\\/ilg.usc.gal\\\/cids2026\\\/#website\"},\"datePublished\":\"2025-10-14T17:09:04+00:00\",\"dateModified\":\"2026-03-16T18:11:15+00:00\",\"breadcrumb\":{\"@id\":\"https:\\\/\\\/ilg.usc.gal\\\/cids2026\\\/envios-e-inscricion\\\/#breadcrumb\"},\"inLanguage\":\"gl-ES\",\"potentialAction\":[{\"@type\":\"ReadAction\",\"target\":[\"https:\\\/\\\/ilg.usc.gal\\\/cids2026\\\/envios-e-inscricion\\\/\"]}]},{\"@type\":\"BreadcrumbList\",\"@id\":\"https:\\\/\\\/ilg.usc.gal\\\/cids2026\\\/envios-e-inscricion\\\/#breadcrumb\",\"itemListElement\":[{\"@type\":\"ListItem\",\"position\":1,\"name\":\"Inicio\",\"item\":\"https:\\\/\\\/ilg.usc.gal\\\/cids2026\\\/\"},{\"@type\":\"ListItem\",\"position\":2,\"name\":\"Inscrici\u00f3n\"}]},{\"@type\":\"WebSite\",\"@id\":\"https:\\\/\\\/ilg.usc.gal\\\/cids2026\\\/#website\",\"url\":\"https:\\\/\\\/ilg.usc.gal\\\/cids2026\\\/\",\"name\":\"VIII CIDS 2026\",\"description\":\"VIII Congreso Internacional de Dialectolox\u00eda e Socioling\u00fc\u00edstica. Cartograf\u00edas da lingua: variaci\u00f3n, contacto e planificaci\u00f3n\",\"publisher\":{\"@id\":\"https:\\\/\\\/ilg.usc.gal\\\/cids2026\\\/#organization\"},\"potentialAction\":[{\"@type\":\"SearchAction\",\"target\":{\"@type\":\"EntryPoint\",\"urlTemplate\":\"https:\\\/\\\/ilg.usc.gal\\\/cids2026\\\/?s={search_term_string}\"},\"query-input\":{\"@type\":\"PropertyValueSpecification\",\"valueRequired\":true,\"valueName\":\"search_term_string\"}}],\"inLanguage\":\"gl-ES\"},{\"@type\":\"Organization\",\"@id\":\"https:\\\/\\\/ilg.usc.gal\\\/cids2026\\\/#organization\",\"name\":\"VIII CIDS 2026\",\"url\":\"https:\\\/\\\/ilg.usc.gal\\\/cids2026\\\/\",\"logo\":{\"@type\":\"ImageObject\",\"inLanguage\":\"gl-ES\",\"@id\":\"https:\\\/\\\/ilg.usc.gal\\\/cids2026\\\/#\\\/schema\\\/logo\\\/image\\\/\",\"url\":\"https:\\\/\\\/ilg.usc.gal\\\/cids2026\\\/wp-content\\\/uploads\\\/2025\\\/10\\\/CIDS2026.png\",\"contentUrl\":\"https:\\\/\\\/ilg.usc.gal\\\/cids2026\\\/wp-content\\\/uploads\\\/2025\\\/10\\\/CIDS2026.png\",\"width\":681,\"height\":100,\"caption\":\"VIII CIDS 2026\"},\"image\":{\"@id\":\"https:\\\/\\\/ilg.usc.gal\\\/cids2026\\\/#\\\/schema\\\/logo\\\/image\\\/\"}}]}<\/script>\n<!-- \/ Yoast SEO plugin. -->","yoast_head_json":{"title":"Inscrici\u00f3n - VIII CIDS 2026","robots":{"index":"index","follow":"follow","max-snippet":"max-snippet:-1","max-image-preview":"max-image-preview:large","max-video-preview":"max-video-preview:-1"},"canonical":"https:\/\/ilg.usc.gal\/cids2026\/envios-e-inscricion\/","og_locale":"gl_ES","og_type":"article","og_title":"Inscrici\u00f3n - VIII CIDS 2026","og_description":"Modalidades de participaci\u00f3n Inscrici\u00f3n e pagamento O prazo para inscribirse enc\u00f3ntrase aberto ata o 31 de maio de 2026. A inscrici\u00f3n e o pagamento deben realizarse a trav\u00e9s da seguinte ligaz\u00f3n: FORMULARIO DE INSCRICI\u00d3N E PAGAMENTO As taxas de inscrici\u00f3n ind\u00edcanse a seguir. No caso dos traballos presentados en coautor\u00eda, cada coautor(a) debe inscribirse e &hellip;","og_url":"https:\/\/ilg.usc.gal\/cids2026\/envios-e-inscricion\/","og_site_name":"VIII CIDS 2026","article_modified_time":"2026-03-16T18:11:15+00:00","twitter_card":"summary_large_image","twitter_misc":{"Tempo de lectura":"2 minutos"},"schema":{"@context":"https:\/\/schema.org","@graph":[{"@type":"WebPage","@id":"https:\/\/ilg.usc.gal\/cids2026\/envios-e-inscricion\/","url":"https:\/\/ilg.usc.gal\/cids2026\/envios-e-inscricion\/","name":"Inscrici\u00f3n - VIII CIDS 2026","isPartOf":{"@id":"https:\/\/ilg.usc.gal\/cids2026\/#website"},"datePublished":"2025-10-14T17:09:04+00:00","dateModified":"2026-03-16T18:11:15+00:00","breadcrumb":{"@id":"https:\/\/ilg.usc.gal\/cids2026\/envios-e-inscricion\/#breadcrumb"},"inLanguage":"gl-ES","potentialAction":[{"@type":"ReadAction","target":["https:\/\/ilg.usc.gal\/cids2026\/envios-e-inscricion\/"]}]},{"@type":"BreadcrumbList","@id":"https:\/\/ilg.usc.gal\/cids2026\/envios-e-inscricion\/#breadcrumb","itemListElement":[{"@type":"ListItem","position":1,"name":"Inicio","item":"https:\/\/ilg.usc.gal\/cids2026\/"},{"@type":"ListItem","position":2,"name":"Inscrici\u00f3n"}]},{"@type":"WebSite","@id":"https:\/\/ilg.usc.gal\/cids2026\/#website","url":"https:\/\/ilg.usc.gal\/cids2026\/","name":"VIII CIDS 2026","description":"VIII Congreso Internacional de Dialectolox\u00eda e Socioling\u00fc\u00edstica. Cartograf\u00edas da lingua: variaci\u00f3n, contacto e planificaci\u00f3n","publisher":{"@id":"https:\/\/ilg.usc.gal\/cids2026\/#organization"},"potentialAction":[{"@type":"SearchAction","target":{"@type":"EntryPoint","urlTemplate":"https:\/\/ilg.usc.gal\/cids2026\/?s={search_term_string}"},"query-input":{"@type":"PropertyValueSpecification","valueRequired":true,"valueName":"search_term_string"}}],"inLanguage":"gl-ES"},{"@type":"Organization","@id":"https:\/\/ilg.usc.gal\/cids2026\/#organization","name":"VIII CIDS 2026","url":"https:\/\/ilg.usc.gal\/cids2026\/","logo":{"@type":"ImageObject","inLanguage":"gl-ES","@id":"https:\/\/ilg.usc.gal\/cids2026\/#\/schema\/logo\/image\/","url":"https:\/\/ilg.usc.gal\/cids2026\/wp-content\/uploads\/2025\/10\/CIDS2026.png","contentUrl":"https:\/\/ilg.usc.gal\/cids2026\/wp-content\/uploads\/2025\/10\/CIDS2026.png","width":681,"height":100,"caption":"VIII CIDS 2026"},"image":{"@id":"https:\/\/ilg.usc.gal\/cids2026\/#\/schema\/logo\/image\/"}}]}},"_links":{"self":[{"href":"https:\/\/ilg.usc.gal\/cids2026\/wp-json\/wp\/v2\/pages\/22","targetHints":{"allow":["GET"]}}],"collection":[{"href":"https:\/\/ilg.usc.gal\/cids2026\/wp-json\/wp\/v2\/pages"}],"about":[{"href":"https:\/\/ilg.usc.gal\/cids2026\/wp-json\/wp\/v2\/types\/page"}],"author":[{"embeddable":true,"href":"https:\/\/ilg.usc.gal\/cids2026\/wp-json\/wp\/v2\/users\/1"}],"replies":[{"embeddable":true,"href":"https:\/\/ilg.usc.gal\/cids2026\/wp-json\/wp\/v2\/comments?post=22"}],"version-history":[{"count":46,"href":"https:\/\/ilg.usc.gal\/cids2026\/wp-json\/wp\/v2\/pages\/22\/revisions"}],"predecessor-version":[{"id":623,"href":"https:\/\/ilg.usc.gal\/cids2026\/wp-json\/wp\/v2\/pages\/22\/revisions\/623"}],"wp:attachment":[{"href":"https:\/\/ilg.usc.gal\/cids2026\/wp-json\/wp\/v2\/media?parent=22"}],"curies":[{"name":"wp","href":"https:\/\/api.w.org\/{rel}","templated":true}]}}