{"id":24,"date":"2025-10-14T19:09:14","date_gmt":"2025-10-14T17:09:14","guid":{"rendered":"https:\/\/ilg.usc.gal\/cids2026\/?page_id=24"},"modified":"2026-02-18T11:47:05","modified_gmt":"2026-02-18T10:47:05","slug":"datas-importantes","status":"publish","type":"page","link":"https:\/\/ilg.usc.gal\/cids2026\/datas-importantes\/","title":{"rendered":"Datas importantes"},"content":{"rendered":"<div class=\"wp-block-image\">\n<figure class=\"aligncenter size-large\"><img loading=\"lazy\" decoding=\"async\" width=\"497\" height=\"1024\" src=\"https:\/\/ilg.usc.gal\/cids2026\/wp-content\/uploads\/2026\/02\/Datas_importantes_GL-1-497x1024.png\" alt=\"\" class=\"wp-image-590\" srcset=\"https:\/\/ilg.usc.gal\/cids2026\/wp-content\/uploads\/2026\/02\/Datas_importantes_GL-1-497x1024.png 497w, https:\/\/ilg.usc.gal\/cids2026\/wp-content\/uploads\/2026\/02\/Datas_importantes_GL-1-146x300.png 146w, https:\/\/ilg.usc.gal\/cids2026\/wp-content\/uploads\/2026\/02\/Datas_importantes_GL-1-768x1582.png 768w, https:\/\/ilg.usc.gal\/cids2026\/wp-content\/uploads\/2026\/02\/Datas_importantes_GL-1-746x1536.png 746w, https:\/\/ilg.usc.gal\/cids2026\/wp-content\/uploads\/2026\/02\/Datas_importantes_GL-1.png 800w\" sizes=\"auto, (max-width: 497px) 100vw, 497px\" \/><\/figure>\n<\/div>\n\n\n<p><\/p>\n","protected":false},"excerpt":{"rendered":"","protected":false},"author":1,"featured_media":0,"parent":0,"menu_order":0,"comment_status":"closed","ping_status":"closed","template":"","meta":{"footnotes":""},"class_list":["post-24","page","type-page","status-publish","hentry"],"yoast_head":"<!-- This site is optimized with the Yoast SEO plugin v27.4 - https:\/\/yoast.com\/product\/yoast-seo-wordpress\/ -->\n<title>Datas importantes - VIII CIDS 2026<\/title>\n<meta name=\"robots\" content=\"index, follow, max-snippet:-1, max-image-preview:large, max-video-preview:-1\" \/>\n<link rel=\"canonical\" href=\"https:\/\/ilg.usc.gal\/cids2026\/datas-importantes\/\" \/>\n<meta property=\"og:locale\" content=\"gl_ES\" \/>\n<meta property=\"og:type\" content=\"article\" \/>\n<meta property=\"og:title\" content=\"Datas importantes - VIII CIDS 2026\" \/>\n<meta property=\"og:url\" content=\"https:\/\/ilg.usc.gal\/cids2026\/datas-importantes\/\" \/>\n<meta property=\"og:site_name\" content=\"VIII CIDS 2026\" \/>\n<meta property=\"article:modified_time\" content=\"2026-02-18T10:47:05+00:00\" \/>\n<meta property=\"og:image\" content=\"https:\/\/ilg.usc.gal\/cids2026\/wp-content\/uploads\/2026\/02\/Datas_importantes_GL-1.png\" \/>\n\t<meta property=\"og:image:width\" content=\"800\" \/>\n\t<meta property=\"og:image:height\" content=\"1648\" \/>\n\t<meta property=\"og:image:type\" content=\"image\/png\" \/>\n<meta name=\"twitter:card\" content=\"summary_large_image\" \/>\n<meta name=\"twitter:label1\" content=\"Tempo de lectura\" \/>\n\t<meta name=\"twitter:data1\" content=\"1 minuto\" \/>\n<script type=\"application\/ld+json\" class=\"yoast-schema-graph\">{\"@context\":\"https:\\\/\\\/schema.org\",\"@graph\":[{\"@type\":\"WebPage\",\"@id\":\"https:\\\/\\\/ilg.usc.gal\\\/cids2026\\\/datas-importantes\\\/\",\"url\":\"https:\\\/\\\/ilg.usc.gal\\\/cids2026\\\/datas-importantes\\\/\",\"name\":\"Datas importantes - VIII CIDS 2026\",\"isPartOf\":{\"@id\":\"https:\\\/\\\/ilg.usc.gal\\\/cids2026\\\/#website\"},\"primaryImageOfPage\":{\"@id\":\"https:\\\/\\\/ilg.usc.gal\\\/cids2026\\\/datas-importantes\\\/#primaryimage\"},\"image\":{\"@id\":\"https:\\\/\\\/ilg.usc.gal\\\/cids2026\\\/datas-importantes\\\/#primaryimage\"},\"thumbnailUrl\":\"https:\\\/\\\/ilg.usc.gal\\\/cids2026\\\/wp-content\\\/uploads\\\/2026\\\/02\\\/Datas_importantes_GL-1-497x1024.png\",\"datePublished\":\"2025-10-14T17:09:14+00:00\",\"dateModified\":\"2026-02-18T10:47:05+00:00\",\"breadcrumb\":{\"@id\":\"https:\\\/\\\/ilg.usc.gal\\\/cids2026\\\/datas-importantes\\\/#breadcrumb\"},\"inLanguage\":\"gl-ES\",\"potentialAction\":[{\"@type\":\"ReadAction\",\"target\":[\"https:\\\/\\\/ilg.usc.gal\\\/cids2026\\\/datas-importantes\\\/\"]}]},{\"@type\":\"ImageObject\",\"inLanguage\":\"gl-ES\",\"@id\":\"https:\\\/\\\/ilg.usc.gal\\\/cids2026\\\/datas-importantes\\\/#primaryimage\",\"url\":\"https:\\\/\\\/ilg.usc.gal\\\/cids2026\\\/wp-content\\\/uploads\\\/2026\\\/02\\\/Datas_importantes_GL-1.png\",\"contentUrl\":\"https:\\\/\\\/ilg.usc.gal\\\/cids2026\\\/wp-content\\\/uploads\\\/2026\\\/02\\\/Datas_importantes_GL-1.png\",\"width\":800,\"height\":1648},{\"@type\":\"BreadcrumbList\",\"@id\":\"https:\\\/\\\/ilg.usc.gal\\\/cids2026\\\/datas-importantes\\\/#breadcrumb\",\"itemListElement\":[{\"@type\":\"ListItem\",\"position\":1,\"name\":\"Inicio\",\"item\":\"https:\\\/\\\/ilg.usc.gal\\\/cids2026\\\/\"},{\"@type\":\"ListItem\",\"position\":2,\"name\":\"Datas importantes\"}]},{\"@type\":\"WebSite\",\"@id\":\"https:\\\/\\\/ilg.usc.gal\\\/cids2026\\\/#website\",\"url\":\"https:\\\/\\\/ilg.usc.gal\\\/cids2026\\\/\",\"name\":\"VIII CIDS 2026\",\"description\":\"VIII Congreso Internacional de Dialectolox\u00eda e Socioling\u00fc\u00edstica. Cartograf\u00edas da lingua: variaci\u00f3n, contacto e planificaci\u00f3n\",\"publisher\":{\"@id\":\"https:\\\/\\\/ilg.usc.gal\\\/cids2026\\\/#organization\"},\"potentialAction\":[{\"@type\":\"SearchAction\",\"target\":{\"@type\":\"EntryPoint\",\"urlTemplate\":\"https:\\\/\\\/ilg.usc.gal\\\/cids2026\\\/?s={search_term_string}\"},\"query-input\":{\"@type\":\"PropertyValueSpecification\",\"valueRequired\":true,\"valueName\":\"search_term_string\"}}],\"inLanguage\":\"gl-ES\"},{\"@type\":\"Organization\",\"@id\":\"https:\\\/\\\/ilg.usc.gal\\\/cids2026\\\/#organization\",\"name\":\"VIII CIDS 2026\",\"url\":\"https:\\\/\\\/ilg.usc.gal\\\/cids2026\\\/\",\"logo\":{\"@type\":\"ImageObject\",\"inLanguage\":\"gl-ES\",\"@id\":\"https:\\\/\\\/ilg.usc.gal\\\/cids2026\\\/#\\\/schema\\\/logo\\\/image\\\/\",\"url\":\"https:\\\/\\\/ilg.usc.gal\\\/cids2026\\\/wp-content\\\/uploads\\\/2025\\\/10\\\/CIDS2026.png\",\"contentUrl\":\"https:\\\/\\\/ilg.usc.gal\\\/cids2026\\\/wp-content\\\/uploads\\\/2025\\\/10\\\/CIDS2026.png\",\"width\":681,\"height\":100,\"caption\":\"VIII CIDS 2026\"},\"image\":{\"@id\":\"https:\\\/\\\/ilg.usc.gal\\\/cids2026\\\/#\\\/schema\\\/logo\\\/image\\\/\"}}]}<\/script>\n<!-- \/ Yoast SEO plugin. -->","yoast_head_json":{"title":"Datas importantes - VIII CIDS 2026","robots":{"index":"index","follow":"follow","max-snippet":"max-snippet:-1","max-image-preview":"max-image-preview:large","max-video-preview":"max-video-preview:-1"},"canonical":"https:\/\/ilg.usc.gal\/cids2026\/datas-importantes\/","og_locale":"gl_ES","og_type":"article","og_title":"Datas importantes - VIII CIDS 2026","og_url":"https:\/\/ilg.usc.gal\/cids2026\/datas-importantes\/","og_site_name":"VIII CIDS 2026","article_modified_time":"2026-02-18T10:47:05+00:00","og_image":[{"width":800,"height":1648,"url":"https:\/\/ilg.usc.gal\/cids2026\/wp-content\/uploads\/2026\/02\/Datas_importantes_GL-1.png","type":"image\/png"}],"twitter_card":"summary_large_image","twitter_misc":{"Tempo de lectura":"1 minuto"},"schema":{"@context":"https:\/\/schema.org","@graph":[{"@type":"WebPage","@id":"https:\/\/ilg.usc.gal\/cids2026\/datas-importantes\/","url":"https:\/\/ilg.usc.gal\/cids2026\/datas-importantes\/","name":"Datas importantes - VIII CIDS 2026","isPartOf":{"@id":"https:\/\/ilg.usc.gal\/cids2026\/#website"},"primaryImageOfPage":{"@id":"https:\/\/ilg.usc.gal\/cids2026\/datas-importantes\/#primaryimage"},"image":{"@id":"https:\/\/ilg.usc.gal\/cids2026\/datas-importantes\/#primaryimage"},"thumbnailUrl":"https:\/\/ilg.usc.gal\/cids2026\/wp-content\/uploads\/2026\/02\/Datas_importantes_GL-1-497x1024.png","datePublished":"2025-10-14T17:09:14+00:00","dateModified":"2026-02-18T10:47:05+00:00","breadcrumb":{"@id":"https:\/\/ilg.usc.gal\/cids2026\/datas-importantes\/#breadcrumb"},"inLanguage":"gl-ES","potentialAction":[{"@type":"ReadAction","target":["https:\/\/ilg.usc.gal\/cids2026\/datas-importantes\/"]}]},{"@type":"ImageObject","inLanguage":"gl-ES","@id":"https:\/\/ilg.usc.gal\/cids2026\/datas-importantes\/#primaryimage","url":"https:\/\/ilg.usc.gal\/cids2026\/wp-content\/uploads\/2026\/02\/Datas_importantes_GL-1.png","contentUrl":"https:\/\/ilg.usc.gal\/cids2026\/wp-content\/uploads\/2026\/02\/Datas_importantes_GL-1.png","width":800,"height":1648},{"@type":"BreadcrumbList","@id":"https:\/\/ilg.usc.gal\/cids2026\/datas-importantes\/#breadcrumb","itemListElement":[{"@type":"ListItem","position":1,"name":"Inicio","item":"https:\/\/ilg.usc.gal\/cids2026\/"},{"@type":"ListItem","position":2,"name":"Datas importantes"}]},{"@type":"WebSite","@id":"https:\/\/ilg.usc.gal\/cids2026\/#website","url":"https:\/\/ilg.usc.gal\/cids2026\/","name":"VIII CIDS 2026","description":"VIII Congreso Internacional de Dialectolox\u00eda e Socioling\u00fc\u00edstica. Cartograf\u00edas da lingua: variaci\u00f3n, contacto e planificaci\u00f3n","publisher":{"@id":"https:\/\/ilg.usc.gal\/cids2026\/#organization"},"potentialAction":[{"@type":"SearchAction","target":{"@type":"EntryPoint","urlTemplate":"https:\/\/ilg.usc.gal\/cids2026\/?s={search_term_string}"},"query-input":{"@type":"PropertyValueSpecification","valueRequired":true,"valueName":"search_term_string"}}],"inLanguage":"gl-ES"},{"@type":"Organization","@id":"https:\/\/ilg.usc.gal\/cids2026\/#organization","name":"VIII CIDS 2026","url":"https:\/\/ilg.usc.gal\/cids2026\/","logo":{"@type":"ImageObject","inLanguage":"gl-ES","@id":"https:\/\/ilg.usc.gal\/cids2026\/#\/schema\/logo\/image\/","url":"https:\/\/ilg.usc.gal\/cids2026\/wp-content\/uploads\/2025\/10\/CIDS2026.png","contentUrl":"https:\/\/ilg.usc.gal\/cids2026\/wp-content\/uploads\/2025\/10\/CIDS2026.png","width":681,"height":100,"caption":"VIII CIDS 2026"},"image":{"@id":"https:\/\/ilg.usc.gal\/cids2026\/#\/schema\/logo\/image\/"}}]}},"_links":{"self":[{"href":"https:\/\/ilg.usc.gal\/cids2026\/wp-json\/wp\/v2\/pages\/24","targetHints":{"allow":["GET"]}}],"collection":[{"href":"https:\/\/ilg.usc.gal\/cids2026\/wp-json\/wp\/v2\/pages"}],"about":[{"href":"https:\/\/ilg.usc.gal\/cids2026\/wp-json\/wp\/v2\/types\/page"}],"author":[{"embeddable":true,"href":"https:\/\/ilg.usc.gal\/cids2026\/wp-json\/wp\/v2\/users\/1"}],"replies":[{"embeddable":true,"href":"https:\/\/ilg.usc.gal\/cids2026\/wp-json\/wp\/v2\/comments?post=24"}],"version-history":[{"count":8,"href":"https:\/\/ilg.usc.gal\/cids2026\/wp-json\/wp\/v2\/pages\/24\/revisions"}],"predecessor-version":[{"id":591,"href":"https:\/\/ilg.usc.gal\/cids2026\/wp-json\/wp\/v2\/pages\/24\/revisions\/591"}],"wp:attachment":[{"href":"https:\/\/ilg.usc.gal\/cids2026\/wp-json\/wp\/v2\/media?parent=24"}],"curies":[{"name":"wp","href":"https:\/\/api.w.org\/{rel}","templated":true}]}}