{"id":26,"date":"2025-10-14T19:09:31","date_gmt":"2025-10-14T17:09:31","guid":{"rendered":"https:\/\/ilg.usc.gal\/cids2026\/?page_id=26"},"modified":"2026-02-27T14:26:33","modified_gmt":"2026-02-27T13:26:33","slug":"informacion-util","status":"publish","type":"page","link":"https:\/\/ilg.usc.gal\/cids2026\/informacion-util\/","title":{"rendered":"Informaci\u00f3n \u00fatil"},"content":{"rendered":"\n<h3 class=\"wp-block-heading\"><strong><span style=\"color:#8a4358;\">Residencias e hoteis con desconto para asistentes ao congreso<\/span><\/strong><\/h3>\n\n\n\n<p><\/p>\n\n\n\n<h5 class=\"wp-block-heading\"><strong><span style=\"color:#8a4358;\"><a href=\"https:\/\/www.usc.gal\/gl\/servizos\/area\/residencias\/residencia-universitaria-burgo-nacions\"><span style=\"color:#8a4358;\">Residencia Universitaria Burgo das Naci\u00f3ns<\/span><\/a><\/span><\/strong><\/h5>\n\n\n\n<p>Avda. de Castelao, s\/n<br>15782 Santiago de Compostela<br>Tel\u00e9fono: (+34) 881 811 952<\/p>\n\n\n\n<p><span style=\"color:#8a4358;\">Tarifa xeral do cuarto individual por noite<strong>&nbsp;<\/strong><\/span>(inclu\u00eddo 10 % IVE): 33,00 \u20ac<br><span style=\"color:#8a4358;\">Tarifa do cuarto individual para estudantes por noite<\/span>&nbsp;(inclu\u00eddo 10 % IVE): 22,00 \u20ac<\/p>\n\n\n\n<p>A Universidade de Santiago de Compostela pon a disposici\u00f3n dos congresistas <span style=\"color:#8a4358;\">150 cuartos individuais<\/span> nesta residencia situada ao car\u00f3n da sede do congreso. As persoas interesadas deben realizar a <span style=\"color:#8a4358;\">reserva<\/span> directamente <a href=\"https:\/\/aplicacions.usc.es\/surweb\/Paginas\/frmAsistenteCongreso_SeleccionPlaza.aspx?Codigo=7Z5Z8-PUQJT-48027-KWPEP-LQQGS\"><span style=\"color:#8a4358;\">nesta ligaz\u00f3n<\/span><\/a>, indicando os cuartos e o n\u00famero de noites que desexan reservar. Se se selecciona a opci\u00f3n &#8220;estudante&#8221; deberase achegar un documento acreditativo de tal condici\u00f3n (tarxeta de estudante, matr\u00edcula na universidade, etc.). <\/p>\n\n\n\n<p>O prazo para facer <span style=\"color:#8a4358;\">modificaci\u00f3ns ou anulaci\u00f3ns<\/span> nesta residencia remata 20 d\u00edas antes do comezo do congreso, para o cal \u00e9 preciso enviar un correo ao enderezo <a href=\"mailto:sur@usc.es\"><span style=\"color:#8a4358;\">sur@usc.es<\/span><\/a>. As datas en que se pode efectuar a reserva van do 11 ao 17 de xullo de 2026.<\/p>\n\n\n\n<p><\/p>\n\n\n\n<h5 class=\"wp-block-heading\"><a href=\"https:\/\/www.altairhotel.net\/hoteles\"><span style=\"color:#8a4358;\">Hotel Alta\u00efr<\/span><\/a><\/h5>\n\n\n\n<p>R\u00faa Loureiros, 12<br>15704 Santiago de Compostela<br>Tel\u00e9fono: (+34) 981 554 712<br>Correo electr\u00f3nico:\u00a0<a href=\"mailto:info@altairhotel.net\"><span style=\"color:#8a4358;\">info@altairhotel.net<\/span><\/a><\/p>\n\n\n\n<p>Na p\u00e1xina web do hotel, que se sit\u00faa no centro hist\u00f3rico a 1,2 km da sede do congreso, d\u00e9bese facer a selecci\u00f3n do cuarto e o introducir o c\u00f3digo <strong><span style=\"color:#8a4358;\">CIDS2026<\/span><\/strong>. Tam\u00e9n se pode realizar a reserva por tel\u00e9fono indicando o c\u00f3digo anterior. As opci\u00f3ns dispo\u00f1ibles ter\u00e1n un <strong><span style=\"color:#8a4358;\">10% de desconto<\/span><\/strong> sobre as tarifas xerais.<br>Desconto aplicable do 12 ao 17 de xullo<\/p>\n\n\n\n<p><\/p>\n\n\n\n<h5 class=\"wp-block-heading\"><a href=\"https:\/\/www.costavella.com\/\"><span style=\"color:#8a4358;\">Hotel Costa Vella<\/span><\/a><\/h5>\n\n\n\n<p>Rua Porta da Pena, 17<br>15704 Santiago de Compostela<br>Tel\u00e9fono: (+34) 981 569 530<br> Correo electr\u00f3nico:\u00a0<a href=\"mailto:hotelcostavella@costavella.com\"><span style=\"color:#8a4358;\">hotelcostavella@costavella.com<\/span><\/a><\/p>\n\n\n\n<p>Na p\u00e1xina web do hotel, que se sit\u00faa no centro hist\u00f3rico a 1,1 km da sede do congreso, d\u00e9bese facer a selecci\u00f3n do cuarto e o introducir o c\u00f3digo <strong><span style=\"color:#8a4358;\">CIDS2026<\/span><\/strong>. Tam\u00e9n se pode realizar a reserva por tel\u00e9fono indicando o c\u00f3digo anterior. As opci\u00f3ns dispo\u00f1ibles ter\u00e1n un <strong><span style=\"color:#8a4358;\">5% de desconto<\/span><\/strong> sobre as tarifas xerais.<br>Desconto aplicable do 12 ao 17 de xullo<\/p>\n\n\n\n<p><\/p>\n\n\n\n<h5 class=\"wp-block-heading\"><a href=\"https:\/\/www.mourehotel.com\/\"><span style=\"color:#8a4358;\">Hotel Moure<\/span><\/a><\/h5>\n\n\n\n<p>R\u00faa Loureiros, 6<br>15704 Santiago de Compostela<br>Tel\u00e9fono: (+34) 981 583 637<br>Correo electr\u00f3nico: <a href=\"mailto:info@mourehotel.com\"><span style=\"color:#8a4358;\">info@mourehotel.com<\/span><\/a><\/p>\n\n\n\n<p>Na p\u00e1xina web do hotel, que se sit\u00faa no centro hist\u00f3rico a 1,1 km da sede do congreso, d\u00e9bese facer a selecci\u00f3n do cuarto e o introducir o c\u00f3digo <strong><span style=\"color:#8a4358;\">CIDS2026<\/span><\/strong>. Tam\u00e9n se pode realizar a reserva por tel\u00e9fono indicando o c\u00f3digo anterior. As opci\u00f3ns dispo\u00f1ibles ter\u00e1n un <strong><span style=\"color:#8a4358;\">10% de desconto<\/span><\/strong> sobre as tarifas xerais.<br>Desconto aplicable do 12 ao 17 de xullo<\/p>\n\n\n\n<p><\/p>\n\n\n\n<h5 class=\"wp-block-heading\"><a href=\"https:\/\/www.eurostarshotels.com\/eurostars-gran-hotel-santiago.html?referer_code=lb0gg00yx&amp;utm_source=google&amp;utm_medium=business&amp;utm_campaign=lb0gg00yx\"><span style=\"color:#8a4358;\">Eurostars Gran Hotel Santiago de Compostela<\/span><\/a><\/h5>\n\n\n\n<p>Avda. Mestre Mateo, 27<br>15706 Santiago de Compostela<br>Tel\u00e9fono: (+34) 981 534 222<\/p>\n\n\n\n<p>Na p\u00e1xina web do hotel, que se sit\u00faa a 2,7 km da sede do congreso, d\u00e9bese introducir o c\u00f3digo <strong><span style=\"color:#8a4358;\">CIDS2026<\/span><\/strong> e facer a selecci\u00f3n do cuarto. As opci\u00f3ns dispo\u00f1ibles ter\u00e1n un <strong><span style=\"color:#8a4358;\">15% de desconto<\/span><\/strong> sobre as tarifas xerais.<br>Desconto aplicable do 13 ao 16 de xullo<br>Data l\u00edmite para reservar: 13\/06\/2026<\/p>\n\n\n\n<p><\/p>\n\n\n\n<h5 class=\"wp-block-heading\"><a href=\"https:\/\/www.eurostarshotels.com\/exe-peregrino.html?referer_code=bs1gg13ww&amp;gad_source=1&amp;gad_campaignid=17362320657&amp;gbraid=0AAAAAD-VyO4F1u7s3LESA30vkhF88N1-s&amp;gclid=CjwKCAiAncvMBhBEEiwA9GU_fjasdsPlQRy_YGyKgwNiKOCNCKm0mHoyMI9eKNhMWUx6JAjt67Sr6RoCWGIQAvD_BwE\"><span style=\"color:#8a4358;\">Hotel Exe Peregrino<\/span><\/a><\/h5>\n\n\n\n<p>Avda. Rosal\u00eda de Castro, s\/n<br>15706 Santiago de Compostela<br>Tel\u00e9fono: (+34) 981 795 299<\/p>\n\n\n\n<p>Na p\u00e1xina web do hotel, que se sit\u00faa a 2,8 km da sede do congreso, d\u00e9bese introducir o c\u00f3digo <strong><span style=\"color:#8a4358;\">CIDS2026<\/span><\/strong> e facer a selecci\u00f3n do cuarto. As opci\u00f3ns dispo\u00f1ibles ter\u00e1n un <strong><span style=\"color:#8a4358;\">15% de desconto<\/span><\/strong> sobre as tarifas xerais.<br>Desconto aplicable do 13 ao 16 de xullo<br>Data l\u00edmite para reservar: 13\/06\/2026<\/p>\n\n\n\n<h5 class=\"wp-block-heading\"><strong><a href=\"https:\/\/www.nh-collection.com\/es\/hotel\/nh-collection-santiago-de-compostela?campid=8435708&amp;utm_campaign=nh_hotel&amp;utm_source=google&amp;utm_medium=cpc&amp;utm_id=18311236994&amp;utm_source_platform=sa360&amp;gclsrc=aw.ds&amp;gad_source=1&amp;gad_campaignid=18311236994&amp;gbraid=0AAAAAD5GqPBU2lFEpV9yLH_o3up-KRrC-&amp;gclid=CjwKCAiAqKbMBhBmEiwAZ3UboCH4wj7HFW9gH6O6ZVqdAugpGTLZ7O_8z3zYM3Kan8u3r1hwqYnCfxoC_iUQAvD_BwE\"><span style=\"color:#8a4358;\">Hotel NH Collection<\/span><\/a><\/strong><\/h5>\n\n\n\n<p>Avda. Burgo das Naci\u00f3ns, 4<br>15705 Santiago de Compostela<br>Tel\u00e9fono: (+34) 981 558 070<\/p>\n\n\n\n<p><span style=\"color:#8a4358;\">Tarifa do cuarto superior dobre <\/span>(uso individual): 148,00 \u20ac + IVE + 2,50 \u20ac da taxa tur\u00edstica (almorzo inclu\u00eddo)<br><span style=\"color:#8a4358;\">Tarifa do cuarto individual para estudantes<\/span>&nbsp;(uso dobre): 160,00 \u20ac + IVE + 2,50 \u20ac taxa tur\u00edstica (almorzo inclu\u00eddo)<\/p>\n\n\n\n<p>Para beneficiarse das tarifas reducidas, deberase facer a <span style=\"color:#8a4358;\">reserva<\/span> no seguinte enderezo: <a href=\"mailto:r.pajaro@nh-hotels.com\"><span style=\"color:#8a4358;\">r.pajaro@nh-hotels.com<\/span><\/a>.<\/p>\n\n\n\n<p><\/p>\n\n\n\n<p><\/p>\n\n\n\n<p>Na&nbsp;<a href=\"https:\/\/www.santiagoturismo.com\/aloxamentos-santiagoturismo\"><span style=\"color:#8a4358;\">Oficina de turismo de Santiago de Compostela<\/span><\/a>&nbsp;p\u00f3dese acceder a toda a oferta de aloxamento da cidade.<\/p>\n\n\n\n<p><span style=\"color:#8a4358;\">________________________________________________________________________________________________________________<\/span><\/p>\n\n\n\n<p><\/p>\n\n\n\n<h3 class=\"wp-block-heading\"><span style=\"color:#8a4358;\">Como chegar<\/span><\/h3>\n\n\n\n<h5 class=\"wp-block-heading\"><span style=\"color:#8a4358;\">Como chegar \u00e1 cidade<\/span><\/h5>\n\n\n\n<p>As persoas que cheguen en avi\u00f3n ao&nbsp;<a href=\"https:\/\/maps.app.goo.gl\/vBQq6SEZTUYfDzBRA\" target=\"_blank\" rel=\"noreferrer noopener\"><span style=\"color:#8a4358;\">aeroporto Rosal\u00eda de Castro<\/span><\/a> poden ir ata o centro da cidade de Santiago de Compostela en autob\u00fas urbano coa&nbsp;<a href=\"https:\/\/tussa.org\/web\/linas.php?id=41&amp;lg=cas\" target=\"_blank\" rel=\"noreferrer noopener\"><span style=\"color:#8a4358;\">li\u00f1a 6A<\/span><\/a>&nbsp;(o prezo \u00e9 de 1,00 \u20ac) ou en <a href=\"https:\/\/www.santiagoturismo.com\/servizos-basicos\/categoria\/rueiro-taxis\"><span style=\"color:#8a4358;\">taxi<\/span><\/a> (a tarifa estipulada ata o centro \u00e9 de 23,00 \u20ac).<\/p>\n\n\n\n<p>Os trens e autobuses chegan \u00e1&nbsp;<a href=\"https:\/\/maps.app.goo.gl\/XueQCiHHpfQxVmmZ6\" target=\"_blank\" rel=\"noreferrer noopener\"><span style=\"color:#8a4358;\">Estaci\u00f3n Intermodal Daniel Castelao<\/span><\/a>, que est\u00e1 pr\u00f3xima ao centro da cidade, pero at\u00f3pase a uns 35 minutos a p\u00e9 da Facultade de Filolox\u00eda. Na estaci\u00f3n \u00e9 posible coller taxis e tam\u00e9n hai paradas de autob\u00fas urbano pr\u00f3ximas.<\/p>\n\n\n\n<p><\/p>\n\n\n\n<p><\/p>\n\n\n\n<h5 class=\"wp-block-heading\"><span style=\"color:#8a4358;\">Como chegar \u00e1 sede do congreso<\/span><\/h5>\n\n\n\n<p>O congreso ten lugar na <a href=\"https:\/\/maps.app.goo.gl\/WjU7Fmocn8APcv186\"><span style=\"color:#8a4358;\">Facultade de Filolox\u00eda<\/span><\/a> da Universidade de Santiago de Compostela (<a href=\"https:\/\/maps.app.goo.gl\/SyHyV39g3rHq1hpj6\"><span style=\"color:#8a4358;\">Avda. de Castelao<\/span><\/a>, s\/n), que se atopa a 25-30 minutos a p\u00e9 do centro da cidade.<\/p>\n\n\n\n<p>As li\u00f1as de autob\u00fas urbano que levan ata a Facultade son a <span style=\"color:#8a4358;\">5<\/span> (cada 20 minutos) e a <span style=\"color:#8a4358;\">15<\/span> (cada 22 minutos), e p\u00f3dense coller na Praza de Galicia. As paradas m\u00e1is pr\u00f3ximas \u00e1 Facultade son Avda. Castelao (xornalismo) e Burgo das Naci\u00f3ns (Auditorio de Galicia). As mesmas li\u00f1as p\u00f3dense coller para regresar ao centro da cidade.<\/p>\n\n\n\n<p>As persoas que decidan empregar o seu veh\u00edculo privado poder\u00e1n atopar estacionamento de balde tanto na Facultade de Filolox\u00eda coma nas inmediaci\u00f3ns do edificio.<\/p>\n","protected":false},"excerpt":{"rendered":"<p>Residencias e hoteis con desconto para asistentes ao congreso Residencia Universitaria Burgo das Naci\u00f3ns Avda. de Castelao, s\/n15782 Santiago de CompostelaTel\u00e9fono: (+34) 881 811 952 Tarifa xeral do cuarto individual por noite&nbsp;(inclu\u00eddo 10 % IVE): 33,00 \u20acTarifa do cuarto individual para estudantes por noite&nbsp;(inclu\u00eddo 10 % IVE): 22,00 \u20ac A Universidade de Santiago de Compostela &hellip; <\/p>\n","protected":false},"author":1,"featured_media":0,"parent":0,"menu_order":0,"comment_status":"closed","ping_status":"closed","template":"","meta":{"footnotes":""},"class_list":["post-26","page","type-page","status-publish","hentry"],"yoast_head":"<!-- This site is optimized with the Yoast SEO plugin v27.3 - https:\/\/yoast.com\/product\/yoast-seo-wordpress\/ -->\n<title>Informaci\u00f3n \u00fatil - VIII CIDS 2026<\/title>\n<meta name=\"robots\" content=\"index, follow, max-snippet:-1, max-image-preview:large, max-video-preview:-1\" \/>\n<link rel=\"canonical\" href=\"https:\/\/ilg.usc.gal\/cids2026\/informacion-util\/\" \/>\n<meta property=\"og:locale\" content=\"gl_ES\" \/>\n<meta property=\"og:type\" content=\"article\" \/>\n<meta property=\"og:title\" content=\"Informaci\u00f3n \u00fatil - VIII CIDS 2026\" \/>\n<meta property=\"og:description\" content=\"Residencias e hoteis con desconto para asistentes ao congreso Residencia Universitaria Burgo das Naci\u00f3ns Avda. de Castelao, s\/n15782 Santiago de CompostelaTel\u00e9fono: (+34) 881 811 952 Tarifa xeral do cuarto individual por noite&nbsp;(inclu\u00eddo 10 % IVE): 33,00 \u20acTarifa do cuarto individual para estudantes por noite&nbsp;(inclu\u00eddo 10 % IVE): 22,00 \u20ac A Universidade de Santiago de Compostela &hellip;\" \/>\n<meta property=\"og:url\" content=\"https:\/\/ilg.usc.gal\/cids2026\/informacion-util\/\" \/>\n<meta property=\"og:site_name\" content=\"VIII CIDS 2026\" \/>\n<meta property=\"article:modified_time\" content=\"2026-02-27T13:26:33+00:00\" \/>\n<meta name=\"twitter:card\" content=\"summary_large_image\" \/>\n<meta name=\"twitter:label1\" content=\"Tempo de lectura\" \/>\n\t<meta name=\"twitter:data1\" content=\"5 minutos\" \/>\n<script type=\"application\/ld+json\" class=\"yoast-schema-graph\">{\"@context\":\"https:\\\/\\\/schema.org\",\"@graph\":[{\"@type\":\"WebPage\",\"@id\":\"https:\\\/\\\/ilg.usc.gal\\\/cids2026\\\/informacion-util\\\/\",\"url\":\"https:\\\/\\\/ilg.usc.gal\\\/cids2026\\\/informacion-util\\\/\",\"name\":\"Informaci\u00f3n \u00fatil - VIII CIDS 2026\",\"isPartOf\":{\"@id\":\"https:\\\/\\\/ilg.usc.gal\\\/cids2026\\\/#website\"},\"datePublished\":\"2025-10-14T17:09:31+00:00\",\"dateModified\":\"2026-02-27T13:26:33+00:00\",\"breadcrumb\":{\"@id\":\"https:\\\/\\\/ilg.usc.gal\\\/cids2026\\\/informacion-util\\\/#breadcrumb\"},\"inLanguage\":\"gl-ES\",\"potentialAction\":[{\"@type\":\"ReadAction\",\"target\":[\"https:\\\/\\\/ilg.usc.gal\\\/cids2026\\\/informacion-util\\\/\"]}]},{\"@type\":\"BreadcrumbList\",\"@id\":\"https:\\\/\\\/ilg.usc.gal\\\/cids2026\\\/informacion-util\\\/#breadcrumb\",\"itemListElement\":[{\"@type\":\"ListItem\",\"position\":1,\"name\":\"Inicio\",\"item\":\"https:\\\/\\\/ilg.usc.gal\\\/cids2026\\\/\"},{\"@type\":\"ListItem\",\"position\":2,\"name\":\"Informaci\u00f3n \u00fatil\"}]},{\"@type\":\"WebSite\",\"@id\":\"https:\\\/\\\/ilg.usc.gal\\\/cids2026\\\/#website\",\"url\":\"https:\\\/\\\/ilg.usc.gal\\\/cids2026\\\/\",\"name\":\"VIII CIDS 2026\",\"description\":\"VIII Congreso Internacional de Dialectolox\u00eda e Socioling\u00fc\u00edstica. Cartograf\u00edas da lingua: variaci\u00f3n, contacto e planificaci\u00f3n\",\"publisher\":{\"@id\":\"https:\\\/\\\/ilg.usc.gal\\\/cids2026\\\/#organization\"},\"potentialAction\":[{\"@type\":\"SearchAction\",\"target\":{\"@type\":\"EntryPoint\",\"urlTemplate\":\"https:\\\/\\\/ilg.usc.gal\\\/cids2026\\\/?s={search_term_string}\"},\"query-input\":{\"@type\":\"PropertyValueSpecification\",\"valueRequired\":true,\"valueName\":\"search_term_string\"}}],\"inLanguage\":\"gl-ES\"},{\"@type\":\"Organization\",\"@id\":\"https:\\\/\\\/ilg.usc.gal\\\/cids2026\\\/#organization\",\"name\":\"VIII CIDS 2026\",\"url\":\"https:\\\/\\\/ilg.usc.gal\\\/cids2026\\\/\",\"logo\":{\"@type\":\"ImageObject\",\"inLanguage\":\"gl-ES\",\"@id\":\"https:\\\/\\\/ilg.usc.gal\\\/cids2026\\\/#\\\/schema\\\/logo\\\/image\\\/\",\"url\":\"https:\\\/\\\/ilg.usc.gal\\\/cids2026\\\/wp-content\\\/uploads\\\/2025\\\/10\\\/CIDS2026.png\",\"contentUrl\":\"https:\\\/\\\/ilg.usc.gal\\\/cids2026\\\/wp-content\\\/uploads\\\/2025\\\/10\\\/CIDS2026.png\",\"width\":681,\"height\":100,\"caption\":\"VIII CIDS 2026\"},\"image\":{\"@id\":\"https:\\\/\\\/ilg.usc.gal\\\/cids2026\\\/#\\\/schema\\\/logo\\\/image\\\/\"}}]}<\/script>\n<!-- \/ Yoast SEO plugin. -->","yoast_head_json":{"title":"Informaci\u00f3n \u00fatil - VIII CIDS 2026","robots":{"index":"index","follow":"follow","max-snippet":"max-snippet:-1","max-image-preview":"max-image-preview:large","max-video-preview":"max-video-preview:-1"},"canonical":"https:\/\/ilg.usc.gal\/cids2026\/informacion-util\/","og_locale":"gl_ES","og_type":"article","og_title":"Informaci\u00f3n \u00fatil - VIII CIDS 2026","og_description":"Residencias e hoteis con desconto para asistentes ao congreso Residencia Universitaria Burgo das Naci\u00f3ns Avda. de Castelao, s\/n15782 Santiago de CompostelaTel\u00e9fono: (+34) 881 811 952 Tarifa xeral do cuarto individual por noite&nbsp;(inclu\u00eddo 10 % IVE): 33,00 \u20acTarifa do cuarto individual para estudantes por noite&nbsp;(inclu\u00eddo 10 % IVE): 22,00 \u20ac A Universidade de Santiago de Compostela &hellip;","og_url":"https:\/\/ilg.usc.gal\/cids2026\/informacion-util\/","og_site_name":"VIII CIDS 2026","article_modified_time":"2026-02-27T13:26:33+00:00","twitter_card":"summary_large_image","twitter_misc":{"Tempo de lectura":"5 minutos"},"schema":{"@context":"https:\/\/schema.org","@graph":[{"@type":"WebPage","@id":"https:\/\/ilg.usc.gal\/cids2026\/informacion-util\/","url":"https:\/\/ilg.usc.gal\/cids2026\/informacion-util\/","name":"Informaci\u00f3n \u00fatil - VIII CIDS 2026","isPartOf":{"@id":"https:\/\/ilg.usc.gal\/cids2026\/#website"},"datePublished":"2025-10-14T17:09:31+00:00","dateModified":"2026-02-27T13:26:33+00:00","breadcrumb":{"@id":"https:\/\/ilg.usc.gal\/cids2026\/informacion-util\/#breadcrumb"},"inLanguage":"gl-ES","potentialAction":[{"@type":"ReadAction","target":["https:\/\/ilg.usc.gal\/cids2026\/informacion-util\/"]}]},{"@type":"BreadcrumbList","@id":"https:\/\/ilg.usc.gal\/cids2026\/informacion-util\/#breadcrumb","itemListElement":[{"@type":"ListItem","position":1,"name":"Inicio","item":"https:\/\/ilg.usc.gal\/cids2026\/"},{"@type":"ListItem","position":2,"name":"Informaci\u00f3n \u00fatil"}]},{"@type":"WebSite","@id":"https:\/\/ilg.usc.gal\/cids2026\/#website","url":"https:\/\/ilg.usc.gal\/cids2026\/","name":"VIII CIDS 2026","description":"VIII Congreso Internacional de Dialectolox\u00eda e Socioling\u00fc\u00edstica. Cartograf\u00edas da lingua: variaci\u00f3n, contacto e planificaci\u00f3n","publisher":{"@id":"https:\/\/ilg.usc.gal\/cids2026\/#organization"},"potentialAction":[{"@type":"SearchAction","target":{"@type":"EntryPoint","urlTemplate":"https:\/\/ilg.usc.gal\/cids2026\/?s={search_term_string}"},"query-input":{"@type":"PropertyValueSpecification","valueRequired":true,"valueName":"search_term_string"}}],"inLanguage":"gl-ES"},{"@type":"Organization","@id":"https:\/\/ilg.usc.gal\/cids2026\/#organization","name":"VIII CIDS 2026","url":"https:\/\/ilg.usc.gal\/cids2026\/","logo":{"@type":"ImageObject","inLanguage":"gl-ES","@id":"https:\/\/ilg.usc.gal\/cids2026\/#\/schema\/logo\/image\/","url":"https:\/\/ilg.usc.gal\/cids2026\/wp-content\/uploads\/2025\/10\/CIDS2026.png","contentUrl":"https:\/\/ilg.usc.gal\/cids2026\/wp-content\/uploads\/2025\/10\/CIDS2026.png","width":681,"height":100,"caption":"VIII CIDS 2026"},"image":{"@id":"https:\/\/ilg.usc.gal\/cids2026\/#\/schema\/logo\/image\/"}}]}},"_links":{"self":[{"href":"https:\/\/ilg.usc.gal\/cids2026\/wp-json\/wp\/v2\/pages\/26","targetHints":{"allow":["GET"]}}],"collection":[{"href":"https:\/\/ilg.usc.gal\/cids2026\/wp-json\/wp\/v2\/pages"}],"about":[{"href":"https:\/\/ilg.usc.gal\/cids2026\/wp-json\/wp\/v2\/types\/page"}],"author":[{"embeddable":true,"href":"https:\/\/ilg.usc.gal\/cids2026\/wp-json\/wp\/v2\/users\/1"}],"replies":[{"embeddable":true,"href":"https:\/\/ilg.usc.gal\/cids2026\/wp-json\/wp\/v2\/comments?post=26"}],"version-history":[{"count":36,"href":"https:\/\/ilg.usc.gal\/cids2026\/wp-json\/wp\/v2\/pages\/26\/revisions"}],"predecessor-version":[{"id":612,"href":"https:\/\/ilg.usc.gal\/cids2026\/wp-json\/wp\/v2\/pages\/26\/revisions\/612"}],"wp:attachment":[{"href":"https:\/\/ilg.usc.gal\/cids2026\/wp-json\/wp\/v2\/media?parent=26"}],"curies":[{"name":"wp","href":"https:\/\/api.w.org\/{rel}","templated":true}]}}