{"id":94,"date":"2025-10-15T12:24:08","date_gmt":"2025-10-15T10:24:08","guid":{"rendered":"https:\/\/ilg.usc.gal\/cids2026\/?page_id=94"},"modified":"2026-01-09T14:00:21","modified_gmt":"2026-01-09T13:00:21","slug":"apresentacao","status":"publish","type":"page","link":"https:\/\/ilg.usc.gal\/cids2026\/pt\/","title":{"rendered":"Apresenta\u00e7\u00e3o"},"content":{"rendered":"\n<p>O VIII Congresso Internacional de Dialetologia e Sociolingu\u00edstica (CIDS 2026), organizado pelo&nbsp;<a href=\"https:\/\/ilg.usc.gal\/\">Instituto da Lingua Galega da Universidade de Santiago de Compostela<\/a>&nbsp;em parceria com o&nbsp;<a href=\"https:\/\/alib.ufba.br\/cids\">Projeto Atlas Lingu\u00edstico do Brasil<\/a>, ter\u00e1 lugar em Santiago de Compostela de 13 a 16 de julho de 2026. Este encontro pretende ser um espa\u00e7o de interc\u00e2mbio e reflex\u00e3o sobre a diversidade lingu\u00edstica, a varia\u00e7\u00e3o dialetal e as din\u00e2micas sociolingu\u00edsticas, em contextos atuais e hist\u00f3ricos.<\/p>\n\n\n\n<p>Nesta edi\u00e7\u00e3o, que apresentamos sob o t\u00edtulo <em>Cartografias da l\u00edngua: varia\u00e7\u00e3o, contato e planejamento<\/em>, ser\u00e1 dada especial aten\u00e7\u00e3o aos processos de varia\u00e7\u00e3o em situa\u00e7\u00f5es de contato lingu\u00edstico e \u00e0s estrat\u00e9gias de planejamento e gest\u00e3o da diversidade lingu\u00edstica, tanto a partir de perspetivas emp\u00edricas quanto te\u00f3ricas, e em diferentes contextos geogr\u00e1ficos e hist\u00f3ricos. Por outro lado, s\u00e3o especialmente bem-vindas neste congresso as contribui\u00e7\u00f5es sobre l\u00ednguas minorit\u00e1rias.<\/p>\n","protected":false},"excerpt":{"rendered":"<p>O VIII Congresso Internacional de Dialetologia e Sociolingu\u00edstica (CIDS 2026), organizado pelo&nbsp;Instituto da Lingua Galega da Universidade de Santiago de Compostela&nbsp;em parceria com o&nbsp;Projeto Atlas Lingu\u00edstico do Brasil, ter\u00e1 lugar em Santiago de Compostela de 13 a 16 de julho de 2026. Este encontro pretende ser um espa\u00e7o de interc\u00e2mbio e reflex\u00e3o sobre a diversidade &hellip; <\/p>\n","protected":false},"author":1,"featured_media":0,"parent":0,"menu_order":0,"comment_status":"closed","ping_status":"closed","template":"","meta":{"footnotes":""},"class_list":["post-94","page","type-page","status-publish","hentry"],"yoast_head":"<!-- This site is optimized with the Yoast SEO plugin v27.4 - https:\/\/yoast.com\/product\/yoast-seo-wordpress\/ -->\n<title>Apresenta\u00e7\u00e3o - VIII CIDS 2026<\/title>\n<meta name=\"robots\" content=\"index, follow, max-snippet:-1, max-image-preview:large, max-video-preview:-1\" \/>\n<link rel=\"canonical\" href=\"https:\/\/ilg.usc.gal\/cids2026\/pt\/\" \/>\n<meta property=\"og:locale\" content=\"gl_ES\" \/>\n<meta property=\"og:type\" content=\"article\" \/>\n<meta property=\"og:title\" content=\"Apresenta\u00e7\u00e3o - VIII CIDS 2026\" \/>\n<meta property=\"og:description\" content=\"O VIII Congresso Internacional de Dialetologia e Sociolingu\u00edstica (CIDS 2026), organizado pelo&nbsp;Instituto da Lingua Galega da Universidade de Santiago de Compostela&nbsp;em parceria com o&nbsp;Projeto Atlas Lingu\u00edstico do Brasil, ter\u00e1 lugar em Santiago de Compostela de 13 a 16 de julho de 2026. Este encontro pretende ser um espa\u00e7o de interc\u00e2mbio e reflex\u00e3o sobre a diversidade &hellip;\" \/>\n<meta property=\"og:url\" content=\"https:\/\/ilg.usc.gal\/cids2026\/pt\/\" \/>\n<meta property=\"og:site_name\" content=\"VIII CIDS 2026\" \/>\n<meta property=\"article:modified_time\" content=\"2026-01-09T13:00:21+00:00\" \/>\n<meta name=\"twitter:card\" content=\"summary_large_image\" \/>\n<meta name=\"twitter:label1\" content=\"Tempo de lectura\" \/>\n\t<meta name=\"twitter:data1\" content=\"1 minuto\" \/>\n<script type=\"application\/ld+json\" class=\"yoast-schema-graph\">{\"@context\":\"https:\\\/\\\/schema.org\",\"@graph\":[{\"@type\":\"WebPage\",\"@id\":\"https:\\\/\\\/ilg.usc.gal\\\/cids2026\\\/pt\\\/\",\"url\":\"https:\\\/\\\/ilg.usc.gal\\\/cids2026\\\/pt\\\/\",\"name\":\"Apresenta\u00e7\u00e3o - VIII CIDS 2026\",\"isPartOf\":{\"@id\":\"https:\\\/\\\/ilg.usc.gal\\\/cids2026\\\/#website\"},\"datePublished\":\"2025-10-15T10:24:08+00:00\",\"dateModified\":\"2026-01-09T13:00:21+00:00\",\"breadcrumb\":{\"@id\":\"https:\\\/\\\/ilg.usc.gal\\\/cids2026\\\/pt\\\/#breadcrumb\"},\"inLanguage\":\"gl-ES\",\"potentialAction\":[{\"@type\":\"ReadAction\",\"target\":[\"https:\\\/\\\/ilg.usc.gal\\\/cids2026\\\/pt\\\/\"]}]},{\"@type\":\"BreadcrumbList\",\"@id\":\"https:\\\/\\\/ilg.usc.gal\\\/cids2026\\\/pt\\\/#breadcrumb\",\"itemListElement\":[{\"@type\":\"ListItem\",\"position\":1,\"name\":\"Inicio\",\"item\":\"https:\\\/\\\/ilg.usc.gal\\\/cids2026\\\/\"},{\"@type\":\"ListItem\",\"position\":2,\"name\":\"Apresenta\u00e7\u00e3o\"}]},{\"@type\":\"WebSite\",\"@id\":\"https:\\\/\\\/ilg.usc.gal\\\/cids2026\\\/#website\",\"url\":\"https:\\\/\\\/ilg.usc.gal\\\/cids2026\\\/\",\"name\":\"VIII CIDS 2026\",\"description\":\"VIII Congreso Internacional de Dialectolox\u00eda e Socioling\u00fc\u00edstica. Cartograf\u00edas da lingua: variaci\u00f3n, contacto e planificaci\u00f3n\",\"publisher\":{\"@id\":\"https:\\\/\\\/ilg.usc.gal\\\/cids2026\\\/#organization\"},\"potentialAction\":[{\"@type\":\"SearchAction\",\"target\":{\"@type\":\"EntryPoint\",\"urlTemplate\":\"https:\\\/\\\/ilg.usc.gal\\\/cids2026\\\/?s={search_term_string}\"},\"query-input\":{\"@type\":\"PropertyValueSpecification\",\"valueRequired\":true,\"valueName\":\"search_term_string\"}}],\"inLanguage\":\"gl-ES\"},{\"@type\":\"Organization\",\"@id\":\"https:\\\/\\\/ilg.usc.gal\\\/cids2026\\\/#organization\",\"name\":\"VIII CIDS 2026\",\"url\":\"https:\\\/\\\/ilg.usc.gal\\\/cids2026\\\/\",\"logo\":{\"@type\":\"ImageObject\",\"inLanguage\":\"gl-ES\",\"@id\":\"https:\\\/\\\/ilg.usc.gal\\\/cids2026\\\/#\\\/schema\\\/logo\\\/image\\\/\",\"url\":\"https:\\\/\\\/ilg.usc.gal\\\/cids2026\\\/wp-content\\\/uploads\\\/2025\\\/10\\\/CIDS2026.png\",\"contentUrl\":\"https:\\\/\\\/ilg.usc.gal\\\/cids2026\\\/wp-content\\\/uploads\\\/2025\\\/10\\\/CIDS2026.png\",\"width\":681,\"height\":100,\"caption\":\"VIII CIDS 2026\"},\"image\":{\"@id\":\"https:\\\/\\\/ilg.usc.gal\\\/cids2026\\\/#\\\/schema\\\/logo\\\/image\\\/\"}}]}<\/script>\n<!-- \/ Yoast SEO plugin. -->","yoast_head_json":{"title":"Apresenta\u00e7\u00e3o - VIII CIDS 2026","robots":{"index":"index","follow":"follow","max-snippet":"max-snippet:-1","max-image-preview":"max-image-preview:large","max-video-preview":"max-video-preview:-1"},"canonical":"https:\/\/ilg.usc.gal\/cids2026\/pt\/","og_locale":"gl_ES","og_type":"article","og_title":"Apresenta\u00e7\u00e3o - VIII CIDS 2026","og_description":"O VIII Congresso Internacional de Dialetologia e Sociolingu\u00edstica (CIDS 2026), organizado pelo&nbsp;Instituto da Lingua Galega da Universidade de Santiago de Compostela&nbsp;em parceria com o&nbsp;Projeto Atlas Lingu\u00edstico do Brasil, ter\u00e1 lugar em Santiago de Compostela de 13 a 16 de julho de 2026. Este encontro pretende ser um espa\u00e7o de interc\u00e2mbio e reflex\u00e3o sobre a diversidade &hellip;","og_url":"https:\/\/ilg.usc.gal\/cids2026\/pt\/","og_site_name":"VIII CIDS 2026","article_modified_time":"2026-01-09T13:00:21+00:00","twitter_card":"summary_large_image","twitter_misc":{"Tempo de lectura":"1 minuto"},"schema":{"@context":"https:\/\/schema.org","@graph":[{"@type":"WebPage","@id":"https:\/\/ilg.usc.gal\/cids2026\/pt\/","url":"https:\/\/ilg.usc.gal\/cids2026\/pt\/","name":"Apresenta\u00e7\u00e3o - VIII CIDS 2026","isPartOf":{"@id":"https:\/\/ilg.usc.gal\/cids2026\/#website"},"datePublished":"2025-10-15T10:24:08+00:00","dateModified":"2026-01-09T13:00:21+00:00","breadcrumb":{"@id":"https:\/\/ilg.usc.gal\/cids2026\/pt\/#breadcrumb"},"inLanguage":"gl-ES","potentialAction":[{"@type":"ReadAction","target":["https:\/\/ilg.usc.gal\/cids2026\/pt\/"]}]},{"@type":"BreadcrumbList","@id":"https:\/\/ilg.usc.gal\/cids2026\/pt\/#breadcrumb","itemListElement":[{"@type":"ListItem","position":1,"name":"Inicio","item":"https:\/\/ilg.usc.gal\/cids2026\/"},{"@type":"ListItem","position":2,"name":"Apresenta\u00e7\u00e3o"}]},{"@type":"WebSite","@id":"https:\/\/ilg.usc.gal\/cids2026\/#website","url":"https:\/\/ilg.usc.gal\/cids2026\/","name":"VIII CIDS 2026","description":"VIII Congreso Internacional de Dialectolox\u00eda e Socioling\u00fc\u00edstica. Cartograf\u00edas da lingua: variaci\u00f3n, contacto e planificaci\u00f3n","publisher":{"@id":"https:\/\/ilg.usc.gal\/cids2026\/#organization"},"potentialAction":[{"@type":"SearchAction","target":{"@type":"EntryPoint","urlTemplate":"https:\/\/ilg.usc.gal\/cids2026\/?s={search_term_string}"},"query-input":{"@type":"PropertyValueSpecification","valueRequired":true,"valueName":"search_term_string"}}],"inLanguage":"gl-ES"},{"@type":"Organization","@id":"https:\/\/ilg.usc.gal\/cids2026\/#organization","name":"VIII CIDS 2026","url":"https:\/\/ilg.usc.gal\/cids2026\/","logo":{"@type":"ImageObject","inLanguage":"gl-ES","@id":"https:\/\/ilg.usc.gal\/cids2026\/#\/schema\/logo\/image\/","url":"https:\/\/ilg.usc.gal\/cids2026\/wp-content\/uploads\/2025\/10\/CIDS2026.png","contentUrl":"https:\/\/ilg.usc.gal\/cids2026\/wp-content\/uploads\/2025\/10\/CIDS2026.png","width":681,"height":100,"caption":"VIII CIDS 2026"},"image":{"@id":"https:\/\/ilg.usc.gal\/cids2026\/#\/schema\/logo\/image\/"}}]}},"_links":{"self":[{"href":"https:\/\/ilg.usc.gal\/cids2026\/wp-json\/wp\/v2\/pages\/94","targetHints":{"allow":["GET"]}}],"collection":[{"href":"https:\/\/ilg.usc.gal\/cids2026\/wp-json\/wp\/v2\/pages"}],"about":[{"href":"https:\/\/ilg.usc.gal\/cids2026\/wp-json\/wp\/v2\/types\/page"}],"author":[{"embeddable":true,"href":"https:\/\/ilg.usc.gal\/cids2026\/wp-json\/wp\/v2\/users\/1"}],"replies":[{"embeddable":true,"href":"https:\/\/ilg.usc.gal\/cids2026\/wp-json\/wp\/v2\/comments?post=94"}],"version-history":[{"count":7,"href":"https:\/\/ilg.usc.gal\/cids2026\/wp-json\/wp\/v2\/pages\/94\/revisions"}],"predecessor-version":[{"id":477,"href":"https:\/\/ilg.usc.gal\/cids2026\/wp-json\/wp\/v2\/pages\/94\/revisions\/477"}],"wp:attachment":[{"href":"https:\/\/ilg.usc.gal\/cids2026\/wp-json\/wp\/v2\/media?parent=94"}],"curies":[{"name":"wp","href":"https:\/\/api.w.org\/{rel}","templated":true}]}}