{"id":96,"date":"2025-10-15T12:25:58","date_gmt":"2025-10-15T10:25:58","guid":{"rendered":"https:\/\/ilg.usc.gal\/cids2026\/?page_id=96"},"modified":"2025-10-28T17:38:44","modified_gmt":"2025-10-28T16:38:44","slug":"circulares-2","status":"publish","type":"page","link":"https:\/\/ilg.usc.gal\/cids2026\/pt\/circulares-2\/","title":{"rendered":"Circulares"},"content":{"rendered":"\n<div class=\"wp-block-group is-nowrap is-layout-flex wp-container-core-group-is-layout-ad2f72ca wp-block-group-is-layout-flex\">\n<figure class=\"wp-block-image size-large is-resized\"><img loading=\"lazy\" decoding=\"async\" width=\"1024\" height=\"1024\" src=\"https:\/\/ilg.usc.gal\/cids2026\/wp-content\/uploads\/2025\/10\/PDF-1-1024x1024.png\" alt=\"\" class=\"wp-image-212\" style=\"width:55px;height:auto\" srcset=\"https:\/\/ilg.usc.gal\/cids2026\/wp-content\/uploads\/2025\/10\/PDF-1-1024x1024.png 1024w, https:\/\/ilg.usc.gal\/cids2026\/wp-content\/uploads\/2025\/10\/PDF-1-300x300.png 300w, https:\/\/ilg.usc.gal\/cids2026\/wp-content\/uploads\/2025\/10\/PDF-1-150x150.png 150w, https:\/\/ilg.usc.gal\/cids2026\/wp-content\/uploads\/2025\/10\/PDF-1-768x768.png 768w, https:\/\/ilg.usc.gal\/cids2026\/wp-content\/uploads\/2025\/10\/PDF-1-1536x1536.png 1536w, https:\/\/ilg.usc.gal\/cids2026\/wp-content\/uploads\/2025\/10\/PDF-1-470x470.png 470w, https:\/\/ilg.usc.gal\/cids2026\/wp-content\/uploads\/2025\/10\/PDF-1.png 1920w\" sizes=\"auto, (max-width: 1024px) 100vw, 1024px\" \/><\/figure>\n\n\n\n<p class=\"has-text-color has-link-color wp-elements-d07223e4a703168dddbe653726064dbc\" style=\"color:#8a4358\"><a href=\"https:\/\/ilg.usc.gal\/cids2026\/wp-content\/uploads\/2025\/10\/Primeira_circular_VIIICIDS-2026.pdf\">Primeira circular<\/a><\/p>\n<\/div>\n\n\n\n<p><\/p>\n\n\n\n<div class=\"wp-block-group is-nowrap is-layout-flex wp-container-core-group-is-layout-ad2f72ca wp-block-group-is-layout-flex\">\n<figure class=\"wp-block-image size-large is-resized\"><img loading=\"lazy\" decoding=\"async\" width=\"1024\" height=\"1024\" src=\"https:\/\/ilg.usc.gal\/cids2026\/wp-content\/uploads\/2025\/10\/PDF-1-1024x1024.png\" alt=\"\" class=\"wp-image-212\" style=\"width:55px;height:auto\" srcset=\"https:\/\/ilg.usc.gal\/cids2026\/wp-content\/uploads\/2025\/10\/PDF-1-1024x1024.png 1024w, https:\/\/ilg.usc.gal\/cids2026\/wp-content\/uploads\/2025\/10\/PDF-1-300x300.png 300w, https:\/\/ilg.usc.gal\/cids2026\/wp-content\/uploads\/2025\/10\/PDF-1-150x150.png 150w, https:\/\/ilg.usc.gal\/cids2026\/wp-content\/uploads\/2025\/10\/PDF-1-768x768.png 768w, https:\/\/ilg.usc.gal\/cids2026\/wp-content\/uploads\/2025\/10\/PDF-1-1536x1536.png 1536w, https:\/\/ilg.usc.gal\/cids2026\/wp-content\/uploads\/2025\/10\/PDF-1-470x470.png 470w, https:\/\/ilg.usc.gal\/cids2026\/wp-content\/uploads\/2025\/10\/PDF-1.png 1920w\" sizes=\"auto, (max-width: 1024px) 100vw, 1024px\" \/><\/figure>\n\n\n\n<p><span style=\"color:#8a4358;\"><a href=\"https:\/\/ilg.usc.gal\/cids2026\/wp-content\/uploads\/2025\/10\/Segunda_circular_VIIICIDS-2026-4.pdf\">Segunda circular<\/a><\/span><\/p>\n<\/div>\n","protected":false},"excerpt":{"rendered":"<p>Primeira circular Segunda circular<\/p>\n","protected":false},"author":1,"featured_media":0,"parent":0,"menu_order":0,"comment_status":"closed","ping_status":"closed","template":"","meta":{"footnotes":""},"class_list":["post-96","page","type-page","status-publish","hentry"],"yoast_head":"<!-- This site is optimized with the Yoast SEO plugin v27.4 - https:\/\/yoast.com\/product\/yoast-seo-wordpress\/ -->\n<title>Circulares - VIII CIDS 2026<\/title>\n<meta name=\"robots\" content=\"index, follow, max-snippet:-1, max-image-preview:large, max-video-preview:-1\" \/>\n<link rel=\"canonical\" href=\"https:\/\/ilg.usc.gal\/cids2026\/pt\/circulares-2\/\" \/>\n<meta property=\"og:locale\" content=\"gl_ES\" \/>\n<meta property=\"og:type\" content=\"article\" \/>\n<meta property=\"og:title\" content=\"Circulares - VIII CIDS 2026\" \/>\n<meta property=\"og:description\" content=\"Primeira circular Segunda circular\" \/>\n<meta property=\"og:url\" content=\"https:\/\/ilg.usc.gal\/cids2026\/pt\/circulares-2\/\" \/>\n<meta property=\"og:site_name\" content=\"VIII CIDS 2026\" \/>\n<meta property=\"article:modified_time\" content=\"2025-10-28T16:38:44+00:00\" \/>\n<meta property=\"og:image\" content=\"https:\/\/ilg.usc.gal\/cids2026\/wp-content\/uploads\/2025\/10\/PDF-1.png\" \/>\n\t<meta property=\"og:image:width\" content=\"1920\" \/>\n\t<meta property=\"og:image:height\" content=\"1920\" \/>\n\t<meta property=\"og:image:type\" content=\"image\/png\" \/>\n<meta name=\"twitter:card\" content=\"summary_large_image\" \/>\n<meta name=\"twitter:label1\" content=\"Tempo de lectura\" \/>\n\t<meta name=\"twitter:data1\" content=\"1 minuto\" \/>\n<script type=\"application\/ld+json\" class=\"yoast-schema-graph\">{\"@context\":\"https:\\\/\\\/schema.org\",\"@graph\":[{\"@type\":\"WebPage\",\"@id\":\"https:\\\/\\\/ilg.usc.gal\\\/cids2026\\\/pt\\\/circulares-2\\\/\",\"url\":\"https:\\\/\\\/ilg.usc.gal\\\/cids2026\\\/pt\\\/circulares-2\\\/\",\"name\":\"Circulares - VIII CIDS 2026\",\"isPartOf\":{\"@id\":\"https:\\\/\\\/ilg.usc.gal\\\/cids2026\\\/#website\"},\"primaryImageOfPage\":{\"@id\":\"https:\\\/\\\/ilg.usc.gal\\\/cids2026\\\/pt\\\/circulares-2\\\/#primaryimage\"},\"image\":{\"@id\":\"https:\\\/\\\/ilg.usc.gal\\\/cids2026\\\/pt\\\/circulares-2\\\/#primaryimage\"},\"thumbnailUrl\":\"https:\\\/\\\/ilg.usc.gal\\\/cids2026\\\/wp-content\\\/uploads\\\/2025\\\/10\\\/PDF-1-1024x1024.png\",\"datePublished\":\"2025-10-15T10:25:58+00:00\",\"dateModified\":\"2025-10-28T16:38:44+00:00\",\"breadcrumb\":{\"@id\":\"https:\\\/\\\/ilg.usc.gal\\\/cids2026\\\/pt\\\/circulares-2\\\/#breadcrumb\"},\"inLanguage\":\"gl-ES\",\"potentialAction\":[{\"@type\":\"ReadAction\",\"target\":[\"https:\\\/\\\/ilg.usc.gal\\\/cids2026\\\/pt\\\/circulares-2\\\/\"]}]},{\"@type\":\"ImageObject\",\"inLanguage\":\"gl-ES\",\"@id\":\"https:\\\/\\\/ilg.usc.gal\\\/cids2026\\\/pt\\\/circulares-2\\\/#primaryimage\",\"url\":\"https:\\\/\\\/ilg.usc.gal\\\/cids2026\\\/wp-content\\\/uploads\\\/2025\\\/10\\\/PDF-1.png\",\"contentUrl\":\"https:\\\/\\\/ilg.usc.gal\\\/cids2026\\\/wp-content\\\/uploads\\\/2025\\\/10\\\/PDF-1.png\",\"width\":1920,\"height\":1920},{\"@type\":\"BreadcrumbList\",\"@id\":\"https:\\\/\\\/ilg.usc.gal\\\/cids2026\\\/pt\\\/circulares-2\\\/#breadcrumb\",\"itemListElement\":[{\"@type\":\"ListItem\",\"position\":1,\"name\":\"Inicio\",\"item\":\"https:\\\/\\\/ilg.usc.gal\\\/cids2026\\\/\"},{\"@type\":\"ListItem\",\"position\":2,\"name\":\"Circulares\"}]},{\"@type\":\"WebSite\",\"@id\":\"https:\\\/\\\/ilg.usc.gal\\\/cids2026\\\/#website\",\"url\":\"https:\\\/\\\/ilg.usc.gal\\\/cids2026\\\/\",\"name\":\"VIII CIDS 2026\",\"description\":\"VIII Congreso Internacional de Dialectolox\u00eda e Socioling\u00fc\u00edstica. Cartograf\u00edas da lingua: variaci\u00f3n, contacto e planificaci\u00f3n\",\"publisher\":{\"@id\":\"https:\\\/\\\/ilg.usc.gal\\\/cids2026\\\/#organization\"},\"potentialAction\":[{\"@type\":\"SearchAction\",\"target\":{\"@type\":\"EntryPoint\",\"urlTemplate\":\"https:\\\/\\\/ilg.usc.gal\\\/cids2026\\\/?s={search_term_string}\"},\"query-input\":{\"@type\":\"PropertyValueSpecification\",\"valueRequired\":true,\"valueName\":\"search_term_string\"}}],\"inLanguage\":\"gl-ES\"},{\"@type\":\"Organization\",\"@id\":\"https:\\\/\\\/ilg.usc.gal\\\/cids2026\\\/#organization\",\"name\":\"VIII CIDS 2026\",\"url\":\"https:\\\/\\\/ilg.usc.gal\\\/cids2026\\\/\",\"logo\":{\"@type\":\"ImageObject\",\"inLanguage\":\"gl-ES\",\"@id\":\"https:\\\/\\\/ilg.usc.gal\\\/cids2026\\\/#\\\/schema\\\/logo\\\/image\\\/\",\"url\":\"https:\\\/\\\/ilg.usc.gal\\\/cids2026\\\/wp-content\\\/uploads\\\/2025\\\/10\\\/CIDS2026.png\",\"contentUrl\":\"https:\\\/\\\/ilg.usc.gal\\\/cids2026\\\/wp-content\\\/uploads\\\/2025\\\/10\\\/CIDS2026.png\",\"width\":681,\"height\":100,\"caption\":\"VIII CIDS 2026\"},\"image\":{\"@id\":\"https:\\\/\\\/ilg.usc.gal\\\/cids2026\\\/#\\\/schema\\\/logo\\\/image\\\/\"}}]}<\/script>\n<!-- \/ Yoast SEO plugin. -->","yoast_head_json":{"title":"Circulares - VIII CIDS 2026","robots":{"index":"index","follow":"follow","max-snippet":"max-snippet:-1","max-image-preview":"max-image-preview:large","max-video-preview":"max-video-preview:-1"},"canonical":"https:\/\/ilg.usc.gal\/cids2026\/pt\/circulares-2\/","og_locale":"gl_ES","og_type":"article","og_title":"Circulares - VIII CIDS 2026","og_description":"Primeira circular Segunda circular","og_url":"https:\/\/ilg.usc.gal\/cids2026\/pt\/circulares-2\/","og_site_name":"VIII CIDS 2026","article_modified_time":"2025-10-28T16:38:44+00:00","og_image":[{"width":1920,"height":1920,"url":"https:\/\/ilg.usc.gal\/cids2026\/wp-content\/uploads\/2025\/10\/PDF-1.png","type":"image\/png"}],"twitter_card":"summary_large_image","twitter_misc":{"Tempo de lectura":"1 minuto"},"schema":{"@context":"https:\/\/schema.org","@graph":[{"@type":"WebPage","@id":"https:\/\/ilg.usc.gal\/cids2026\/pt\/circulares-2\/","url":"https:\/\/ilg.usc.gal\/cids2026\/pt\/circulares-2\/","name":"Circulares - VIII CIDS 2026","isPartOf":{"@id":"https:\/\/ilg.usc.gal\/cids2026\/#website"},"primaryImageOfPage":{"@id":"https:\/\/ilg.usc.gal\/cids2026\/pt\/circulares-2\/#primaryimage"},"image":{"@id":"https:\/\/ilg.usc.gal\/cids2026\/pt\/circulares-2\/#primaryimage"},"thumbnailUrl":"https:\/\/ilg.usc.gal\/cids2026\/wp-content\/uploads\/2025\/10\/PDF-1-1024x1024.png","datePublished":"2025-10-15T10:25:58+00:00","dateModified":"2025-10-28T16:38:44+00:00","breadcrumb":{"@id":"https:\/\/ilg.usc.gal\/cids2026\/pt\/circulares-2\/#breadcrumb"},"inLanguage":"gl-ES","potentialAction":[{"@type":"ReadAction","target":["https:\/\/ilg.usc.gal\/cids2026\/pt\/circulares-2\/"]}]},{"@type":"ImageObject","inLanguage":"gl-ES","@id":"https:\/\/ilg.usc.gal\/cids2026\/pt\/circulares-2\/#primaryimage","url":"https:\/\/ilg.usc.gal\/cids2026\/wp-content\/uploads\/2025\/10\/PDF-1.png","contentUrl":"https:\/\/ilg.usc.gal\/cids2026\/wp-content\/uploads\/2025\/10\/PDF-1.png","width":1920,"height":1920},{"@type":"BreadcrumbList","@id":"https:\/\/ilg.usc.gal\/cids2026\/pt\/circulares-2\/#breadcrumb","itemListElement":[{"@type":"ListItem","position":1,"name":"Inicio","item":"https:\/\/ilg.usc.gal\/cids2026\/"},{"@type":"ListItem","position":2,"name":"Circulares"}]},{"@type":"WebSite","@id":"https:\/\/ilg.usc.gal\/cids2026\/#website","url":"https:\/\/ilg.usc.gal\/cids2026\/","name":"VIII CIDS 2026","description":"VIII Congreso Internacional de Dialectolox\u00eda e Socioling\u00fc\u00edstica. Cartograf\u00edas da lingua: variaci\u00f3n, contacto e planificaci\u00f3n","publisher":{"@id":"https:\/\/ilg.usc.gal\/cids2026\/#organization"},"potentialAction":[{"@type":"SearchAction","target":{"@type":"EntryPoint","urlTemplate":"https:\/\/ilg.usc.gal\/cids2026\/?s={search_term_string}"},"query-input":{"@type":"PropertyValueSpecification","valueRequired":true,"valueName":"search_term_string"}}],"inLanguage":"gl-ES"},{"@type":"Organization","@id":"https:\/\/ilg.usc.gal\/cids2026\/#organization","name":"VIII CIDS 2026","url":"https:\/\/ilg.usc.gal\/cids2026\/","logo":{"@type":"ImageObject","inLanguage":"gl-ES","@id":"https:\/\/ilg.usc.gal\/cids2026\/#\/schema\/logo\/image\/","url":"https:\/\/ilg.usc.gal\/cids2026\/wp-content\/uploads\/2025\/10\/CIDS2026.png","contentUrl":"https:\/\/ilg.usc.gal\/cids2026\/wp-content\/uploads\/2025\/10\/CIDS2026.png","width":681,"height":100,"caption":"VIII CIDS 2026"},"image":{"@id":"https:\/\/ilg.usc.gal\/cids2026\/#\/schema\/logo\/image\/"}}]}},"_links":{"self":[{"href":"https:\/\/ilg.usc.gal\/cids2026\/wp-json\/wp\/v2\/pages\/96","targetHints":{"allow":["GET"]}}],"collection":[{"href":"https:\/\/ilg.usc.gal\/cids2026\/wp-json\/wp\/v2\/pages"}],"about":[{"href":"https:\/\/ilg.usc.gal\/cids2026\/wp-json\/wp\/v2\/types\/page"}],"author":[{"embeddable":true,"href":"https:\/\/ilg.usc.gal\/cids2026\/wp-json\/wp\/v2\/users\/1"}],"replies":[{"embeddable":true,"href":"https:\/\/ilg.usc.gal\/cids2026\/wp-json\/wp\/v2\/comments?post=96"}],"version-history":[{"count":2,"href":"https:\/\/ilg.usc.gal\/cids2026\/wp-json\/wp\/v2\/pages\/96\/revisions"}],"predecessor-version":[{"id":437,"href":"https:\/\/ilg.usc.gal\/cids2026\/wp-json\/wp\/v2\/pages\/96\/revisions\/437"}],"wp:attachment":[{"href":"https:\/\/ilg.usc.gal\/cids2026\/wp-json\/wp\/v2\/media?parent=96"}],"curies":[{"name":"wp","href":"https:\/\/api.w.org\/{rel}","templated":true}]}}