{"id":117,"date":"2017-12-04T13:57:06","date_gmt":"2017-12-04T12:57:06","guid":{"rendered":"http:\/\/172.24.96.12\/PaLeGa\/?page_id=117"},"modified":"2026-02-05T02:12:45","modified_gmt":"2026-02-05T01:12:45","slug":"cadernos-de-traballo","status":"publish","type":"page","link":"https:\/\/ilg.usc.gal\/palega\/?page_id=117","title":{"rendered":"Documentos de traballo"},"content":{"rendered":"<p style=\"text-align: justify;\">Nesta secci\u00f3n p\u00f3dense descargar a gu\u00eda con indicaci\u00f3ns para a recollida dos datos, os cadernos de traballo, as imaxes que os acompa\u00f1an, para a s\u00faa visualizaci\u00f3n desde dispositivos electr\u00f3nicos, e as follas de c\u00e1lculo onde se rexistrar\u00e1 o l\u00e9xico recollido.<br \/>\nOs cadernos de traballo conte\u00f1en unha serie de preguntas para a realizaci\u00f3n das entrevistas e, cando se considerou necesario, imaxes de apoio. Os cuestionarios non son pechados, isto \u00e9, poderanse inclu\u00edr novas preguntas ou exclu\u00edr\/modificar algunhas das existentes.<br \/>\nUnha vez realizadas as entrevistas, os datos obtidos volcaranse nas follas de c\u00e1lculo dispo\u00f1ibilizadas. Na primeira p\u00e1xina da folla introduciranse os datos do centro e nas p\u00e1xinas seguintes, creadas en relaci\u00f3n con cada unha das preguntas dos cadernos de traballo, o l\u00e9xico recollido. Cada denominaci\u00f3n ten que levar asociada unha categor\u00eda, a s\u00faa definici\u00f3n e a indicaci\u00f3n do lugar e do concello onde se rexistrou. \u00c9 imprescindible especificar o concello para poder xeolocalizar o l\u00e9xico na aplicaci\u00f3n do proxecto GEOARPAD, onde se integra o programa <em>Lingua, patrimonio e co\u00f1ecemento tradicional<\/em>. No campo observaci\u00f3ns poderanse inclu\u00edr comentarios dos e das informantes sobre diferenzas de significado, usos, refr\u00e1ns, adivi\u00f1as, crenzas etc., as\u00ed como comentarios da persoa responsable da enquisa.<\/p>\n<p><strong>Gu\u00eda de traballo<\/strong><\/p>\n<p style=\"text-align: justify;\">Nesta gu\u00eda ofr\u00e9cense instruci\u00f3ns, recomendaci\u00f3ns e consellos para a realizaci\u00f3n das entrevistas e rexistro do l\u00e9xico, polo que debe procederse \u00e1 s\u00faa lectura antes de iniciar o proceso de recolla.<\/p>\n<p>Gu\u00eda de traballo (<a href=\"https:\/\/ilg.usc.gal\/palega\/wp-content\/uploads\/2026\/02\/Guia_de_traballo_PaLeGa.pdf\">PDF<\/a>)<\/p>\n<hr \/>\n<p><strong>Descarga dos materiais de traballo<\/strong><\/p>\n<h5>a apicultura<\/h5>\n<p><em>A todos lles gusta o mel, e a min tam\u00e9n.<\/em><\/p>\n<figure id=\"attachment_874\" aria-describedby=\"caption-attachment-874\" style=\"width: 300px\" class=\"wp-caption alignleft\"><a style=\"font-weight: bold; font-size: 0.8125rem; font-style: italic;\" href=\"https:\/\/ilg.usc.gal\/palega\/wp-content\/uploads\/2026\/01\/Alvariza.png\"><img loading=\"lazy\" decoding=\"async\" class=\"wp-image-874 size-medium\" src=\"https:\/\/ilg.usc.gal\/palega\/wp-content\/uploads\/2026\/01\/Alvariza-300x178.png\" alt=\"\" width=\"300\" height=\"178\" srcset=\"https:\/\/ilg.usc.gal\/palega\/wp-content\/uploads\/2026\/01\/Alvariza-300x178.png 300w, https:\/\/ilg.usc.gal\/palega\/wp-content\/uploads\/2026\/01\/Alvariza.png 513w\" sizes=\"auto, (max-width: 300px) 100vw, 300px\" \/><\/a><figcaption id=\"caption-attachment-874\" class=\"wp-caption-text\">Alvariza en Seceda (O Courel)<\/figcaption><\/figure>\n<pre>Caderno de enquisa (<a href=\"https:\/\/ilg.usc.gal\/palega\/wp-content\/uploads\/2026\/01\/Cuestionario_apicultura.pdf\">PDF<\/a>)\nFollas para os datos (<a href=\"https:\/\/ilg.usc.gal\/palega\/wp-content\/uploads\/2026\/02\/Datos_apicultura.xlsx\">Excel<\/a> ou <a href=\"https:\/\/ilg.usc.gal\/palega\/wp-content\/uploads\/2026\/02\/Datos_apicultura.ods\">OpenDocument<\/a>)\nImaxes\u00a0(zip)<\/pre>\n<h5>a madeira e a carpinter\u00eda<\/h5>\n<p><em><i>Aprend\u00edn a carpinteiro<br \/>\nna vila de Guimar\u00e1ns.<br \/>\nFago cangallas para os porcos<br \/>\ne tarambollos para os cans. <\/i><\/em><\/p>\n<figure id=\"attachment_631\" aria-describedby=\"caption-attachment-631\" style=\"width: 300px\" class=\"wp-caption alignleft\"><a href=\"https:\/\/ilg.usc.gal\/PaLeGa\/wp-content\/uploads\/2018\/11\/ebanista.jpg\"><img loading=\"lazy\" decoding=\"async\" class=\"wp-image-631 size-medium\" src=\"https:\/\/ilg.usc.gal\/PaLeGa\/wp-content\/uploads\/2018\/11\/ebanista-300x200.jpg\" alt=\"\" width=\"300\" height=\"200\" srcset=\"https:\/\/ilg.usc.gal\/palega\/wp-content\/uploads\/2018\/11\/ebanista-300x200.jpg 300w, https:\/\/ilg.usc.gal\/palega\/wp-content\/uploads\/2018\/11\/ebanista.jpg 599w\" sizes=\"auto, (max-width: 300px) 100vw, 300px\" \/><\/a><figcaption id=\"caption-attachment-631\" class=\"wp-caption-text\">Ebanista traballando<\/figcaption><\/figure>\n<pre>Caderno de enquisa (<a href=\"https:\/\/ilg.usc.gal\/palega\/wp-content\/uploads\/2026\/01\/Cuestionario_madeira_def.pdf\">PDF<\/a>)\nFollas para os datos (Excel ou OpenDocument)\nImaxes (zip)<\/pre>\n<h5>o\u00a0 mar<\/h5>\n<p><em>Mar de andazo, non che faltar\u00e1 argazo.<\/em><\/p>\n<figure id=\"attachment_380\" aria-describedby=\"caption-attachment-380\" style=\"width: 207px\" class=\"wp-caption alignleft\"><a href=\"https:\/\/ilg.usc.gal\/PaLeGa\/wp-content\/uploads\/2017\/12\/algas.jpg\"><img loading=\"lazy\" decoding=\"async\" class=\"wp-image-380 size-medium\" src=\"https:\/\/ilg.usc.gal\/PaLeGa\/wp-content\/uploads\/2017\/12\/algas-207x300.jpg\" alt=\"Mulleres transportando algas\" width=\"207\" height=\"300\" srcset=\"https:\/\/ilg.usc.gal\/palega\/wp-content\/uploads\/2017\/12\/algas-207x300.jpg 207w, https:\/\/ilg.usc.gal\/palega\/wp-content\/uploads\/2017\/12\/algas-768x1114.jpg 768w, https:\/\/ilg.usc.gal\/palega\/wp-content\/uploads\/2017\/12\/algas-706x1024.jpg 706w, https:\/\/ilg.usc.gal\/palega\/wp-content\/uploads\/2017\/12\/algas.jpg 1009w\" sizes=\"auto, (max-width: 207px) 100vw, 207px\" \/><\/a><figcaption id=\"caption-attachment-380\" class=\"wp-caption-text\">Mulleres a transportar algas<\/figcaption><\/figure>\n<pre>Caderno de enquisa (<a href=\"https:\/\/ilg.usc.gal\/palega\/wp-content\/uploads\/2026\/01\/Cuestionario_mar.pdf\">PDF<\/a>)\nFollas para os datos (Excel ou OpenDocument)\nImaxes\u00a0(zip)\n<\/pre>\n<h5>as medidas<\/h5>\n<p><em>A derradeira medida sempre foi mala de encher.<\/em><\/p>\n<figure id=\"attachment_683\" aria-describedby=\"caption-attachment-683\" style=\"width: 249px\" class=\"wp-caption alignleft\"><a href=\"https:\/\/ilg.usc.gal\/PaLeGa\/wp-content\/uploads\/2019\/06\/Medidas_Museo-do-Pobo-Galego.png\"><img loading=\"lazy\" decoding=\"async\" class=\"wp-image-683 size-medium\" src=\"https:\/\/ilg.usc.gal\/PaLeGa\/wp-content\/uploads\/2019\/06\/Medidas_Museo-do-Pobo-Galego-249x300.png\" alt=\"\" width=\"249\" height=\"300\" srcset=\"https:\/\/ilg.usc.gal\/palega\/wp-content\/uploads\/2019\/06\/Medidas_Museo-do-Pobo-Galego-249x300.png 249w, https:\/\/ilg.usc.gal\/palega\/wp-content\/uploads\/2019\/06\/Medidas_Museo-do-Pobo-Galego.png 283w\" sizes=\"auto, (max-width: 249px) 100vw, 249px\" \/><\/a><figcaption id=\"caption-attachment-683\" class=\"wp-caption-text\">Distintos tipos de medidas no Museo do Pobo Galego<\/figcaption><\/figure>\n<pre>Caderno de enquisa (<a href=\"https:\/\/ilg.usc.gal\/palega\/wp-content\/uploads\/2026\/02\/Cuestionario_medidas.pdf\">PDF<\/a>)\nFollas para os datos (Excel ou OpenDocument)\nImaxes (zip)<\/pre>\n<h5>o mu\u00ed\u00f1o<\/h5>\n<p><em>Con quen ten mu\u00ed\u00f1o que coidar, non te po\u00f1as a enredar<\/em>.<\/p>\n<figure id=\"attachment_689\" aria-describedby=\"caption-attachment-689\" style=\"width: 300px\" class=\"wp-caption alignleft\"><img loading=\"lazy\" decoding=\"async\" class=\"wp-image-689 size-medium\" src=\"https:\/\/ilg.usc.gal\/PaLeGa\/wp-content\/uploads\/2019\/06\/Mui\u00f1o_mareas-300x176.png\" alt=\"\" width=\"300\" height=\"176\" srcset=\"https:\/\/ilg.usc.gal\/palega\/wp-content\/uploads\/2019\/06\/Mui\u00f1o_mareas-300x176.png 300w, https:\/\/ilg.usc.gal\/palega\/wp-content\/uploads\/2019\/06\/Mui\u00f1o_mareas.png 711w\" sizes=\"auto, (max-width: 300px) 100vw, 300px\" \/><figcaption id=\"caption-attachment-689\" class=\"wp-caption-text\">Mu\u00ed\u00f1o de mareas de Senra (Ortigueira)<\/figcaption><\/figure>\n<pre>Caderno de enquisa (<a href=\"https:\/\/ilg.usc.gal\/palega\/wp-content\/uploads\/2026\/02\/Cuestionario_muino.pdf\">PDF<\/a>)\nFollas para os datos (Excel ou OpenDocument)\nImaxes (zip)<\/pre>\n<h5>o pan<\/h5>\n<p><em>Ara ben e fondo e coller\u00e1s pan dabondo.<\/em><\/p>\n<figure id=\"attachment_502\" aria-describedby=\"caption-attachment-502\" style=\"width: 300px\" class=\"wp-caption alignleft\"><a href=\"https:\/\/ilg.usc.gal\/palega\/wp-content\/uploads\/2018\/01\/Forno_comunal.png\"><img loading=\"lazy\" decoding=\"async\" class=\"size-medium wp-image-502\" src=\"https:\/\/ilg.usc.gal\/palega\/wp-content\/uploads\/2018\/01\/Forno_comunal-300x197.png\" alt=\"\" width=\"300\" height=\"197\" srcset=\"https:\/\/ilg.usc.gal\/palega\/wp-content\/uploads\/2018\/01\/Forno_comunal-300x197.png 300w, https:\/\/ilg.usc.gal\/palega\/wp-content\/uploads\/2018\/01\/Forno_comunal.png 700w\" sizes=\"auto, (max-width: 300px) 100vw, 300px\" \/><\/a><figcaption id=\"caption-attachment-502\" class=\"wp-caption-text\">Pan xa cocido nun forno comunal<\/figcaption><\/figure>\n<pre>Caderno de enquisa (<a href=\"https:\/\/ilg.usc.gal\/palega\/wp-content\/uploads\/2026\/02\/Cuestionario_pan-1.pdf\">PDF<\/a>)\nFollas para os datos (Excel ou OpenDocument)\nImaxes (<a href=\"http:\/\/ilg.usc.gal\/PaLeGa\/wp-content\/uploads\/2018\/01\/O-pan.7z\">zip<\/a>)<\/pre>\n<h5>o porco e os embutidos<\/h5>\n<p><em>\u00d3 matar o porco, praceres e xogos; \u00f3 comer as morcillas, trouladas e risas; e \u00f3 pagar o porco, pesares e choros<\/em>.<i><\/i><\/p>\n<figure id=\"attachment_490\" aria-describedby=\"caption-attachment-490\" style=\"width: 300px\" class=\"wp-caption alignleft\"><a href=\"http:\/\/ilg.usc.gal\/PaLeGa\/wp-content\/uploads\/2018\/01\/Entroido_chourizos.jpg\"><img loading=\"lazy\" decoding=\"async\" class=\"wp-image-490 size-medium\" src=\"http:\/\/ilg.usc.gal\/PaLeGa\/wp-content\/uploads\/2018\/01\/Entroido_chourizos-300x225.jpg\" alt=\"\" width=\"300\" height=\"225\" srcset=\"https:\/\/ilg.usc.gal\/palega\/wp-content\/uploads\/2018\/01\/Entroido_chourizos-300x225.jpg 300w, https:\/\/ilg.usc.gal\/palega\/wp-content\/uploads\/2018\/01\/Entroido_chourizos.jpg 604w\" sizes=\"auto, (max-width: 300px) 100vw, 300px\" \/><\/a><figcaption id=\"caption-attachment-490\" class=\"wp-caption-text\">Felos de Maceda (Ourense)<\/figcaption><\/figure>\n<pre>Caderno de enquisa (<a href=\"https:\/\/ilg.usc.gal\/palega\/wp-content\/uploads\/2026\/02\/Cuestionario_porco_embutidos.pdf\">PDF<\/a>)\nFollas para os datos (Excel ou OpenDocument)\nImaxes (<a href=\"http:\/\/ilg.usc.gal\/PaLeGa\/wp-content\/uploads\/2018\/01\/O-porco-e-os-embutidos.zip\">zip<\/a>)<\/pre>\n<h5>A sega e a malla<\/h5>\n<p><i>Xeitura pra segar e agosto pra mallar, trinta e un han de levar.<\/i><\/p>\n<figure id=\"attachment_880\" aria-describedby=\"caption-attachment-880\" style=\"width: 300px\" class=\"wp-caption alignleft\"><a href=\"https:\/\/ilg.usc.gal\/palega\/wp-content\/uploads\/2026\/01\/Palleiros_cuestionario.png\"><img loading=\"lazy\" decoding=\"async\" class=\"wp-image-880 size-medium\" src=\"https:\/\/ilg.usc.gal\/palega\/wp-content\/uploads\/2026\/01\/Palleiros_cuestionario-300x197.png\" alt=\"\" width=\"300\" height=\"197\" srcset=\"https:\/\/ilg.usc.gal\/palega\/wp-content\/uploads\/2026\/01\/Palleiros_cuestionario-300x197.png 300w, https:\/\/ilg.usc.gal\/palega\/wp-content\/uploads\/2026\/01\/Palleiros_cuestionario-768x505.png 768w, https:\/\/ilg.usc.gal\/palega\/wp-content\/uploads\/2026\/01\/Palleiros_cuestionario.png 931w\" sizes=\"auto, (max-width: 300px) 100vw, 300px\" \/><\/a><figcaption id=\"caption-attachment-880\" class=\"wp-caption-text\">Imaxe do Atlas Ling\u00fc\u00edstico Galego<\/figcaption><\/figure>\n<pre>Caderno de enquisa (<a href=\"https:\/\/ilg.usc.gal\/palega\/wp-content\/uploads\/2026\/01\/Cuestionario_sega_malla_final.pdf\">PDF<\/a>) \nFollas para os datos (Excel ou OpenDocument) \nImaxes (<a href=\"https:\/\/ilg.usc.gal\/palega\/wp-content\/uploads\/2018\/03\/Os_tecidos_e_a_costura-1.zip\">zip<\/a>)<\/pre>\n<h5>os tecidos e a costura<\/h5>\n<p><em>Costureira sen dedal cose ben e apreta mal<\/em>.<\/p>\n<figure id=\"attachment_521\" aria-describedby=\"caption-attachment-521\" style=\"width: 146px\" class=\"wp-caption alignleft\"><a href=\"https:\/\/ilg.usc.gal\/PaLeGa\/wp-content\/uploads\/2018\/03\/costureira-isaac_diaz_pardo.jpg\"><img loading=\"lazy\" decoding=\"async\" class=\"wp-image-521 size-medium\" src=\"https:\/\/ilg.usc.gal\/PaLeGa\/wp-content\/uploads\/2018\/03\/costureira-isaac_diaz_pardo-146x300.jpg\" alt=\"\" width=\"146\" height=\"300\" srcset=\"https:\/\/ilg.usc.gal\/palega\/wp-content\/uploads\/2018\/03\/costureira-isaac_diaz_pardo-146x300.jpg 146w, https:\/\/ilg.usc.gal\/palega\/wp-content\/uploads\/2018\/03\/costureira-isaac_diaz_pardo.jpg 287w\" sizes=\"auto, (max-width: 146px) 100vw, 146px\" \/><\/a><figcaption id=\"caption-attachment-521\" class=\"wp-caption-text\">Costureira de Isaac D\u00edaz Pardo<\/figcaption><\/figure>\n<pre>Caderno de enquisa (<a href=\"https:\/\/ilg.usc.gal\/palega\/wp-content\/uploads\/2026\/02\/Cuestionario_tecidos_costura.pdf\">PDF<\/a>)\nFollas para os datos (Excel ou OpenDocument)\nImaxes (<a href=\"https:\/\/ilg.usc.gal\/palega\/wp-content\/uploads\/2018\/03\/Os_tecidos_e_a_costura-1.zip\">zip<\/a>)<\/pre>\n<h5>o vi\u00f1o e a vendima<\/h5>\n<p><em>Mentres auga te\u00f1a o Mi\u00f1o, no Ribeiro non falta o vi\u00f1o<\/em>.<\/p>\n<p><a href=\"https:\/\/ilg.usc.gal\/palega\/wp-content\/uploads\/2017\/12\/Vendima.jpg\"><img loading=\"lazy\" decoding=\"async\" class=\"size-full wp-image-383 alignleft\" src=\"https:\/\/ilg.usc.gal\/palega\/wp-content\/uploads\/2017\/12\/Vendima.jpg\" alt=\"\" width=\"236\" height=\"241\" \/><\/a><\/p>\n<pre>Caderno de enquisa (<a href=\"https:\/\/ilg.usc.gal\/palega\/wp-content\/uploads\/2026\/02\/Cuestionario_vino_vendima.pdf\">PDF<\/a>)\nFollas para os datos (Excel ou OpenDocument)\nImaxes (zip)<\/pre>\n<h5><\/h5>\n<h5>os Xogos e os xoguetes<\/h5>\n<p><em>Polo San Marti\u00f1o, trompos \u00f3 cami\u00f1o.<br \/>\n<\/em><\/p>\n<figure id=\"attachment_404\" aria-describedby=\"caption-attachment-404\" style=\"width: 300px\" class=\"wp-caption alignleft\"><a href=\"https:\/\/ilg.usc.gal\/PaLeGa\/wp-content\/uploads\/2017\/12\/trompo-habilidades-levantalococordel.jpg\"><img loading=\"lazy\" decoding=\"async\" class=\"wp-image-404 size-medium\" src=\"https:\/\/ilg.usc.gal\/PaLeGa\/wp-content\/uploads\/2017\/12\/trompo-habilidades-levantalococordel-300x200.jpg\" alt=\"\" width=\"300\" height=\"200\" srcset=\"https:\/\/ilg.usc.gal\/palega\/wp-content\/uploads\/2017\/12\/trompo-habilidades-levantalococordel-300x200.jpg 300w, https:\/\/ilg.usc.gal\/palega\/wp-content\/uploads\/2017\/12\/trompo-habilidades-levantalococordel.jpg 743w\" sizes=\"auto, (max-width: 300px) 100vw, 300px\" \/><\/a><figcaption id=\"caption-attachment-404\" class=\"wp-caption-text\">Xogo do trompo<\/figcaption><\/figure>\n<pre>Caderno de enquisa (<a href=\"https:\/\/ilg.usc.gal\/palega\/wp-content\/uploads\/2026\/02\/Caderno_xogos_tradicionais.pdf\">PDF<\/a>)\nFollas para os datos (Excel ou OpenDocument)\nImaxes (zip)\n<\/pre>\n","protected":false},"excerpt":{"rendered":"<p>Nesta secci\u00f3n p\u00f3dense descargar a gu\u00eda con indicaci\u00f3ns para a recollida dos datos, os cadernos de traballo, as imaxes que os acompa\u00f1an, para a s\u00faa visualizaci\u00f3n desde dispositivos electr\u00f3nicos, e as follas de c\u00e1lculo onde se rexistrar\u00e1 o l\u00e9xico recollido. Os cadernos de traballo conte\u00f1en unha serie de preguntas para a realizaci\u00f3n das entrevistas e, &hellip; <\/p>\n<p class=\"link-more\"><a href=\"https:\/\/ilg.usc.gal\/palega\/?page_id=117\" class=\"more-link\">Continuar lendo<span class=\"screen-reader-text\"> &#8220;Documentos de traballo&#8221;<\/span><\/a><\/p>\n","protected":false},"author":1,"featured_media":0,"parent":0,"menu_order":0,"comment_status":"closed","ping_status":"closed","template":"","meta":{"footnotes":""},"class_list":["post-117","page","type-page","status-publish","hentry"],"_links":{"self":[{"href":"https:\/\/ilg.usc.gal\/palega\/index.php?rest_route=\/wp\/v2\/pages\/117","targetHints":{"allow":["GET"]}}],"collection":[{"href":"https:\/\/ilg.usc.gal\/palega\/index.php?rest_route=\/wp\/v2\/pages"}],"about":[{"href":"https:\/\/ilg.usc.gal\/palega\/index.php?rest_route=\/wp\/v2\/types\/page"}],"author":[{"embeddable":true,"href":"https:\/\/ilg.usc.gal\/palega\/index.php?rest_route=\/wp\/v2\/users\/1"}],"replies":[{"embeddable":true,"href":"https:\/\/ilg.usc.gal\/palega\/index.php?rest_route=%2Fwp%2Fv2%2Fcomments&post=117"}],"version-history":[{"count":128,"href":"https:\/\/ilg.usc.gal\/palega\/index.php?rest_route=\/wp\/v2\/pages\/117\/revisions"}],"predecessor-version":[{"id":986,"href":"https:\/\/ilg.usc.gal\/palega\/index.php?rest_route=\/wp\/v2\/pages\/117\/revisions\/986"}],"wp:attachment":[{"href":"https:\/\/ilg.usc.gal\/palega\/index.php?rest_route=%2Fwp%2Fv2%2Fmedia&parent=117"}],"curies":[{"name":"wp","href":"https:\/\/api.w.org\/{rel}","templated":true}]}}